{"id":500,"date":"2018-08-28T22:31:20","date_gmt":"2018-08-28T22:31:20","guid":{"rendered":"http:\/\/nashvilleschool.edu.hn\/wpnst\/?page_id=500"},"modified":"2018-10-17T18:27:06","modified_gmt":"2018-10-17T18:27:06","slug":"departamento-de-deportes","status":"publish","type":"page","link":"https:\/\/nashvilleschool.edu.hn\/wpnst\/departamento-de-deportes\/","title":{"rendered":"Deportes"},"content":{"rendered":"\t\t<div data-elementor-type=\"wp-page\" data-elementor-id=\"500\" class=\"elementor elementor-500 elementor-bc-flex-widget\">\n\t\t\t\t\t\t<section class=\"elementor-section elementor-top-section elementor-element elementor-element-514269a elementor-section-boxed elementor-section-height-default elementor-section-height-default\" data-id=\"514269a\" data-element_type=\"section\">\n\t\t\t\t\t\t<div class=\"elementor-container elementor-column-gap-default\">\n\t\t\t\t\t<div class=\"elementor-column elementor-col-33 elementor-top-column elementor-element elementor-element-7639f86\" data-id=\"7639f86\" data-element_type=\"column\">\n\t\t\t<div class=\"elementor-widget-wrap elementor-element-populated\">\n\t\t\t\t\t\t<div class=\"elementor-element elementor-element-458006f elementor-widget elementor-widget-image\" data-id=\"458006f\" data-element_type=\"widget\" data-widget_type=\"image.default\">\n\t\t\t\t<div class=\"elementor-widget-container\">\n\t\t\t\t\t\t\t\t\t\t\t\t\t\t\t<img fetchpriority=\"high\" decoding=\"async\" width=\"1024\" height=\"1024\" src=\"https:\/\/nashvilleschool.edu.hn\/wpnst\/wp-content\/uploads\/2018\/08\/ICONO-FOLDERS-08-1024x1024.jpg\" class=\"attachment-large size-large wp-image-434\" alt=\"\" srcset=\"https:\/\/nashvilleschool.edu.hn\/wpnst\/wp-content\/uploads\/2018\/08\/ICONO-FOLDERS-08-1024x1024.jpg 1024w, https:\/\/nashvilleschool.edu.hn\/wpnst\/wp-content\/uploads\/2018\/08\/ICONO-FOLDERS-08-150x150.jpg 150w, https:\/\/nashvilleschool.edu.hn\/wpnst\/wp-content\/uploads\/2018\/08\/ICONO-FOLDERS-08-300x300.jpg 300w, https:\/\/nashvilleschool.edu.hn\/wpnst\/wp-content\/uploads\/2018\/08\/ICONO-FOLDERS-08-768x768.jpg 768w, https:\/\/nashvilleschool.edu.hn\/wpnst\/wp-content\/uploads\/2018\/08\/ICONO-FOLDERS-08-830x830.jpg 830w, https:\/\/nashvilleschool.edu.hn\/wpnst\/wp-content\/uploads\/2018\/08\/ICONO-FOLDERS-08-230x230.jpg 230w, https:\/\/nashvilleschool.edu.hn\/wpnst\/wp-content\/uploads\/2018\/08\/ICONO-FOLDERS-08-350x350.jpg 350w, https:\/\/nashvilleschool.edu.hn\/wpnst\/wp-content\/uploads\/2018\/08\/ICONO-FOLDERS-08-480x480.jpg 480w, https:\/\/nashvilleschool.edu.hn\/wpnst\/wp-content\/uploads\/2018\/08\/ICONO-FOLDERS-08.jpg 1200w\" sizes=\"(max-width: 1024px) 100vw, 1024px\" \/>\t\t\t\t\t\t\t\t\t\t\t\t\t\t\t<\/div>\n\t\t\t\t<\/div>\n\t\t\t\t\t<\/div>\n\t\t<\/div>\n\t\t\t\t<div class=\"elementor-column elementor-col-66 elementor-top-column elementor-element elementor-element-0a95ef0\" data-id=\"0a95ef0\" data-element_type=\"column\">\n\t\t\t<div class=\"elementor-widget-wrap elementor-element-populated\">\n\t\t\t\t\t\t<div class=\"elementor-element elementor-element-a9b3791 elementor-widget elementor-widget-text-editor\" data-id=\"a9b3791\" data-element_type=\"widget\" data-widget_type=\"text-editor.default\">\n\t\t\t\t<div class=\"elementor-widget-container\">\n\t\t\t\t\t\t\t\t\t<p style=\"text-align: justify;\"><strong>Estimados Padres de Familia:<\/strong><\/p>\n<p style=\"text-align: justify;\">Reciban un cordial saludo de parte de todos los docentes que forman parte del \u00e1rea de deportes.<\/p>\n<p style=\"text-align: justify;\">Mi nombre es <strong>Jos\u00e9 Danery Berrios Rodr\u00edguez<\/strong>, graduado de la Universidad Nacional Aut\u00f3noma de Honduras (UNAH) con el grado de Licenciatura en Educaci\u00f3n F\u00edsica con Orientaci\u00f3n en Docencia, contando tambi\u00e9n con un Diplomado en Medicina Deportiva y con el nivel I de entrenador. Imparto\u00a0 clases a nivel de <strong>Secundaria 7A, 8A, 8B, 8C, 9A, 9B, 10C, 11A, 11B Y 11C<\/strong>, coordino y planifico todas las actividades f\u00edsico-deportivas y recreativas de Nashville School.<\/p>\n<p style=\"text-align: justify;\"><strong>El Departamento de Deportes est\u00e1 conformado por:<\/strong><\/p>\n<p style=\"text-align: justify;\"><strong>Nancy Josefa S\u00e1nchez Rico<\/strong>, graduada de la Universidad Nacional Aut\u00f3noma de Honduras (UNAH) con el grado de Licenciatura en Educaci\u00f3n F\u00edsica con Orientaci\u00f3n en Docencia, asignada a impartir clases a toda el \u00e1rea de <strong>Pre-Escolar Y Primer Grado.<\/strong><\/p>\n<p style=\"text-align: justify;\"><strong>Melvin Josu\u00e9 Andino Osorio<\/strong>, graduado de la Universidad Nacional Aut\u00f3noma de Honduras (UNAH) con el grado de Licenciatura en Educaci\u00f3n F\u00edsica con Orientaci\u00f3n en Docencia, asignado a impartir clases en el \u00e1rea de <strong>Primaria 2C, 2D, 3C, 4A, 4B<\/strong>, <strong>5A, 5B, 5C, 6B, 6C Y 6D<\/strong>.<\/p>\n<p style=\"text-align: justify;\"><strong>Erick Sa\u00fal Ordo\u00f1ez Meza<\/strong>, graduado de la Universidad Pedag\u00f3gica Nacional Fr\u00e1ncico\u00a0 Moraz\u00e1n (UPNFM) con el grado de Licenciatura en Educaci\u00f3n F\u00edsica con Orientaci\u00f3n en Docencia, asignado a impartir clases en el \u00e1rea de <strong>Primaria 2A, 2B<\/strong>, <strong>3A, 3B, 3D, 4C Y 6A<\/strong> tambi\u00e9n imparte clase\u00a0 en el \u00e1rea de <strong>Secundaria 7B, 7C, 10A<\/strong> <strong>Y 10B.<\/strong><\/p>\n<p style=\"text-align: justify;\"><\/p>\n<p style=\"text-align: justify;\">Somos responsables de una de las \u00e1reas m\u00e1s importantes de nuestra instituci\u00f3n, ya que las actividades f\u00edsico-deportivas y recreativas, es considerada en el siglo XXI como universal cultural. La pr\u00e1ctica de alguna de sus manifestaciones, como es el caso de las actividades f\u00edsico-deportivas y recreativas escolar, aparece por lo general asociado a valores y actitudes como la cooperaci\u00f3n, el dialogo, el respeto, la responsabilidad, la sinceridad o la creatividad. Esto es argumento suficiente para que la pr\u00e1ctica deportiva goce de presencia destacable en muchas de las actividades f\u00edsico-deportivas y recreativas que se desarrollan en Nashville School, con el objetivo de contribuir al proceso educativo de sus hijos.<\/p>\n<p style=\"text-align: justify;\">A trav\u00e9s de la pr\u00e1ctica f\u00edsico-deportiva y recreativa, tenemos la posibilidad de reproducir impl\u00edcitamente valores de la sociedad en la que vivimos, por ejemplo podemos promover una educaci\u00f3n de la conciencia colectiva, la participaci\u00f3n y la convivencia pac\u00edfica. Pero adem\u00e1s, otra de las posibilidades educativas del deporte, es el desarrollo e interiorizaci\u00f3n de h\u00e1bitos saludables e higi\u00e9nicos o h\u00e1bitos de relaci\u00f3n social.<\/p>\n<p style=\"text-align: justify;\">Gracias a todos \u00a0padres de familia por confiar y permitir que seamos los educadores de sus hijos(as).<\/p>\t\t\t\t\t\t\t\t<\/div>\n\t\t\t\t<\/div>\n\t\t\t\t\t<\/div>\n\t\t<\/div>\n\t\t\t\t\t<\/div>\n\t\t<\/section>\n\t\t\t\t<\/div>\n\t\t","protected":false},"excerpt":{"rendered":"<p>Estimados Padres de Familia: Reciban un cordial saludo de parte de todos los docentes que forman parte del \u00e1rea de deportes. Mi [&hellip;]<\/p>\n","protected":false},"author":1,"featured_media":0,"parent":0,"menu_order":0,"comment_status":"closed","ping_status":"closed","template":"","meta":{"footnotes":""},"class_list":["post-500","page","type-page","status-publish","hentry"],"_links":{"self":[{"href":"https:\/\/nashvilleschool.edu.hn\/wpnst\/wp-json\/wp\/v2\/pages\/500","targetHints":{"allow":["GET"]}}],"collection":[{"href":"https:\/\/nashvilleschool.edu.hn\/wpnst\/wp-json\/wp\/v2\/pages"}],"about":[{"href":"https:\/\/nashvilleschool.edu.hn\/wpnst\/wp-json\/wp\/v2\/types\/page"}],"author":[{"embeddable":true,"href":"https:\/\/nashvilleschool.edu.hn\/wpnst\/wp-json\/wp\/v2\/users\/1"}],"replies":[{"embeddable":true,"href":"https:\/\/nashvilleschool.edu.hn\/wpnst\/wp-json\/wp\/v2\/comments?post=500"}],"version-history":[{"count":4,"href":"https:\/\/nashvilleschool.edu.hn\/wpnst\/wp-json\/wp\/v2\/pages\/500\/revisions"}],"predecessor-version":[{"id":690,"href":"https:\/\/nashvilleschool.edu.hn\/wpnst\/wp-json\/wp\/v2\/pages\/500\/revisions\/690"}],"wp:attachment":[{"href":"https:\/\/nashvilleschool.edu.hn\/wpnst\/wp-json\/wp\/v2\/media?parent=500"}],"curies":[{"name":"wp","href":"https:\/\/api.w.org\/{rel}","templated":true}]}}