{"id":48,"date":"2018-07-10T20:06:53","date_gmt":"2018-07-10T20:06:53","guid":{"rendered":"http:\/\/localhost\/wordpress\/?page_id=48"},"modified":"2022-05-26T02:11:39","modified_gmt":"2022-05-26T02:11:39","slug":"carta-de-bienvenida","status":"publish","type":"page","link":"https:\/\/nashvilleschool.edu.hn\/wpnst\/carta-de-bienvenida\/","title":{"rendered":"Carta de Bienvenida"},"content":{"rendered":"\t\t<div data-elementor-type=\"wp-post\" data-elementor-id=\"48\" class=\"elementor elementor-48\">\n\t\t\t\t\t\t<section class=\"elementor-section elementor-top-section elementor-element elementor-element-d242097 elementor-section-boxed elementor-section-height-default elementor-section-height-default\" data-id=\"d242097\" data-element_type=\"section\">\n\t\t\t\t\t\t<div class=\"elementor-container elementor-column-gap-default\">\n\t\t\t\t\t<div class=\"elementor-column elementor-col-33 elementor-top-column elementor-element elementor-element-2fd5b8f\" data-id=\"2fd5b8f\" data-element_type=\"column\">\n\t\t\t<div class=\"elementor-widget-wrap elementor-element-populated\">\n\t\t\t\t\t\t<div class=\"elementor-element elementor-element-8029cd9 elementor-widget elementor-widget-image\" data-id=\"8029cd9\" data-element_type=\"widget\" data-widget_type=\"image.default\">\n\t\t\t\t<div class=\"elementor-widget-container\">\n\t\t\t\t\t\t\t\t\t\t\t\t\t\t\t<img decoding=\"async\" width=\"48\" height=\"48\" src=\"https:\/\/nashvilleschool.edu.hn\/wpnst\/wp-content\/uploads\/2018\/09\/Spain.png\" class=\"attachment-large size-large wp-image-574\" alt=\"\" \/>\t\t\t\t\t\t\t\t\t\t\t\t\t\t\t<\/div>\n\t\t\t\t<\/div>\n\t\t\t\t\t<\/div>\n\t\t<\/div>\n\t\t\t\t<div class=\"elementor-column elementor-col-33 elementor-top-column elementor-element elementor-element-883082e\" data-id=\"883082e\" data-element_type=\"column\">\n\t\t\t<div class=\"elementor-widget-wrap elementor-element-populated\">\n\t\t\t\t\t\t<div class=\"elementor-element elementor-element-b6817f4 elementor-widget elementor-widget-image\" data-id=\"b6817f4\" data-element_type=\"widget\" data-widget_type=\"image.default\">\n\t\t\t\t<div class=\"elementor-widget-container\">\n\t\t\t\t\t\t\t\t\t\t\t\t\t\t\t<img decoding=\"async\" width=\"48\" height=\"48\" src=\"https:\/\/nashvilleschool.edu.hn\/wpnst\/wp-content\/uploads\/2018\/09\/United-Kingdom.png\" class=\"attachment-large size-large wp-image-575\" alt=\"\" \/>\t\t\t\t\t\t\t\t\t\t\t\t\t\t\t<\/div>\n\t\t\t\t<\/div>\n\t\t\t\t\t<\/div>\n\t\t<\/div>\n\t\t\t\t<div class=\"elementor-column elementor-col-33 elementor-top-column elementor-element elementor-element-d2d0430\" data-id=\"d2d0430\" data-element_type=\"column\">\n\t\t\t<div class=\"elementor-widget-wrap elementor-element-populated\">\n\t\t\t\t\t\t<div class=\"elementor-element elementor-element-0a3821a elementor-widget elementor-widget-image\" data-id=\"0a3821a\" data-element_type=\"widget\" data-widget_type=\"image.default\">\n\t\t\t\t<div class=\"elementor-widget-container\">\n\t\t\t\t\t\t\t\t\t\t\t\t\t\t\t<img decoding=\"async\" width=\"48\" height=\"48\" src=\"https:\/\/nashvilleschool.edu.hn\/wpnst\/wp-content\/uploads\/2018\/09\/France.png\" class=\"attachment-large size-large wp-image-576\" alt=\"\" \/>\t\t\t\t\t\t\t\t\t\t\t\t\t\t\t<\/div>\n\t\t\t\t<\/div>\n\t\t\t\t\t<\/div>\n\t\t<\/div>\n\t\t\t\t\t<\/div>\n\t\t<\/section>\n\t\t\t\t<section class=\"elementor-section elementor-top-section elementor-element elementor-element-a99830b elementor-section-boxed elementor-section-height-default elementor-section-height-default\" data-id=\"a99830b\" data-element_type=\"section\">\n\t\t\t\t\t\t<div class=\"elementor-container elementor-column-gap-default\">\n\t\t\t\t\t<div class=\"elementor-column elementor-col-100 elementor-top-column elementor-element elementor-element-52bf5e3\" data-id=\"52bf5e3\" data-element_type=\"column\">\n\t\t\t<div class=\"elementor-widget-wrap elementor-element-populated\">\n\t\t\t\t\t\t<div class=\"elementor-element elementor-element-d22a8e4 elementor-tabs-view-horizontal elementor-widget elementor-widget-tabs\" data-id=\"d22a8e4\" data-element_type=\"widget\" data-widget_type=\"tabs.default\">\n\t\t\t\t<div class=\"elementor-widget-container\">\n\t\t\t\t\t\t\t<div class=\"elementor-tabs\">\n\t\t\t<div class=\"elementor-tabs-wrapper\" role=\"tablist\" >\n\t\t\t\t\t\t\t\t\t<div id=\"elementor-tab-title-2201\" class=\"elementor-tab-title elementor-tab-desktop-title\" aria-selected=\"true\" data-tab=\"1\" role=\"tab\" tabindex=\"0\" aria-controls=\"elementor-tab-content-2201\" aria-expanded=\"false\">Espa\u00f1ol<\/div>\n\t\t\t\t\t\t\t\t\t<div id=\"elementor-tab-title-2202\" class=\"elementor-tab-title elementor-tab-desktop-title\" aria-selected=\"false\" data-tab=\"2\" role=\"tab\" tabindex=\"-1\" aria-controls=\"elementor-tab-content-2202\" aria-expanded=\"false\">English<\/div>\n\t\t\t\t\t\t\t\t\t<div id=\"elementor-tab-title-2203\" class=\"elementor-tab-title elementor-tab-desktop-title\" aria-selected=\"false\" data-tab=\"3\" role=\"tab\" tabindex=\"-1\" aria-controls=\"elementor-tab-content-2203\" aria-expanded=\"false\">Fran\u00e7aise<\/div>\n\t\t\t\t\t\t\t<\/div>\n\t\t\t<div class=\"elementor-tabs-content-wrapper\" role=\"tablist\" aria-orientation=\"vertical\">\n\t\t\t\t\t\t\t\t\t<div class=\"elementor-tab-title elementor-tab-mobile-title\" aria-selected=\"true\" data-tab=\"1\" role=\"tab\" tabindex=\"0\" aria-controls=\"elementor-tab-content-2201\" aria-expanded=\"false\">Espa\u00f1ol<\/div>\n\t\t\t\t\t<div id=\"elementor-tab-content-2201\" class=\"elementor-tab-content elementor-clearfix\" data-tab=\"1\" role=\"tabpanel\" aria-labelledby=\"elementor-tab-title-2201\" tabindex=\"0\" hidden=\"false\"><p style=\"text-align: justify;\"><img loading=\"lazy\" decoding=\"async\" src=\"https:\/\/nashvilleschool.edu.hn\/wpnst\/wp-content\/uploads\/2018\/09\/Spain.png\" alt=\"\" width=\"48\" height=\"48\" \/><\/p><p style=\"text-align: justify;\"><b>Carta de Bienvenida<\/b><\/p><p><style>\n<!--<br \/> \/* Font Definitions *\/<br \/> @font-face<br \/>\t{font-family:\"Cambria Math\";<br \/>\tpanose-1:2 4 5 3 5 4 6 3 2 4;<br \/>\tmso-font-charset:0;<br \/>\tmso-generic-font-family:roman;<br \/>\tmso-font-pitch:variable;<br \/>\tmso-font-signature:3 0 0 0 1 0;}<br \/>@font-face<br \/>\t{font-family:Calibri;<br \/>\tpanose-1:2 15 5 2 2 2 4 3 2 4;<br \/>\tmso-font-charset:0;<br \/>\tmso-generic-font-family:swiss;<br \/>\tmso-font-pitch:variable;<br \/>\tmso-font-signature:-469750017 -1073732485 9 0 511 0;}<br \/> \/* Style Definitions *\/<br \/> p.MsoNormal, li.MsoNormal, div.MsoNormal<br \/>\t{mso-style-unhide:no;<br \/>\tmso-style-qformat:yes;<br \/>\tmso-style-parent:\"\";<br \/>\tmargin-top:0cm;<br \/>\tmargin-right:0cm;<br \/>\tmargin-bottom:8.0pt;<br \/>\tmargin-left:0cm;<br \/>\tline-height:106%;<br \/>\tmso-pagination:widow-orphan;<br \/>\tfont-size:11.0pt;<br \/>\tfont-family:\"Calibri\",sans-serif;<br \/>\tmso-ascii-font-family:Calibri;<br \/>\tmso-ascii-theme-font:minor-latin;<br \/>\tmso-fareast-font-family:Calibri;<br \/>\tmso-fareast-theme-font:minor-latin;<br \/>\tmso-hansi-font-family:Calibri;<br \/>\tmso-hansi-theme-font:minor-latin;<br \/>\tmso-bidi-font-family:\"Times New Roman\";<br \/>\tmso-bidi-theme-font:minor-bidi;<br \/>\tmso-fareast-language:EN-US;}<br \/>.MsoChpDefault<br \/>\t{mso-style-type:export-only;<br \/>\tmso-default-props:yes;<br \/>\tfont-size:11.0pt;<br \/>\tmso-ansi-font-size:11.0pt;<br \/>\tmso-bidi-font-size:11.0pt;<br \/>\tfont-family:\"Calibri\",sans-serif;<br \/>\tmso-ascii-font-family:Calibri;<br \/>\tmso-ascii-theme-font:minor-latin;<br \/>\tmso-fareast-font-family:Calibri;<br \/>\tmso-fareast-theme-font:minor-latin;<br \/>\tmso-hansi-font-family:Calibri;<br \/>\tmso-hansi-theme-font:minor-latin;<br \/>\tmso-bidi-font-family:\"Times New Roman\";<br \/>\tmso-bidi-theme-font:minor-bidi;<br \/>\tmso-fareast-language:EN-US;}<br \/>.MsoPapDefault<br \/>\t{mso-style-type:export-only;<br \/>\tmargin-bottom:8.0pt;<br \/>\tline-height:107%;}size:612.0pt 792.0pt;<br \/>\tmargin:70.85pt 3.0cm 70.85pt 3.0cm;<br \/>\tmso-header-margin:36.0pt;<br \/>\tmso-footer-margin:36.0pt;<br \/>\tmso-paper-source:0;}<br \/>div.WordSection1<br \/>\t{page:WordSection1;}<\/style><\/p><p><strong>Estimados estudiantes, Padres y miembros del Personal de NST:<\/strong><\/p><p>\u00a1Bienvenido al a\u00f1o escolar 2022-2023!<\/p><p>Hoy comienza un nuevo a\u00f1o escolar, un nuevo a\u00f1o en el cual hay que adaptarnos a una \u201cnueva normalidad\u201d y \u201crealidad\u201d, un nuevo a\u00f1o en donde nos volveremos a encontrar con nuestros compa\u00f1eros, nuestros docentes y nuestras ni\u00f1eras, un a\u00f1o en el que deberemos aprender a convivir con los diferentes procesos de bioseguridad para poder seguir sobrellevando la Pandemia de la COVID-19.<\/p><p>Hoy comienza un nuevo a\u00f1o escolar y sabemos que para todos ser\u00e1 un a\u00f1o de muchas alegr\u00edas a retomar todas las actividades que antes realiz\u00e1bamos. Un nuevo a\u00f1o escolar significa muchas cosas, pero por, sobre todo, nuevos desaf\u00edos, tanto para los docentes como para nuestros estudiantes y sus padres.<\/p><p>Este nuevo proceso de reinserci\u00f3n escolar conlleva el reaprendizaje de muchas de las cosas que no hicimos durante dos a\u00f1os y medio que hemos estado de manera remota. Para concretar estos aprendizajes, se requiere de la asistencia diaria de los estudiantes, de su continuidad y de su permanencia constante. Por parte de docentes, se requerir\u00e1 de la retroalimentaci\u00f3n semanalmente a los Padres de Familia, para as\u00ed poder sobrellevar este arduo trabajo. Y de parte de los Padres de Familia se requiere el apoyo constante y la paciencia para volver a retomar todos los procesos y aceptar las nuevas metodolog\u00edas del proceso ense\u00f1anza aprendizaje que se aplicaran.\u00a0<\/p><p>El \u00e1rea de B\u00e1sica II contar\u00e1 con nuevas aulas, las cuales han sido construidas para brindar mayor confort a nuestros estudiantes, esperamos seguir mejorando las diferentes \u00e1reas para beneficio de la comunidad estudiantil.<\/p><p>NST se compromete a seguir desarrollando nuevas formas para innovar la educaci\u00f3n para un mayor aprovechamiento de su hijo(a), cumpliendo as\u00ed con el compromiso adquirido con cada uno de Ustedes, en el sentido de formar a sus hijos(as) a trav\u00e9s de un proceso continuo que contribuya a desarrollar y fomentar en ellos y ellas sus propias habilidades, destrezas, conocimientos y valores.<\/p><p>Nuestro departamento de Orientaci\u00f3n, Consejer\u00eda, Psicolog\u00eda y la Cl\u00ednica Escolar trabajaran de la mano durante este nuevo a\u00f1o escolar para brindar apoyo emocional y resiliencia para este retorno a clases presenciales.<\/p><p>Ustedes como Docentes pueden\u00a0cambiar la vida de nuestros estudiantes, incentiv\u00e1ndolos, motiv\u00e1ndolos a desarrollarse y a buscar el \u00e9xito. Trabajemos por darles lo mejor de nosotros, para que as\u00ed ellos entreguen lo mejor de s\u00ed, esto nos permitir\u00e1 contribuir a mejorar su calidad de vida, a que sean mejores, a que aporten en el mundo laboral y, junto a esto, velar por la calidad de nuestro modelo educativo.<\/p><p>El personal Administrativo y Docente de NST han estado trabajando constantemente durante los \u00faltimos a\u00f1os para mejorar, no solo en el conocimiento te\u00f3rico, sino tambi\u00e9n pr\u00e1ctico y vivencial, a trav\u00e9s de experiencias que les permite descubrir y desarrollar sus propias habilidades y destrezas para sus estudiantes. Hemos contratado nuevos y excelentes docentes que ayudaran a incrementar sus conocimientos y lograran con ello el objetivo primordial: J\u00f3venes comprometidos con Honduras.<\/p><p>Le invitamos a compartir con nosotros el proceso de formaci\u00f3n de sus hijos(as), le agradecemos su confianza al permitirnos educar a sus hijos(as), Solicitamos que todas las partes interesadas se comprometan con nuestras metas y hagan su parte para que todos los objetivos se hagan realidad, \u00a1\u00a1\u00a1sean todos BIENVENIDOS a la Familia de Nashville School!!!<\/p><p>\u00a1\u00a1\u00a1Esperamos cosas grandes de cada uno de nuestros Estudiantes!!!<\/p><p>Deseamos a cada uno de ustedes un gran a\u00f1o escolar.<\/p><p><strong>Consejo Directivo<\/strong><\/p><\/div>\n\t\t\t\t\t\t\t\t\t<div class=\"elementor-tab-title elementor-tab-mobile-title\" aria-selected=\"false\" data-tab=\"2\" role=\"tab\" tabindex=\"-1\" aria-controls=\"elementor-tab-content-2202\" aria-expanded=\"false\">English<\/div>\n\t\t\t\t\t<div id=\"elementor-tab-content-2202\" class=\"elementor-tab-content elementor-clearfix\" data-tab=\"2\" role=\"tabpanel\" aria-labelledby=\"elementor-tab-title-2202\" tabindex=\"0\" hidden=\"hidden\"><p style=\"text-align: left;\"><img loading=\"lazy\" decoding=\"async\" src=\"https:\/\/nashvilleschool.edu.hn\/wpnst\/wp-content\/uploads\/2018\/09\/United-Kingdom.png\" alt=\"\" width=\"48\" height=\"48\" \/><\/p><p>Dear NST Students, Parents, and Staff Members:<\/p><p><strong>Welcome to the 2022-2023 school year!<\/strong><\/p><p>Today begins a new school year, a new year in which we have to adapt to a \u00abnew normality\u00bb and \u00abreality\u00bb, a new year in which we will meet again with our classmates, our teachers and our nannies, a year in which\u00a0 we must learn to live with the different biosecurity processes in order to continue coping with the COVID-19 Pandemic.<\/p><p>Today begins a new school year and we know that for all of us it will be a year of many joys since we will do again all the activities that we used to do before. A new school year means many things, but above all, new challenges for teachers, students and parents as well.<\/p><p>This new school reintegration process entails relearning many of the things that we did not do during the two and a half years that we have been remotely. To materialize this learning, the daily assistance of the students is required, their continuity and their constant permanence. On the teachers\u2019 side, weekly feedback will be required in order to keep Parents informed to be able to cope with this hard work. And from the Parents, constant support and patience are required to all the processes and accept the new methodologies of the teaching-learning process that will be applied.<\/p><p>The Basic II area will have new classrooms which have been built to provide greater comfort to our students. We hope to continue improving the different areas for the confort of our students.<\/p><p>NST is committed to continue developing new forms to innovate our educational processes for a better use of our students \u00a0with the commitment of guiding your children through a continuous process\u00a0 to develop and foster in them their own skills, knowledge and values.<\/p><p>Our department of Guidance, Counseling, Psychology and the clinic will work hand in hand during this school year to give emotional support and resilience to our students for this return to school.<\/p><p>Our teachers can change the lives of our students, encouraging and motivating them to develop themselves and persuit success. Let us work to give them the best of us so that they give the best of themselves this will certainly allow us to contribute to their quality of life, to make them better, to contribute to the world of work and ensure the quality of our educational model.<\/p><p>\u00a0<\/p><p>The Administrative and Teaching staff of NST have been working constantly during the last years to improve, not only in theoretical knowledge, but also practical and experiential through experiences that allow them to discover and develop their own abilities and skills for the students. We have hired new and excellent teachers who will help increase their knowledge and thereby achieve the main objective: young people committed to Honduras.<\/p><p>\u00a0<\/p><p>We invite you to share with us the process of educating your children. We thank you for your trust in allowing us to educate your children.<\/p><p>\u00a0<\/p><p>We invite all interested parties committed to our goals to do their part so all our goals come true, everyone is WELCOME to the Nashville School Family!<\/p><p>\u00a0<\/p><p>We expect great things from each of our students! ! !<\/p><p>\u00a0<\/p><p>We wish each of you a great school year.<\/p><p>\u00a0<\/p><p><strong>Board of Directors<\/strong><\/p><p>\u00a0<\/p><\/div>\n\t\t\t\t\t\t\t\t\t<div class=\"elementor-tab-title elementor-tab-mobile-title\" aria-selected=\"false\" data-tab=\"3\" role=\"tab\" tabindex=\"-1\" aria-controls=\"elementor-tab-content-2203\" aria-expanded=\"false\">Fran\u00e7aise<\/div>\n\t\t\t\t\t<div id=\"elementor-tab-content-2203\" class=\"elementor-tab-content elementor-clearfix\" data-tab=\"3\" role=\"tabpanel\" aria-labelledby=\"elementor-tab-title-2203\" tabindex=\"0\" hidden=\"hidden\"><p style=\"text-align: left;\"><img loading=\"lazy\" decoding=\"async\" src=\"https:\/\/nashvilleschool.edu.hn\/wpnst\/wp-content\/uploads\/2018\/09\/France.png\" alt=\"\" width=\"48\" height=\"48\" \/><\/p><p style=\"text-align: justify;\"><b>Lettre de Bienvenue<\/b><\/p><p><style>\n<!--<br \/> \/* Font Definitions *\/<br \/> @font-face<br \/>\t{font-family:\"Cambria Math\";<br \/>\tpanose-1:2 4 5 3 5 4 6 3 2 4;<br \/>\tmso-font-charset:0;<br \/>\tmso-generic-font-family:roman;<br \/>\tmso-font-pitch:variable;<br \/>\tmso-font-signature:3 0 0 0 1 0;}<br \/>@font-face<br \/>\t{font-family:Calibri;<br \/>\tpanose-1:2 15 5 2 2 2 4 3 2 4;<br \/>\tmso-font-charset:0;<br \/>\tmso-generic-font-family:swiss;<br \/>\tmso-font-pitch:variable;<br \/>\tmso-font-signature:-469750017 -1073732485 9 0 511 0;}<br \/> \/* Style Definitions *\/<br \/> p.MsoNormal, li.MsoNormal, div.MsoNormal<br \/>\t{mso-style-unhide:no;<br \/>\tmso-style-qformat:yes;<br \/>\tmso-style-parent:\"\";<br \/>\tmargin-top:0cm;<br \/>\tmargin-right:0cm;<br \/>\tmargin-bottom:8.0pt;<br \/>\tmargin-left:0cm;<br \/>\tline-height:106%;<br \/>\tmso-pagination:widow-orphan;<br \/>\tfont-size:11.0pt;<br \/>\tfont-family:\"Calibri\",sans-serif;<br \/>\tmso-ascii-font-family:Calibri;<br \/>\tmso-ascii-theme-font:minor-latin;<br \/>\tmso-fareast-font-family:Calibri;<br \/>\tmso-fareast-theme-font:minor-latin;<br \/>\tmso-hansi-font-family:Calibri;<br \/>\tmso-hansi-theme-font:minor-latin;<br \/>\tmso-bidi-font-family:\"Times New Roman\";<br \/>\tmso-bidi-theme-font:minor-bidi;<br \/>\tmso-fareast-language:EN-US;}<br \/>p<br \/>\t{mso-style-noshow:yes;<br \/>\tmso-style-priority:99;<br \/>\tmso-margin-top-alt:auto;<br \/>\tmargin-right:0cm;<br \/>\tmso-margin-bottom-alt:auto;<br \/>\tmargin-left:0cm;<br \/>\tmso-pagination:widow-orphan;<br \/>\tfont-size:12.0pt;<br \/>\tfont-family:\"Times New Roman\",serif;<br \/>\tmso-fareast-font-family:\"Times New Roman\";<br \/>\tmso-fareast-language:ES-HN;}<br \/>.MsoChpDefault<br \/>\t{mso-style-type:export-only;<br \/>\tmso-default-props:yes;<br \/>\tfont-size:11.0pt;<br \/>\tmso-ansi-font-size:11.0pt;<br \/>\tmso-bidi-font-size:11.0pt;<br \/>\tfont-family:\"Calibri\",sans-serif;<br \/>\tmso-ascii-font-family:Calibri;<br \/>\tmso-ascii-theme-font:minor-latin;<br \/>\tmso-fareast-font-family:Calibri;<br \/>\tmso-fareast-theme-font:minor-latin;<br \/>\tmso-hansi-font-family:Calibri;<br \/>\tmso-hansi-theme-font:minor-latin;<br \/>\tmso-bidi-font-family:\"Times New Roman\";<br \/>\tmso-bidi-theme-font:minor-bidi;<br \/>\tmso-fareast-language:EN-US;}<br \/>.MsoPapDefault<br \/>\t{mso-style-type:export-only;<br \/>\tmargin-bottom:8.0pt;<br \/>\tline-height:107%;}size:612.0pt 792.0pt;<br \/>\tmargin:70.85pt 3.0cm 70.85pt 3.0cm;<br \/>\tmso-header-margin:36.0pt;<br \/>\tmso-footer-margin:36.0pt;<br \/>\tmso-paper-source:0;}<br \/>div.WordSection1<br \/>\t{page:WordSection1;}<\/style><\/p><p><strong>Chers \u00e9tudiants, parents et membres du personnel de NST<\/strong><\/p><p>Bienvenus \u00e0 l\u2019ann\u00e9e scolaire 2022-2023 !<\/p><p>Aujourd\u2019hui, il commence une nouvelle ann\u00e9e scolaire et dans laquelle, il faut qu\u2019on s\u2019adapte \u00e0 la \u00ab\u00a0nouvelle modalit\u00e9\u00a0et\u00a0r\u00e9alit\u00e9\u00a0\u00bb, en plus, nous rencontrerons les copains, les coll\u00e8gues et nos baby-sitters, une ann\u00e9e dans laquelle on doit apprendre \u00e0 vivre avec les diff\u00e9rents proc\u00e8s de bios\u00e9curit\u00e9 et faire face \u00e0 la Pand\u00e9mie du COVID-19.<\/p><p>Certes, nous savons que cette ann\u00e9e sera une p\u00e9riode de bonheur, \u00e9tant donn\u00e9 que nous reprendrons toutes les activit\u00e9s que nous faisions. Ce d\u00e9but signifie beaucoup mais surtout des nouveaux d\u00e9fis tant pour nos enseignants que pour nos \u00e9tudiants et parents.<\/p><p>Ce nouveau proc\u00e8s de r\u00e9insertion scolaire entra\u00eene le r\u00e9apprentissage de beaucoup de projets que nous n\u2019avons pas fait ces deux derni\u00e8res ann\u00e9es \u00e0 cause de la modalit\u00e9 \u00e0 distance. Pour concr\u00e9tiser ces apprentissages, il faut l\u2019assistance quotidienne des \u00e9tudiants, la continuit\u00e9 et l\u2019assiduit\u00e9 constante. En ce qui concerne les professeurs, il requerra de la r\u00e9tro-alimentation hebdomadaire aux parents pour ainsi affronter cette t\u00e2che assez difficile. Par ailleurs, il faut le soutien constant et la patience des parents pour reprendre tous les proc\u00e8s et accepter les nouvelles m\u00e9thodologies d\u2019enseignement-apprentissage \u00e0 mettre en pratique.<\/p><p>Le niveau de \u00ab\u00a0B\u00e1sica II\u00a0\u00bb, disposera de nouvelles salles de classes, lesquelles ont \u00e9t\u00e9 construit pour offrir plus de confort \u00e0 nos \u00e9tudiants, nous esp\u00e9rons continuer avec l\u2019am\u00e9lioration dans les diff\u00e9rents domaines pour le b\u00e9n\u00e9fice de la communaut\u00e9 scolaire.<\/p><p>NST se compromet \u00e0 continuer le d\u00e9veloppement des nouvelles formes d\u2019innover l\u2019\u00e9ducation et obtenir le meilleur r\u00e9sultat de vos enfants, c\u2019est ainsi que nous accomplissons\u00a0 avec l\u2019engagement acquis avec vous, dans le sens de former vos enfants \u00e0 travers d\u2019un proc\u00e8s continue qui contribue au d\u00e9veloppement d\u2019habilet\u00e9s, savoir-faire, connaissances et valeurs chez eux.<\/p><p>Notre d\u00e9partement d\u2019Orientation, Bureau de conseiller, Psychologie, et Infirmerie travailleront ensemble pendant cette nouvelle ann\u00e9e scolaire pour donner du soutient \u00e9motionnelle et r\u00e9silience pour ce retour au cours pr\u00e9sentiels.<\/p><p>Vous, en tant qu\u2019enseignants, vous pouvez changer la vie de nos \u00e9tudiants en les encourageant, en les motivant \u00e0 chercher le succ\u00e8s. Allons-y, travaillons pour leurs donner le mieux de nous, pour ainsi, ils puissent donner le meilleur d\u2019entre eux. Ceci nous permettra contribuer \u00e0 am\u00e9liorer sa qualit\u00e9 de vie, \u00e0 devenir meilleurs, \u00e0 qu\u2019ils apportent quelque chose au monde du travail et \u00e0 c\u00f4t\u00e9 de ceci, assurer la qualit\u00e9 de notre mod\u00e8le \u00e9ducatif.<\/p><p>Le personnelle administratif et d\u2019enseignants de NST, ont \u00e9t\u00e9 constamment en travaillant pendant les deux derni\u00e8res ann\u00e9es pour am\u00e9liorer pas seulement les connaissances th\u00e9oriques mais l\u2019aspect pratique et exp\u00e9rientiel aussi \u00e0 travers des exp\u00e9riences v\u00e9cues qui leurs permets d\u00e9couvrir et d\u00e9velopper ses propre habilet\u00e9s et savoir-faire pour les appliquer avec ses \u00e9l\u00e8ves. Nous avons embauch\u00e9 des nouveaux professeurs assez capables qui contribueront \u00e0 augmenter ses connaissances, ceci permettra attendre le but primordial\u00a0: des jeunes engag\u00e9s avec le Honduras.<\/p><p>Nous vous invitons \u00e0 partager avec nous le proc\u00e8s de formation de vos enfants, nous vous remercions la confiance que vous nous avez donn\u00e9 pour \u00e9duquer vos enfants. Nous demandons toutes les parties int\u00e9ress\u00e9es \u00e0 se compromettre avec nos buts et faire quoi que ce soit pour que nos objectifs se r\u00e9alisent, Soyez tous les BIENVENUES \u00e0 la famille de Nashville School\u00a0!<\/p><p>On n\u2019esp\u00e8re que le meilleur de nos \u00e9tudiants\u00a0!<\/p><p>Nous vous souhaitons une tr\u00e8s bonne ann\u00e9e scolaire.<\/p><p><strong>Conseil de Direction.<\/strong><\/p><\/div>\n\t\t\t\t\t\t\t<\/div>\n\t\t<\/div>\n\t\t\t\t\t\t<\/div>\n\t\t\t\t<\/div>\n\t\t\t\t\t<\/div>\n\t\t<\/div>\n\t\t\t\t\t<\/div>\n\t\t<\/section>\n\t\t\t\t<\/div>\n\t\t","protected":false},"excerpt":{"rendered":"<p>Espa\u00f1ol English Fran\u00e7aise Espa\u00f1ol Carta de Bienvenida Estimados estudiantes, Padres y miembros del Personal de NST: \u00a1Bienvenido al a\u00f1o escolar 2022-2023! Hoy [&hellip;]<\/p>\n","protected":false},"author":1,"featured_media":0,"parent":0,"menu_order":1,"comment_status":"closed","ping_status":"closed","template":"","meta":{"footnotes":""},"class_list":["post-48","page","type-page","status-publish","hentry"],"_links":{"self":[{"href":"https:\/\/nashvilleschool.edu.hn\/wpnst\/wp-json\/wp\/v2\/pages\/48","targetHints":{"allow":["GET"]}}],"collection":[{"href":"https:\/\/nashvilleschool.edu.hn\/wpnst\/wp-json\/wp\/v2\/pages"}],"about":[{"href":"https:\/\/nashvilleschool.edu.hn\/wpnst\/wp-json\/wp\/v2\/types\/page"}],"author":[{"embeddable":true,"href":"https:\/\/nashvilleschool.edu.hn\/wpnst\/wp-json\/wp\/v2\/users\/1"}],"replies":[{"embeddable":true,"href":"https:\/\/nashvilleschool.edu.hn\/wpnst\/wp-json\/wp\/v2\/comments?post=48"}],"version-history":[{"count":20,"href":"https:\/\/nashvilleschool.edu.hn\/wpnst\/wp-json\/wp\/v2\/pages\/48\/revisions"}],"predecessor-version":[{"id":2450,"href":"https:\/\/nashvilleschool.edu.hn\/wpnst\/wp-json\/wp\/v2\/pages\/48\/revisions\/2450"}],"wp:attachment":[{"href":"https:\/\/nashvilleschool.edu.hn\/wpnst\/wp-json\/wp\/v2\/media?parent=48"}],"curies":[{"name":"wp","href":"https:\/\/api.w.org\/{rel}","templated":true}]}}