{"id":274,"date":"2018-08-06T17:11:01","date_gmt":"2018-08-06T17:11:01","guid":{"rendered":"http:\/\/localhost\/wordpress\/?page_id=274"},"modified":"2023-09-02T02:29:17","modified_gmt":"2023-09-02T02:29:17","slug":"tareas","status":"publish","type":"page","link":"https:\/\/nashvilleschool.edu.hn\/wpnst\/tareas\/","title":{"rendered":"Tareas"},"content":{"rendered":"\t\t<div data-elementor-type=\"wp-page\" data-elementor-id=\"274\" class=\"elementor elementor-274\">\n\t\t\t\t\t\t<section class=\"elementor-section elementor-top-section elementor-element elementor-element-1fb7681 elementor-section-boxed elementor-section-height-default elementor-section-height-default\" data-id=\"1fb7681\" data-element_type=\"section\">\n\t\t\t\t\t\t<div class=\"elementor-container elementor-column-gap-default\">\n\t\t\t\t\t<div class=\"elementor-column elementor-col-33 elementor-top-column elementor-element elementor-element-c993290\" data-id=\"c993290\" data-element_type=\"column\">\n\t\t\t<div class=\"elementor-widget-wrap elementor-element-populated\">\n\t\t\t\t\t\t<div class=\"elementor-element elementor-element-f9b011d elementor-button-success elementor-align-center elementor-widget elementor-widget-button\" data-id=\"f9b011d\" data-element_type=\"widget\" data-widget_type=\"button.default\">\n\t\t\t\t<div class=\"elementor-widget-container\">\n\t\t\t\t\t\t\t\t\t<div class=\"elementor-button-wrapper\">\n\t\t\t\t\t<a class=\"elementor-button elementor-button-link elementor-size-xl\" href=\"https:\/\/sites.google.com\/nashvilleschool.edu.hn\/hwnst\/HWNST\">\n\t\t\t\t\t\t<span class=\"elementor-button-content-wrapper\">\n\t\t\t\t\t\t\t\t\t<span class=\"elementor-button-text\">Ingresar a plataforma de tareas<\/span>\n\t\t\t\t\t<\/span>\n\t\t\t\t\t<\/a>\n\t\t\t\t<\/div>\n\t\t\t\t\t\t\t\t<\/div>\n\t\t\t\t<\/div>\n\t\t\t\t\t<\/div>\n\t\t<\/div>\n\t\t\t\t<div class=\"elementor-column elementor-col-33 elementor-top-column elementor-element elementor-element-1d32976\" data-id=\"1d32976\" data-element_type=\"column\">\n\t\t\t<div class=\"elementor-widget-wrap elementor-element-populated\">\n\t\t\t\t\t\t<div class=\"elementor-element elementor-element-67f0e86 elementor-button-warning elementor-align-center elementor-widget elementor-widget-button\" data-id=\"67f0e86\" data-element_type=\"widget\" data-widget_type=\"button.default\">\n\t\t\t\t<div class=\"elementor-widget-container\">\n\t\t\t\t\t\t\t\t\t<div class=\"elementor-button-wrapper\">\n\t\t\t\t\t<a class=\"elementor-button elementor-button-link elementor-size-xl\" href=\"https:\/\/sites.google.com\/nashvilleschool.edu.hn\/hwnst\/quizzes\">\n\t\t\t\t\t\t<span class=\"elementor-button-content-wrapper\">\n\t\t\t\t\t\t\t\t\t<span class=\"elementor-button-text\">Ingresar a la plataforma Quizzes<\/span>\n\t\t\t\t\t<\/span>\n\t\t\t\t\t<\/a>\n\t\t\t\t<\/div>\n\t\t\t\t\t\t\t\t<\/div>\n\t\t\t\t<\/div>\n\t\t\t\t\t<\/div>\n\t\t<\/div>\n\t\t\t\t<div class=\"elementor-column elementor-col-33 elementor-top-column elementor-element elementor-element-094bcbb\" data-id=\"094bcbb\" data-element_type=\"column\">\n\t\t\t<div class=\"elementor-widget-wrap elementor-element-populated\">\n\t\t\t\t\t\t<div class=\"elementor-element elementor-element-345d77e elementor-button-danger elementor-align-center elementor-widget elementor-widget-button\" data-id=\"345d77e\" data-element_type=\"widget\" data-widget_type=\"button.default\">\n\t\t\t\t<div class=\"elementor-widget-container\">\n\t\t\t\t\t\t\t\t\t<div class=\"elementor-button-wrapper\">\n\t\t\t\t\t<a class=\"elementor-button elementor-button-link elementor-size-xl\" href=\"https:\/\/sites.google.com\/nashvilleschool.edu.hn\/hwnst\/test\">\n\t\t\t\t\t\t<span class=\"elementor-button-content-wrapper\">\n\t\t\t\t\t\t\t\t\t<span class=\"elementor-button-text\">Ingresar a la plataforma de Temarios<\/span>\n\t\t\t\t\t<\/span>\n\t\t\t\t\t<\/a>\n\t\t\t\t<\/div>\n\t\t\t\t\t\t\t\t<\/div>\n\t\t\t\t<\/div>\n\t\t\t\t\t<\/div>\n\t\t<\/div>\n\t\t\t\t\t<\/div>\n\t\t<\/section>\n\t\t\t\t<section class=\"elementor-section elementor-top-section elementor-element elementor-element-7891230 elementor-section-boxed elementor-section-height-default elementor-section-height-default\" data-id=\"7891230\" data-element_type=\"section\">\n\t\t\t\t\t\t<div class=\"elementor-container elementor-column-gap-default\">\n\t\t\t\t\t<div class=\"elementor-column elementor-col-100 elementor-top-column elementor-element elementor-element-4f222e1\" data-id=\"4f222e1\" data-element_type=\"column\">\n\t\t\t<div class=\"elementor-widget-wrap elementor-element-populated\">\n\t\t\t\t\t\t<div class=\"elementor-element elementor-element-d61645c elementor-position-top elementor-widget elementor-widget-image-box\" data-id=\"d61645c\" data-element_type=\"widget\" data-widget_type=\"image-box.default\">\n\t\t\t\t<div class=\"elementor-widget-container\">\n\t\t\t\t\t<div class=\"elementor-image-box-wrapper\"><figure class=\"elementor-image-box-img\"><a href=\"https:\/\/get.adobe.com\/es\/reader\/\" target=\"_blank\" tabindex=\"-1\"><img decoding=\"async\" src=\"https:\/\/nashvilleschool.edu.hn\/wpnst\/wp-content\/uploads\/elementor\/thumbs\/PEDF-ocdyh1f2co8iwv5qbzjzklj77e75tj289if73umcx4.png\" title=\"PEDF\" alt=\"PEDF\" class=\"elementor-animation-pulse\" loading=\"lazy\" \/><\/a><\/figure><div class=\"elementor-image-box-content\"><h5 class=\"elementor-image-box-title\"><a href=\"https:\/\/get.adobe.com\/es\/reader\/\" target=\"_blank\">Todos los documentos se suben en formato PDF<\/a><\/h5><p class=\"elementor-image-box-description\">Haga clic aqu\u00ed para descargar la versi\u00f3n m\u00e1s reciente de Adobe Reader<\/p><\/div><\/div>\t\t\t\t<\/div>\n\t\t\t\t<\/div>\n\t\t\t\t\t<\/div>\n\t\t<\/div>\n\t\t\t\t\t<\/div>\n\t\t<\/section>\n\t\t\t\t<\/div>\n\t\t","protected":false},"excerpt":{"rendered":"<p>Ingresar a plataforma de tareas Ingresar a la plataforma Quizzes Ingresar a la plataforma de Temarios Todos los documentos se suben en [&hellip;]<\/p>\n","protected":false},"author":1,"featured_media":2848,"parent":0,"menu_order":0,"comment_status":"closed","ping_status":"closed","template":"","meta":{"footnotes":""},"class_list":["post-274","page","type-page","status-publish","has-post-thumbnail","hentry"],"_links":{"self":[{"href":"https:\/\/nashvilleschool.edu.hn\/wpnst\/wp-json\/wp\/v2\/pages\/274","targetHints":{"allow":["GET"]}}],"collection":[{"href":"https:\/\/nashvilleschool.edu.hn\/wpnst\/wp-json\/wp\/v2\/pages"}],"about":[{"href":"https:\/\/nashvilleschool.edu.hn\/wpnst\/wp-json\/wp\/v2\/types\/page"}],"author":[{"embeddable":true,"href":"https:\/\/nashvilleschool.edu.hn\/wpnst\/wp-json\/wp\/v2\/users\/1"}],"replies":[{"embeddable":true,"href":"https:\/\/nashvilleschool.edu.hn\/wpnst\/wp-json\/wp\/v2\/comments?post=274"}],"version-history":[{"count":8,"href":"https:\/\/nashvilleschool.edu.hn\/wpnst\/wp-json\/wp\/v2\/pages\/274\/revisions"}],"predecessor-version":[{"id":2850,"href":"https:\/\/nashvilleschool.edu.hn\/wpnst\/wp-json\/wp\/v2\/pages\/274\/revisions\/2850"}],"wp:featuredmedia":[{"embeddable":true,"href":"https:\/\/nashvilleschool.edu.hn\/wpnst\/wp-json\/wp\/v2\/media\/2848"}],"wp:attachment":[{"href":"https:\/\/nashvilleschool.edu.hn\/wpnst\/wp-json\/wp\/v2\/media?parent=274"}],"curies":[{"name":"wp","href":"https:\/\/api.w.org\/{rel}","templated":true}]}}