{"id":264,"date":"2018-08-06T17:08:25","date_gmt":"2018-08-06T17:08:25","guid":{"rendered":"http:\/\/localhost\/wordpress\/?page_id=264"},"modified":"2019-12-10T03:44:10","modified_gmt":"2019-12-10T03:44:10","slug":"stuco","status":"publish","type":"page","link":"https:\/\/nashvilleschool.edu.hn\/wpnst\/vida-del-estudiante\/stuco\/","title":{"rendered":"STUCO"},"content":{"rendered":"\t\t<div data-elementor-type=\"wp-page\" data-elementor-id=\"264\" class=\"elementor elementor-264\">\n\t\t\t\t\t\t<section class=\"elementor-section elementor-top-section elementor-element elementor-element-73cac1c elementor-section-boxed elementor-section-height-default elementor-section-height-default\" data-id=\"73cac1c\" data-element_type=\"section\">\n\t\t\t\t\t\t<div class=\"elementor-container elementor-column-gap-default\">\n\t\t\t\t\t<div class=\"elementor-column elementor-col-33 elementor-top-column elementor-element elementor-element-66626c9\" data-id=\"66626c9\" data-element_type=\"column\">\n\t\t\t<div class=\"elementor-widget-wrap elementor-element-populated\">\n\t\t\t\t\t\t<div class=\"elementor-element elementor-element-9ccdc1f elementor-widget elementor-widget-image\" data-id=\"9ccdc1f\" data-element_type=\"widget\" data-widget_type=\"image.default\">\n\t\t\t\t<div class=\"elementor-widget-container\">\n\t\t\t\t\t\t\t\t\t\t\t\t\t\t\t<img fetchpriority=\"high\" decoding=\"async\" width=\"1024\" height=\"1024\" src=\"https:\/\/nashvilleschool.edu.hn\/wpnst\/wp-content\/uploads\/2019\/12\/STUCO-1024x1024.png\" class=\"attachment-large size-large wp-image-1113\" alt=\"\" srcset=\"https:\/\/nashvilleschool.edu.hn\/wpnst\/wp-content\/uploads\/2019\/12\/STUCO-1024x1024.png 1024w, https:\/\/nashvilleschool.edu.hn\/wpnst\/wp-content\/uploads\/2019\/12\/STUCO-150x150.png 150w, https:\/\/nashvilleschool.edu.hn\/wpnst\/wp-content\/uploads\/2019\/12\/STUCO-300x300.png 300w, https:\/\/nashvilleschool.edu.hn\/wpnst\/wp-content\/uploads\/2019\/12\/STUCO-768x768.png 768w, https:\/\/nashvilleschool.edu.hn\/wpnst\/wp-content\/uploads\/2019\/12\/STUCO-830x830.png 830w, https:\/\/nashvilleschool.edu.hn\/wpnst\/wp-content\/uploads\/2019\/12\/STUCO-230x230.png 230w, https:\/\/nashvilleschool.edu.hn\/wpnst\/wp-content\/uploads\/2019\/12\/STUCO-350x350.png 350w, https:\/\/nashvilleschool.edu.hn\/wpnst\/wp-content\/uploads\/2019\/12\/STUCO-480x480.png 480w, https:\/\/nashvilleschool.edu.hn\/wpnst\/wp-content\/uploads\/2019\/12\/STUCO.png 1054w\" sizes=\"(max-width: 1024px) 100vw, 1024px\" \/>\t\t\t\t\t\t\t\t\t\t\t\t\t\t\t<\/div>\n\t\t\t\t<\/div>\n\t\t\t\t\t<\/div>\n\t\t<\/div>\n\t\t\t\t<div class=\"elementor-column elementor-col-66 elementor-top-column elementor-element elementor-element-6a4c98a\" data-id=\"6a4c98a\" data-element_type=\"column\">\n\t\t\t<div class=\"elementor-widget-wrap elementor-element-populated\">\n\t\t\t\t\t\t<div class=\"elementor-element elementor-element-5c973df elementor-widget elementor-widget-text-editor\" data-id=\"5c973df\" data-element_type=\"widget\" data-widget_type=\"text-editor.default\">\n\t\t\t\t<div class=\"elementor-widget-container\">\n\t\t\t\t\t\t\t\t\t<p>El STUCO est\u00e1 conformado por los tres miembros que integraron las planillas electorales de las elecciones 2019-2020 los cuales ocupan los cargos de presidente, vicepresidente y secretario del Gobierno Escolar electos mediante la voluntad estudiantil, m\u00e1s la integraci\u00f3n de cada presidente de grado, los cuales implementaran los propuestas y proyectos para el mejoramiento acad\u00e9mico de los estudiantes.<\/p><p><strong>OBJETIVOS GENERALES:<\/strong><\/p><ol><li>Fortalecer la participaci\u00f3n comunitaria para el mejoramiento de la calidad educativa con la participaci\u00f3n de todos los actores.<\/li><li>Implementar estrategias de convivencia escolar mediante la participaci\u00f3n de igualdad y equidad.<\/li><li>Desarrollar actividades para mejorar la excelencia acad\u00e9mica de nuestra instrucci\u00f3n.<\/li><li>Contribuir con el mejoramiento de la ornamentar\u00eda de nuestra instituci\u00f3n.<\/li><li>Concientizar mediante campa\u00f1as sobre el cuidado del medioambiente.<strong> <br \/><\/strong><\/li><\/ol><p><strong>ACTIVIDADES A DESARROLLAR:<\/strong><\/p><ul><li>Implementar reforzamientos no solo para matem\u00e1ticas, sino otras asignaturas como qu\u00edmicas, f\u00edsica, literatura, gram\u00e1tica, etc.<\/li><li>Juegos tradicionales. En pre-escolar, primaria y secundaria.<\/li><li>Actividades econ\u00f3micas para el mejoramiento de espacios de nuestra instituci\u00f3n.<\/li><li>Compa\u00f1a de reforestaci\u00f3n.<\/li><li>Brindar talleres de liderazgo. Inteligencia emocional, Derechos Humanos, Problemas en la adolescencia, inclusi\u00f3n y equidad estudiantil, influencia de las redes sociales y m\u00fasica entre otros temas de relevancia social.<\/li><li>Desarrollar programas y campa\u00f1as de concientizaci\u00f3n sobre el cuidado de medio ambiente.<\/li><li>Actividades para la celebraci\u00f3n d\u00eda de la madre, del padre y del estudiante<\/li><li>Implementar equipos de varios deportes para realizar competencias internas dentro de la instituci\u00f3n. Como ser: Voleibol, Basquetbol, futbol.<\/li><li>Campa\u00f1as de prevenci\u00f3n ante los desastres naturales. Elaborar plan de contingencia estudiantil.<\/li><\/ul>\t\t\t\t\t\t\t\t<\/div>\n\t\t\t\t<\/div>\n\t\t\t\t\t<\/div>\n\t\t<\/div>\n\t\t\t\t\t<\/div>\n\t\t<\/section>\n\t\t\t\t<section class=\"elementor-section elementor-top-section elementor-element elementor-element-423e410 elementor-section-boxed elementor-section-height-default elementor-section-height-default\" data-id=\"423e410\" data-element_type=\"section\">\n\t\t\t\t\t\t<div class=\"elementor-container elementor-column-gap-default\">\n\t\t\t\t\t<div class=\"elementor-column elementor-col-100 elementor-top-column elementor-element elementor-element-1a7dce5\" data-id=\"1a7dce5\" data-element_type=\"column\">\n\t\t\t<div class=\"elementor-widget-wrap elementor-element-populated\">\n\t\t\t\t\t\t<div class=\"elementor-element elementor-element-7df5a71 elementor-widget elementor-widget-image\" data-id=\"7df5a71\" data-element_type=\"widget\" data-widget_type=\"image.default\">\n\t\t\t\t<div class=\"elementor-widget-container\">\n\t\t\t\t\t\t\t\t\t\t\t\t\t\t\t<img decoding=\"async\" width=\"431\" height=\"401\" src=\"https:\/\/nashvilleschool.edu.hn\/wpnst\/wp-content\/uploads\/2019\/12\/STUCO.jpg\" class=\"attachment-large size-large wp-image-1153\" alt=\"\" srcset=\"https:\/\/nashvilleschool.edu.hn\/wpnst\/wp-content\/uploads\/2019\/12\/STUCO.jpg 431w, https:\/\/nashvilleschool.edu.hn\/wpnst\/wp-content\/uploads\/2019\/12\/STUCO-300x279.jpg 300w, https:\/\/nashvilleschool.edu.hn\/wpnst\/wp-content\/uploads\/2019\/12\/STUCO-230x214.jpg 230w, https:\/\/nashvilleschool.edu.hn\/wpnst\/wp-content\/uploads\/2019\/12\/STUCO-350x326.jpg 350w\" sizes=\"(max-width: 431px) 100vw, 431px\" \/>\t\t\t\t\t\t\t\t\t\t\t\t\t\t\t<\/div>\n\t\t\t\t<\/div>\n\t\t\t\t\t<\/div>\n\t\t<\/div>\n\t\t\t\t\t<\/div>\n\t\t<\/section>\n\t\t\t\t<section class=\"elementor-section elementor-top-section elementor-element elementor-element-6c99625 elementor-section-boxed elementor-section-height-default elementor-section-height-default\" data-id=\"6c99625\" data-element_type=\"section\">\n\t\t\t\t\t\t<div class=\"elementor-container elementor-column-gap-default\">\n\t\t\t\t\t<div class=\"elementor-column elementor-col-100 elementor-top-column elementor-element elementor-element-ac643cf\" data-id=\"ac643cf\" data-element_type=\"column\">\n\t\t\t<div class=\"elementor-widget-wrap\">\n\t\t\t\t\t\t\t<\/div>\n\t\t<\/div>\n\t\t\t\t\t<\/div>\n\t\t<\/section>\n\t\t\t\t<\/div>\n\t\t","protected":false},"excerpt":{"rendered":"<p>El STUCO est\u00e1 conformado por los tres miembros que integraron las planillas electorales de las elecciones 2019-2020 los cuales ocupan los cargos [&hellip;]<\/p>\n","protected":false},"author":1,"featured_media":0,"parent":261,"menu_order":0,"comment_status":"closed","ping_status":"closed","template":"","meta":{"footnotes":""},"class_list":["post-264","page","type-page","status-publish","hentry"],"_links":{"self":[{"href":"https:\/\/nashvilleschool.edu.hn\/wpnst\/wp-json\/wp\/v2\/pages\/264","targetHints":{"allow":["GET"]}}],"collection":[{"href":"https:\/\/nashvilleschool.edu.hn\/wpnst\/wp-json\/wp\/v2\/pages"}],"about":[{"href":"https:\/\/nashvilleschool.edu.hn\/wpnst\/wp-json\/wp\/v2\/types\/page"}],"author":[{"embeddable":true,"href":"https:\/\/nashvilleschool.edu.hn\/wpnst\/wp-json\/wp\/v2\/users\/1"}],"replies":[{"embeddable":true,"href":"https:\/\/nashvilleschool.edu.hn\/wpnst\/wp-json\/wp\/v2\/comments?post=264"}],"version-history":[{"count":7,"href":"https:\/\/nashvilleschool.edu.hn\/wpnst\/wp-json\/wp\/v2\/pages\/264\/revisions"}],"predecessor-version":[{"id":1171,"href":"https:\/\/nashvilleschool.edu.hn\/wpnst\/wp-json\/wp\/v2\/pages\/264\/revisions\/1171"}],"up":[{"embeddable":true,"href":"https:\/\/nashvilleschool.edu.hn\/wpnst\/wp-json\/wp\/v2\/pages\/261"}],"wp:attachment":[{"href":"https:\/\/nashvilleschool.edu.hn\/wpnst\/wp-json\/wp\/v2\/media?parent=264"}],"curies":[{"name":"wp","href":"https:\/\/api.w.org\/{rel}","templated":true}]}}