{"id":227,"date":"2018-08-06T16:42:58","date_gmt":"2018-08-06T16:42:58","guid":{"rendered":"http:\/\/localhost\/wordpress\/?page_id=227"},"modified":"2020-01-10T02:07:44","modified_gmt":"2020-01-10T02:07:44","slug":"grupo-de-proyeccion-artistica-nst","status":"publish","type":"page","link":"https:\/\/nashvilleschool.edu.hn\/wpnst\/go-predators\/grupo-de-proyeccion-artistica-nst\/","title":{"rendered":"Grupo de Proyecci\u00f3n Art\u00edstica NST"},"content":{"rendered":"\t\t<div data-elementor-type=\"wp-page\" data-elementor-id=\"227\" class=\"elementor elementor-227\">\n\t\t\t\t\t\t<section class=\"elementor-section elementor-top-section elementor-element elementor-element-2dc67e7 elementor-section-boxed elementor-section-height-default elementor-section-height-default\" data-id=\"2dc67e7\" data-element_type=\"section\">\n\t\t\t\t\t\t<div class=\"elementor-container elementor-column-gap-default\">\n\t\t\t\t\t<div class=\"elementor-column elementor-col-100 elementor-top-column elementor-element elementor-element-e04a077\" data-id=\"e04a077\" data-element_type=\"column\">\n\t\t\t<div class=\"elementor-widget-wrap elementor-element-populated\">\n\t\t\t\t\t\t<div class=\"elementor-element elementor-element-cb861c0 elementor-widget elementor-widget-text-editor\" data-id=\"cb861c0\" data-element_type=\"widget\" data-widget_type=\"text-editor.default\">\n\t\t\t\t<div class=\"elementor-widget-container\">\n\t\t\t\t\t\t\t\t\t<p class=\"MsoNormal\" style=\"text-align: justify;\"><span lang=\"ES-HN\" style=\"font-size: 12.0pt; line-height: 115%; font-family: Arial;\">El folklore es un conjunto de costumbres y tradiciones de un pueblo y son transmitidos de generaci\u00f3n en generaci\u00f3n, como son las artesan\u00edas, gastronom\u00eda, m\u00fasica, baile entre otras.<\/span><\/p><p class=\"MsoNormal\" style=\"text-align: justify;\"><span lang=\"ES-HN\" style=\"font-size: 12.0pt; line-height: 115%; font-family: Arial;\">La Danza es un conjunto de movimientos coordinados al ritmo y comp\u00e1s de la m\u00fasica.<\/span><\/p><p class=\"MsoNormal\" style=\"text-align: justify;\"><span lang=\"ES-HN\" style=\"font-size: 12.0pt; line-height: 115%; font-family: Arial;\">La Danza Folkl\u00f3rica pertenece a una cultura o regi\u00f3n, puede ser bailada por cualquier persona sin importar la raza o la religi\u00f3n, ya que el folklore es del pueblo y para el pueblo.<\/span><\/p><p class=\"MsoNormal\" style=\"text-align: justify;\"><span lang=\"ES-HN\" style=\"font-size: 12.0pt; line-height: 115%; font-family: Arial;\">El Grupo de Proyecci\u00f3n Folkl\u00f3rica Nashville School Tegucigalpa, es una organizaci\u00f3n de car\u00e1cter art\u00edstico dirigido por el Licenciado Heber \u00c1vila con el objetivo de fomentar la identidad y cultura de Honduras. Est\u00e1 constituido por estudiantes de s\u00e9ptimo a d\u00e9cimo grado y tendr\u00e1n la tarea de representaran a la instituci\u00f3n en:<\/span><\/p><p class=\"MsoListParagraphCxSpFirst\" style=\"text-align: justify; text-indent: -.25in; mso-list: l0 level1 lfo2;\"><!-- [if !supportLists]--><span lang=\"ES-HN\" style=\"font-size: 12.0pt; line-height: 115%; font-family: Wingdings; mso-fareast-font-family: Wingdings; mso-bidi-font-family: Wingdings;\"><span style=\"mso-list: Ignore;\">\u00fc<span style=\"font: 7.0pt 'Times New Roman';\">\u00a0 <\/span><\/span><\/span><!--[endif]--><span lang=\"ES-HN\" style=\"font-size: 12.0pt; line-height: 115%; font-family: Arial;\">Actos c\u00edvicos <\/span><\/p><p class=\"MsoListParagraphCxSpMiddle\" style=\"text-align: justify; text-indent: -.25in; mso-list: l0 level1 lfo2;\"><!-- [if !supportLists]--><span lang=\"ES-HN\" style=\"font-size: 12.0pt; line-height: 115%; font-family: Wingdings; mso-fareast-font-family: Wingdings; mso-bidi-font-family: Wingdings;\"><span style=\"mso-list: Ignore;\">\u00fc<span style=\"font: 7.0pt 'Times New Roman';\">\u00a0 <\/span><\/span><\/span><!--[endif]--><span lang=\"ES-HN\" style=\"font-size: 12.0pt; line-height: 115%; font-family: Arial;\">Desfiles <\/span><\/p><p class=\"MsoListParagraphCxSpMiddle\" style=\"text-align: justify; text-indent: -.25in; mso-list: l0 level1 lfo2;\"><!-- [if !supportLists]--><span lang=\"ES-HN\" style=\"font-size: 12.0pt; line-height: 115%; font-family: Wingdings; mso-fareast-font-family: Wingdings; mso-bidi-font-family: Wingdings;\"><span style=\"mso-list: Ignore;\">\u00fc<span style=\"font: 7.0pt 'Times New Roman';\">\u00a0 <\/span><\/span><\/span><!--[endif]--><span lang=\"ES-HN\" style=\"font-size: 12.0pt; line-height: 115%; font-family: Arial;\">Festivales Regionales <\/span><\/p><p class=\"MsoListParagraphCxSpMiddle\" style=\"text-align: justify; text-indent: -.25in; mso-list: l0 level1 lfo2;\"><!-- [if !supportLists]--><span lang=\"ES-HN\" style=\"font-size: 12.0pt; line-height: 115%; font-family: Wingdings; mso-fareast-font-family: Wingdings; mso-bidi-font-family: Wingdings;\"><span style=\"mso-list: Ignore;\">\u00fc<span style=\"font: 7.0pt 'Times New Roman';\">\u00a0 <\/span><\/span><\/span><!--[endif]--><span lang=\"ES-HN\" style=\"font-size: 12.0pt; line-height: 115%; font-family: Arial;\">Festivales Nacionales <\/span><\/p><p class=\"MsoListParagraphCxSpMiddle\" style=\"text-align: justify; text-indent: -.25in; mso-list: l0 level1 lfo2;\"><!-- [if !supportLists]--><span lang=\"ES-HN\" style=\"font-size: 12.0pt; line-height: 115%; font-family: Wingdings; mso-fareast-font-family: Wingdings; mso-bidi-font-family: Wingdings;\"><span style=\"mso-list: Ignore;\">\u00fc<span style=\"font: 7.0pt 'Times New Roman';\">\u00a0 <\/span><\/span><\/span><!--[endif]--><span lang=\"ES-HN\" style=\"font-size: 12.0pt; line-height: 115%; font-family: Arial;\">Festivales Internacionales <\/span><\/p><p class=\"MsoListParagraphCxSpMiddle\" style=\"text-align: justify; text-indent: -.25in; mso-list: l0 level1 lfo2;\"><!-- [if !supportLists]--><span lang=\"ES-HN\" style=\"font-size: 12.0pt; line-height: 115%; font-family: Wingdings; mso-fareast-font-family: Wingdings; mso-bidi-font-family: Wingdings;\"><span style=\"mso-list: Ignore;\">\u00fc<span style=\"font: 7.0pt 'Times New Roman';\">\u00a0 <\/span><\/span><\/span><!--[endif]--><span lang=\"ES-HN\" style=\"font-size: 12.0pt; line-height: 115%; font-family: Arial;\">Otros eventos <\/span><\/p><p class=\"MsoNormal\" style=\"text-align: justify;\"><b style=\"mso-bidi-font-weight: normal;\"><span lang=\"ES-HN\" style=\"font-size: 12.0pt; line-height: 115%; font-family: Arial;\">OBJETIVOS GENERALES:<\/span><\/b><\/p><p class=\"MsoListParagraphCxSpFirst\" style=\"text-align: justify; text-indent: -.25in; mso-list: l1 level1 lfo1;\"><!-- [if !supportLists]--><span lang=\"ES-HN\" style=\"font-size: 12.0pt; line-height: 115%; font-family: Arial; mso-fareast-font-family: Arial;\"><span style=\"mso-list: Ignore;\">1.<span style=\"font: 7.0pt 'Times New Roman';\">\u00a0\u00a0\u00a0 <\/span><\/span><\/span><!--[endif]--><span lang=\"ES-HN\" style=\"font-size: 12.0pt; line-height: 115%; font-family: Arial;\">Promover y fomentar la cultura del pa\u00eds, a trav\u00e9s de la danza folkl\u00f3rica y todas sus manifestaciones.<\/span><\/p><p class=\"MsoListParagraphCxSpLast\" style=\"text-align: justify; text-indent: -.25in; mso-list: l1 level1 lfo1;\"><!-- [if !supportLists]--><span lang=\"ES-HN\" style=\"font-size: 12.0pt; line-height: 115%; font-family: Arial; mso-fareast-font-family: Arial;\"><span style=\"mso-list: Ignore;\">2.<span style=\"font: 7.0pt 'Times New Roman';\">\u00a0\u00a0\u00a0 <\/span><\/span><\/span><!--[endif]--><span lang=\"ES-HN\" style=\"font-size: 12.0pt; line-height: 115%; font-family: Arial;\">Hacer conciencia en los estudiantes y p\u00fablico en general de la importancia de la danza folkl\u00f3rica.<\/span><\/p><p class=\"MsoNormal\" style=\"text-align: justify;\"><b style=\"mso-bidi-font-weight: normal;\"><span lang=\"ES-HN\" style=\"font-size: 12.0pt; line-height: 115%; font-family: Arial;\">OBJETIVOS ESPEC\u00cdFICOS:<\/span><\/b><\/p><p class=\"MsoListParagraphCxSpFirst\" style=\"text-align: justify; text-indent: -.25in; mso-list: l2 level1 lfo3;\"><!-- [if !supportLists]--><span lang=\"ES-HN\" style=\"font-size: 12.0pt; line-height: 115%; font-family: Arial; mso-fareast-font-family: Arial;\"><span style=\"mso-list: Ignore;\">1.<span style=\"font: 7.0pt 'Times New Roman';\">\u00a0\u00a0\u00a0 <\/span><\/span><\/span><!--[endif]--><span lang=\"ES-HN\" style=\"font-size: 12.0pt; line-height: 115%; font-family: Arial;\">Desarrollo de habilidades:<\/span><\/p><p class=\"MsoListParagraphCxSpMiddle\" style=\"text-align: justify; text-indent: -.25in; mso-list: l4 level1 lfo4;\"><!-- [if !supportLists]--><span lang=\"ES-HN\" style=\"font-size: 12.0pt; line-height: 115%; font-family: Wingdings; mso-fareast-font-family: Wingdings; mso-bidi-font-family: Wingdings;\"><span style=\"mso-list: Ignore;\">\u00fc<span style=\"font: 7.0pt 'Times New Roman';\">\u00a0 <\/span><\/span><\/span><!--[endif]--><span lang=\"ES-HN\" style=\"font-size: 12.0pt; line-height: 115%; font-family: Arial;\">Coordinaci\u00f3n <\/span><\/p><p class=\"MsoListParagraphCxSpLast\" style=\"text-align: justify; text-indent: -.25in; mso-list: l4 level1 lfo4;\"><!-- [if !supportLists]--><span lang=\"ES-HN\" style=\"font-size: 12.0pt; line-height: 115%; font-family: Wingdings; mso-fareast-font-family: Wingdings; mso-bidi-font-family: Wingdings;\"><span style=\"mso-list: Ignore;\">\u00fc<span style=\"font: 7.0pt 'Times New Roman';\">\u00a0 <\/span><\/span><\/span><!--[endif]--><span lang=\"ES-HN\" style=\"font-size: 12.0pt; line-height: 115%; font-family: Arial;\">Ritmo <\/span><span lang=\"ES-HN\" style=\"font-size: 12.0pt; line-height: 115%; font-family: Arial;\">\u00a0<\/span><\/p><p class=\"MsoListParagraphCxSpFirst\" style=\"text-align: justify; text-indent: -.25in; mso-list: l2 level1 lfo3;\"><!-- [if !supportLists]--><span lang=\"ES-HN\" style=\"font-size: 12.0pt; line-height: 115%; font-family: Arial; mso-fareast-font-family: Arial;\"><span style=\"mso-list: Ignore;\">2.<span style=\"font: 7.0pt 'Times New Roman';\">\u00a0\u00a0\u00a0 <\/span><\/span><\/span><!--[endif]--><span lang=\"ES-HN\" style=\"font-size: 12.0pt; line-height: 115%; font-family: Arial;\">Desarrollo de talentos.<\/span><\/p><p class=\"MsoListParagraphCxSpMiddle\" style=\"margin-left: .75in; mso-add-space: auto; text-align: justify; text-indent: -.25in; mso-list: l3 level1 lfo5;\"><!-- [if !supportLists]--><span lang=\"ES-HN\" style=\"font-size: 12.0pt; line-height: 115%; font-family: Wingdings; mso-fareast-font-family: Wingdings; mso-bidi-font-family: Wingdings;\"><span style=\"mso-list: Ignore;\">\u00fc<span style=\"font: 7.0pt 'Times New Roman';\">\u00a0 <\/span><\/span><\/span><!--[endif]--><span lang=\"ES-HN\" style=\"font-size: 12.0pt; line-height: 115%; font-family: Arial;\">Baile<\/span><\/p><p class=\"MsoListParagraphCxSpMiddle\" style=\"margin-left: .75in; mso-add-space: auto; text-align: justify; text-indent: -.25in; mso-list: l3 level1 lfo5;\"><!-- [if !supportLists]--><span lang=\"ES-HN\" style=\"font-size: 12.0pt; line-height: 115%; font-family: Wingdings; mso-fareast-font-family: Wingdings; mso-bidi-font-family: Wingdings;\"><span style=\"mso-list: Ignore;\">\u00fc<span style=\"font: 7.0pt 'Times New Roman';\">\u00a0 <\/span><\/span><\/span><!--[endif]--><span lang=\"ES-HN\" style=\"font-size: 12.0pt; line-height: 115%; font-family: Arial;\">Expresi\u00f3n <\/span><\/p><p class=\"MsoListParagraphCxSpMiddle\" style=\"margin-left: .75in; mso-add-space: auto; text-align: justify; text-indent: -.25in; mso-list: l3 level1 lfo5;\"><!-- [if !supportLists]--><span lang=\"ES-HN\" style=\"font-size: 12.0pt; line-height: 115%; font-family: Wingdings; mso-fareast-font-family: Wingdings; mso-bidi-font-family: Wingdings;\"><span style=\"mso-list: Ignore;\">\u00fc<span style=\"font: 7.0pt 'Times New Roman';\">\u00a0 <\/span><\/span><\/span><!--[endif]--><span lang=\"ES-HN\" style=\"font-size: 12.0pt; line-height: 115%; font-family: Arial;\">Teatro <\/span><span lang=\"ES-HN\" style=\"font-size: 12.0pt; line-height: 115%; font-family: Arial;\">\u00a0<\/span><\/p><p class=\"MsoListParagraphCxSpMiddle\" style=\"text-align: justify; text-indent: -.25in; mso-list: l2 level1 lfo3;\"><!-- [if !supportLists]--><span lang=\"ES-HN\" style=\"font-size: 12.0pt; line-height: 115%; font-family: Arial; mso-fareast-font-family: Arial;\"><span style=\"mso-list: Ignore;\">3.<span style=\"font: 7.0pt 'Times New Roman';\">\u00a0\u00a0\u00a0 <\/span><\/span><\/span><!--[endif]--><span lang=\"ES-HN\" style=\"font-size: 12.0pt; line-height: 115%; font-family: Arial;\">Los alumnos conocer\u00e1n y ejecutaran las diferentes danzas folkl\u00f3ricas que existen en nuestro pa\u00eds.<\/span><\/p><p><!-- [if gte mso 10]><\/p>\n<style>\n \/* Style Definitions *\/<br \/>\ntable.MsoNormalTable<br \/>\n\t{mso-style-name:\"Tabla normal\";<br \/>\n\tmso-tstyle-rowband-size:0;<br \/>\n\tmso-tstyle-colband-size:0;<br \/>\n\tmso-style-noshow:yes;<br \/>\n\tmso-style-priority:99;<br \/>\n\tmso-style-parent:\"\";<br \/>\n\tmso-padding-alt:0in 5.4pt 0in 5.4pt;<br \/>\n\tmso-para-margin-top:0in;<br \/>\n\tmso-para-margin-right:0in;<br \/>\n\tmso-para-margin-bottom:8.0pt;<br \/>\n\tmso-para-margin-left:0in;<br \/>\n\tline-height:107%;<br \/>\n\tmso-pagination:widow-orphan;<br \/>\n\tfont-size:11.0pt;<br \/>\n\tfont-family:Calibri;<br \/>\n\tmso-ascii-font-family:Calibri;<br \/>\n\tmso-ascii-theme-font:minor-latin;<br \/>\n\tmso-hansi-font-family:Calibri;<br \/>\n\tmso-hansi-theme-font:minor-latin;<br \/>\n\tmso-ansi-language:ES-HN;<br \/>\n\tmso-fareast-language:EN-US;}<br \/>\n<\/style>\n<p><![endif]--> <!--StartFragment--> <!--EndFragment--><\/p><p class=\"MsoListParagraphCxSpLast\" style=\"text-align: justify; text-indent: -.25in; mso-list: l2 level1 lfo3;\"><!-- [if !supportLists]--><span lang=\"ES-HN\" style=\"font-size: 12.0pt; line-height: 115%; font-family: Arial; mso-fareast-font-family: Arial;\"><span style=\"mso-list: Ignore;\">4.<span style=\"font: 7.0pt 'Times New Roman';\">\u00a0\u00a0\u00a0<\/span><\/span><\/span><span lang=\"ES-HN\" style=\"font-size: 12.0pt; line-height: 115%; font-family: Arial;\">Formar un grupo nacido de la disciplina, responsabilidad, compromiso y un alto inter\u00e9s por las manifestaciones culturales y art\u00edsticas de nuestro pa\u00eds.<\/span><\/p>\t\t\t\t\t\t\t\t<\/div>\n\t\t\t\t<\/div>\n\t\t\t\t\t<\/div>\n\t\t<\/div>\n\t\t\t\t\t<\/div>\n\t\t<\/section>\n\t\t\t\t<section class=\"elementor-section elementor-top-section elementor-element elementor-element-94d8f05 elementor-section-boxed elementor-section-height-default elementor-section-height-default\" data-id=\"94d8f05\" data-element_type=\"section\">\n\t\t\t\t\t\t<div class=\"elementor-container elementor-column-gap-default\">\n\t\t\t\t\t<div class=\"elementor-column elementor-col-100 elementor-top-column elementor-element elementor-element-a4d7c01\" data-id=\"a4d7c01\" data-element_type=\"column\">\n\t\t\t<div class=\"elementor-widget-wrap elementor-element-populated\">\n\t\t\t\t\t\t<div class=\"elementor-element elementor-element-a5ceb52 elementor-arrows-position-inside elementor-pagination-position-outside elementor-widget elementor-widget-image-carousel\" data-id=\"a5ceb52\" data-element_type=\"widget\" data-settings=\"{&quot;slides_to_show&quot;:&quot;1&quot;,&quot;navigation&quot;:&quot;both&quot;,&quot;autoplay&quot;:&quot;yes&quot;,&quot;pause_on_hover&quot;:&quot;yes&quot;,&quot;pause_on_interaction&quot;:&quot;yes&quot;,&quot;autoplay_speed&quot;:5000,&quot;infinite&quot;:&quot;yes&quot;,&quot;effect&quot;:&quot;slide&quot;,&quot;speed&quot;:500}\" data-widget_type=\"image-carousel.default\">\n\t\t\t\t<div class=\"elementor-widget-container\">\n\t\t\t\t\t\t\t<div class=\"elementor-image-carousel-wrapper swiper\" role=\"region\" aria-roledescription=\"carousel\" aria-label=\"Carrusel de im\u00e1genes\" dir=\"ltr\">\n\t\t\t<div class=\"elementor-image-carousel swiper-wrapper swiper-image-stretch\" aria-live=\"off\">\n\t\t\t\t\t\t\t\t<div class=\"swiper-slide\" role=\"group\" aria-roledescription=\"slide\" aria-label=\"1 de 5\"><a data-elementor-open-lightbox=\"yes\" data-elementor-lightbox-slideshow=\"a5ceb52\" data-elementor-lightbox-title=\"1\" data-e-action-hash=\"#elementor-action%3Aaction%3Dlightbox%26settings%3DeyJpZCI6MTIzNSwidXJsIjoiaHR0cHM6XC9cL25hc2h2aWxsZXNjaG9vbC5lZHUuaG5cL3dwbnN0XC93cC1jb250ZW50XC91cGxvYWRzXC8yMDIwXC8wMVwvMS5qcGciLCJzbGlkZXNob3ciOiJhNWNlYjUyIn0%3D\" href=\"https:\/\/nashvilleschool.edu.hn\/wpnst\/wp-content\/uploads\/2020\/01\/1.jpg\"><figure class=\"swiper-slide-inner\"><img decoding=\"async\" class=\"swiper-slide-image\" src=\"https:\/\/nashvilleschool.edu.hn\/wpnst\/wp-content\/uploads\/2020\/01\/1.jpg\" alt=\"1\" \/><\/figure><\/a><\/div><div class=\"swiper-slide\" role=\"group\" aria-roledescription=\"slide\" aria-label=\"2 de 5\"><a data-elementor-open-lightbox=\"yes\" data-elementor-lightbox-slideshow=\"a5ceb52\" data-elementor-lightbox-title=\"2\" data-e-action-hash=\"#elementor-action%3Aaction%3Dlightbox%26settings%3DeyJpZCI6MTIzNiwidXJsIjoiaHR0cHM6XC9cL25hc2h2aWxsZXNjaG9vbC5lZHUuaG5cL3dwbnN0XC93cC1jb250ZW50XC91cGxvYWRzXC8yMDIwXC8wMVwvMi5qcGciLCJzbGlkZXNob3ciOiJhNWNlYjUyIn0%3D\" href=\"https:\/\/nashvilleschool.edu.hn\/wpnst\/wp-content\/uploads\/2020\/01\/2.jpg\"><figure class=\"swiper-slide-inner\"><img decoding=\"async\" class=\"swiper-slide-image\" src=\"https:\/\/nashvilleschool.edu.hn\/wpnst\/wp-content\/uploads\/2020\/01\/2.jpg\" alt=\"2\" \/><\/figure><\/a><\/div><div class=\"swiper-slide\" role=\"group\" aria-roledescription=\"slide\" aria-label=\"3 de 5\"><a data-elementor-open-lightbox=\"yes\" data-elementor-lightbox-slideshow=\"a5ceb52\" data-elementor-lightbox-title=\"3\" data-e-action-hash=\"#elementor-action%3Aaction%3Dlightbox%26settings%3DeyJpZCI6MTIzOCwidXJsIjoiaHR0cHM6XC9cL25hc2h2aWxsZXNjaG9vbC5lZHUuaG5cL3dwbnN0XC93cC1jb250ZW50XC91cGxvYWRzXC8yMDIwXC8wMVwvMy5qcGciLCJzbGlkZXNob3ciOiJhNWNlYjUyIn0%3D\" href=\"https:\/\/nashvilleschool.edu.hn\/wpnst\/wp-content\/uploads\/2020\/01\/3.jpg\"><figure class=\"swiper-slide-inner\"><img decoding=\"async\" class=\"swiper-slide-image\" src=\"https:\/\/nashvilleschool.edu.hn\/wpnst\/wp-content\/uploads\/2020\/01\/3.jpg\" alt=\"3\" \/><\/figure><\/a><\/div><div class=\"swiper-slide\" role=\"group\" aria-roledescription=\"slide\" aria-label=\"4 de 5\"><a data-elementor-open-lightbox=\"yes\" data-elementor-lightbox-slideshow=\"a5ceb52\" data-elementor-lightbox-title=\"4\" data-e-action-hash=\"#elementor-action%3Aaction%3Dlightbox%26settings%3DeyJpZCI6MTIzOSwidXJsIjoiaHR0cHM6XC9cL25hc2h2aWxsZXNjaG9vbC5lZHUuaG5cL3dwbnN0XC93cC1jb250ZW50XC91cGxvYWRzXC8yMDIwXC8wMVwvNC5qcGciLCJzbGlkZXNob3ciOiJhNWNlYjUyIn0%3D\" href=\"https:\/\/nashvilleschool.edu.hn\/wpnst\/wp-content\/uploads\/2020\/01\/4.jpg\"><figure class=\"swiper-slide-inner\"><img decoding=\"async\" class=\"swiper-slide-image\" src=\"https:\/\/nashvilleschool.edu.hn\/wpnst\/wp-content\/uploads\/2020\/01\/4.jpg\" alt=\"4\" \/><\/figure><\/a><\/div><div class=\"swiper-slide\" role=\"group\" aria-roledescription=\"slide\" aria-label=\"5 de 5\"><a data-elementor-open-lightbox=\"yes\" data-elementor-lightbox-slideshow=\"a5ceb52\" data-elementor-lightbox-title=\"5\" data-e-action-hash=\"#elementor-action%3Aaction%3Dlightbox%26settings%3DeyJpZCI6MTI0MCwidXJsIjoiaHR0cHM6XC9cL25hc2h2aWxsZXNjaG9vbC5lZHUuaG5cL3dwbnN0XC93cC1jb250ZW50XC91cGxvYWRzXC8yMDIwXC8wMVwvNS5qcGciLCJzbGlkZXNob3ciOiJhNWNlYjUyIn0%3D\" href=\"https:\/\/nashvilleschool.edu.hn\/wpnst\/wp-content\/uploads\/2020\/01\/5.jpg\"><figure class=\"swiper-slide-inner\"><img decoding=\"async\" class=\"swiper-slide-image\" src=\"https:\/\/nashvilleschool.edu.hn\/wpnst\/wp-content\/uploads\/2020\/01\/5.jpg\" alt=\"5\" \/><\/figure><\/a><\/div>\t\t\t<\/div>\n\t\t\t\t\t\t\t\t\t\t\t\t<div class=\"elementor-swiper-button elementor-swiper-button-prev\" role=\"button\" tabindex=\"0\">\n\t\t\t\t\t\t<i aria-hidden=\"true\" class=\"eicon-chevron-left\"><\/i>\t\t\t\t\t<\/div>\n\t\t\t\t\t<div class=\"elementor-swiper-button elementor-swiper-button-next\" role=\"button\" tabindex=\"0\">\n\t\t\t\t\t\t<i aria-hidden=\"true\" class=\"eicon-chevron-right\"><\/i>\t\t\t\t\t<\/div>\n\t\t\t\t\n\t\t\t\t\t\t\t\t\t<div class=\"swiper-pagination\"><\/div>\n\t\t\t\t\t\t\t\t\t<\/div>\n\t\t\t\t\t\t<\/div>\n\t\t\t\t<\/div>\n\t\t\t\t\t<\/div>\n\t\t<\/div>\n\t\t\t\t\t<\/div>\n\t\t<\/section>\n\t\t\t\t<\/div>\n\t\t","protected":false},"excerpt":{"rendered":"<p>El folklore es un conjunto de costumbres y tradiciones de un pueblo y son transmitidos de generaci\u00f3n en generaci\u00f3n, como son las [&hellip;]<\/p>\n","protected":false},"author":1,"featured_media":0,"parent":176,"menu_order":0,"comment_status":"closed","ping_status":"closed","template":"","meta":{"footnotes":""},"class_list":["post-227","page","type-page","status-publish","hentry"],"_links":{"self":[{"href":"https:\/\/nashvilleschool.edu.hn\/wpnst\/wp-json\/wp\/v2\/pages\/227","targetHints":{"allow":["GET"]}}],"collection":[{"href":"https:\/\/nashvilleschool.edu.hn\/wpnst\/wp-json\/wp\/v2\/pages"}],"about":[{"href":"https:\/\/nashvilleschool.edu.hn\/wpnst\/wp-json\/wp\/v2\/types\/page"}],"author":[{"embeddable":true,"href":"https:\/\/nashvilleschool.edu.hn\/wpnst\/wp-json\/wp\/v2\/users\/1"}],"replies":[{"embeddable":true,"href":"https:\/\/nashvilleschool.edu.hn\/wpnst\/wp-json\/wp\/v2\/comments?post=227"}],"version-history":[{"count":4,"href":"https:\/\/nashvilleschool.edu.hn\/wpnst\/wp-json\/wp\/v2\/pages\/227\/revisions"}],"predecessor-version":[{"id":1242,"href":"https:\/\/nashvilleschool.edu.hn\/wpnst\/wp-json\/wp\/v2\/pages\/227\/revisions\/1242"}],"up":[{"embeddable":true,"href":"https:\/\/nashvilleschool.edu.hn\/wpnst\/wp-json\/wp\/v2\/pages\/176"}],"wp:attachment":[{"href":"https:\/\/nashvilleschool.edu.hn\/wpnst\/wp-json\/wp\/v2\/media?parent=227"}],"curies":[{"name":"wp","href":"https:\/\/api.w.org\/{rel}","templated":true}]}}