{"id":221,"date":"2018-08-06T16:41:49","date_gmt":"2018-08-06T16:41:49","guid":{"rendered":"http:\/\/localhost\/wordpress\/?page_id=221"},"modified":"2020-01-10T03:18:47","modified_gmt":"2020-01-10T03:18:47","slug":"nst-chorus","status":"publish","type":"page","link":"https:\/\/nashvilleschool.edu.hn\/wpnst\/go-predators\/nst-chorus\/","title":{"rendered":"NST Chorus"},"content":{"rendered":"\t\t<div data-elementor-type=\"wp-page\" data-elementor-id=\"221\" class=\"elementor elementor-221\">\n\t\t\t\t\t\t<section class=\"elementor-section elementor-top-section elementor-element elementor-element-4f1022d elementor-section-boxed elementor-section-height-default elementor-section-height-default\" data-id=\"4f1022d\" data-element_type=\"section\">\n\t\t\t\t\t\t<div class=\"elementor-container elementor-column-gap-default\">\n\t\t\t\t\t<div class=\"elementor-column elementor-col-33 elementor-top-column elementor-element elementor-element-e6582fa\" data-id=\"e6582fa\" data-element_type=\"column\">\n\t\t\t<div class=\"elementor-widget-wrap\">\n\t\t\t\t\t\t\t<\/div>\n\t\t<\/div>\n\t\t\t\t<div class=\"elementor-column elementor-col-66 elementor-top-column elementor-element elementor-element-c1c9911\" data-id=\"c1c9911\" data-element_type=\"column\">\n\t\t\t<div class=\"elementor-widget-wrap elementor-element-populated\">\n\t\t\t\t\t\t<div class=\"elementor-element elementor-element-cc74ec8 elementor-widget elementor-widget-text-editor\" data-id=\"cc74ec8\" data-element_type=\"widget\" data-widget_type=\"text-editor.default\">\n\t\t\t\t<div class=\"elementor-widget-container\">\n\t\t\t\t\t\t\t\t\t<p>Es un grupo vocal conformado por ni\u00f1os y j\u00f3venes desde 3ro hasta 10mo grado dirigido por las Profesoras Karen Nolasco y Lourdes Rubio ambas egresadas de la Escuela Nacional de M\u00fasica.<\/p><p>El coro interpreta m\u00fasica a cappella y con acompa\u00f1amiento instrumental durante todo el a\u00f1o escolar en fiestas c\u00edvicas, y eventos extracurriculares dentro y fuera de la instituci\u00f3n.<\/p><p>El Grupo coro de Nashville School Tegucigalpa, tendr\u00e1n la tarea de representaran a la instituci\u00f3n en:<\/p><ul><li>Actos c\u00edvicos<\/li><li>Festivales Regionales<\/li><li>Festivales Nacionales<\/li><li>Otros eventos<\/li><\/ul><p><strong>OBJETIVOS GENERALES:<\/strong><\/p><ol><li>Crear un coro infantil en Nashville School, como un proyecto social y art\u00edstico respaldado por el Departamento de M\u00fasica y Artes de la instituci\u00f3n.<\/li><li>Impulsar la expresi\u00f3n art\u00edstica a trav\u00e9s del canto coral, realizando presentaciones dentro y fuera de la Instituci\u00f3n.<\/li><li>Promover y fomentar la cultura del pa\u00eds, a trav\u00e9s del canto.<\/li><\/ol><p><strong>OBJETIVOS ESPEC\u00cdFICOS <\/strong><\/p><ol><li>Escoger un repertorio al un\u00edsono pertinente para el coro, teniendo en cuenta que debe ser atractivo para los ni\u00f1os y a su vez tener un contenido educativo.<\/li><li>Hacer un an\u00e1lisis musical de las canciones para identificar las dificultades t\u00e9cnicas y proponer ejercicios vocales que faciliten su interpretaci\u00f3n.<\/li><li>Lograr que los ni\u00f1os entiendan e interioricen la diferencia entre cantar y hablar.<\/li><li>Documentar mediante diferentes m\u00e9todos el proceso evolutivo del coro (filmaciones y material escrito).<\/li><li>Captar la manera en que los ni\u00f1os perciben y experimentan el proceso, mediante el uso de metodolog\u00edas espec\u00edficas (bit\u00e1coras y entrevistas filmadas).<\/li><li>Hacer una reflexi\u00f3n personal acerca de c\u00f3mo el entorno puede afectar el desarrollo del coro, y c\u00f3mo el trabajo coral podr\u00eda influir en el entorno de los ni\u00f1os.<\/li><li>Participar en festivales, fiestas c\u00edvicas y conciertos como muestra final del trabajo realizado con el coro.<\/li><\/ol><p>Cualquier invitaci\u00f3n puede hac\u00e9rnosla llegar a <strong>info@nashvilleschool.edu.hn<\/strong><\/p>\t\t\t\t\t\t\t\t<\/div>\n\t\t\t\t<\/div>\n\t\t\t\t\t<\/div>\n\t\t<\/div>\n\t\t\t\t\t<\/div>\n\t\t<\/section>\n\t\t\t\t<section class=\"elementor-section elementor-top-section elementor-element elementor-element-937a515 elementor-section-boxed elementor-section-height-default elementor-section-height-default\" data-id=\"937a515\" data-element_type=\"section\">\n\t\t\t\t\t\t<div class=\"elementor-container elementor-column-gap-default\">\n\t\t\t\t\t<div class=\"elementor-column elementor-col-100 elementor-top-column elementor-element elementor-element-f9f8bcc\" data-id=\"f9f8bcc\" data-element_type=\"column\">\n\t\t\t<div class=\"elementor-widget-wrap elementor-element-populated\">\n\t\t\t\t\t\t<div class=\"elementor-element elementor-element-06e772d elementor-arrows-position-inside elementor-pagination-position-outside elementor-widget elementor-widget-image-carousel\" data-id=\"06e772d\" data-element_type=\"widget\" data-settings=\"{&quot;navigation&quot;:&quot;both&quot;,&quot;autoplay&quot;:&quot;yes&quot;,&quot;pause_on_hover&quot;:&quot;yes&quot;,&quot;pause_on_interaction&quot;:&quot;yes&quot;,&quot;autoplay_speed&quot;:5000,&quot;infinite&quot;:&quot;yes&quot;,&quot;speed&quot;:500}\" data-widget_type=\"image-carousel.default\">\n\t\t\t\t<div class=\"elementor-widget-container\">\n\t\t\t\t\t\t\t<div class=\"elementor-image-carousel-wrapper swiper\" role=\"region\" aria-roledescription=\"carousel\" aria-label=\"Carrusel de im\u00e1genes\" dir=\"ltr\">\n\t\t\t<div class=\"elementor-image-carousel swiper-wrapper swiper-image-stretch\" aria-live=\"off\">\n\t\t\t\t\t\t\t\t<div class=\"swiper-slide\" role=\"group\" aria-roledescription=\"slide\" aria-label=\"1 de 10\"><a data-elementor-open-lightbox=\"yes\" data-elementor-lightbox-slideshow=\"06e772d\" data-elementor-lightbox-title=\"1\" data-e-action-hash=\"#elementor-action%3Aaction%3Dlightbox%26settings%3DeyJpZCI6MTI1OSwidXJsIjoiaHR0cHM6XC9cL25hc2h2aWxsZXNjaG9vbC5lZHUuaG5cL3dwbnN0XC93cC1jb250ZW50XC91cGxvYWRzXC8yMDIwXC8wMVwvMS0yLmpwZyIsInNsaWRlc2hvdyI6IjA2ZTc3MmQifQ%3D%3D\" href=\"https:\/\/nashvilleschool.edu.hn\/wpnst\/wp-content\/uploads\/2020\/01\/1-2.jpg\"><figure class=\"swiper-slide-inner\"><img decoding=\"async\" class=\"swiper-slide-image\" src=\"https:\/\/nashvilleschool.edu.hn\/wpnst\/wp-content\/uploads\/2020\/01\/1-2.jpg\" alt=\"1\" \/><\/figure><\/a><\/div><div class=\"swiper-slide\" role=\"group\" aria-roledescription=\"slide\" aria-label=\"2 de 10\"><a data-elementor-open-lightbox=\"yes\" data-elementor-lightbox-slideshow=\"06e772d\" data-elementor-lightbox-title=\"2\" data-e-action-hash=\"#elementor-action%3Aaction%3Dlightbox%26settings%3DeyJpZCI6MTI2MCwidXJsIjoiaHR0cHM6XC9cL25hc2h2aWxsZXNjaG9vbC5lZHUuaG5cL3dwbnN0XC93cC1jb250ZW50XC91cGxvYWRzXC8yMDIwXC8wMVwvMi0yLmpwZyIsInNsaWRlc2hvdyI6IjA2ZTc3MmQifQ%3D%3D\" href=\"https:\/\/nashvilleschool.edu.hn\/wpnst\/wp-content\/uploads\/2020\/01\/2-2.jpg\"><figure class=\"swiper-slide-inner\"><img decoding=\"async\" class=\"swiper-slide-image\" src=\"https:\/\/nashvilleschool.edu.hn\/wpnst\/wp-content\/uploads\/2020\/01\/2-2.jpg\" alt=\"2\" \/><\/figure><\/a><\/div><div class=\"swiper-slide\" role=\"group\" aria-roledescription=\"slide\" aria-label=\"3 de 10\"><a data-elementor-open-lightbox=\"yes\" data-elementor-lightbox-slideshow=\"06e772d\" data-elementor-lightbox-title=\"3\" data-e-action-hash=\"#elementor-action%3Aaction%3Dlightbox%26settings%3DeyJpZCI6MTI2MSwidXJsIjoiaHR0cHM6XC9cL25hc2h2aWxsZXNjaG9vbC5lZHUuaG5cL3dwbnN0XC93cC1jb250ZW50XC91cGxvYWRzXC8yMDIwXC8wMVwvMy0yLmpwZyIsInNsaWRlc2hvdyI6IjA2ZTc3MmQifQ%3D%3D\" href=\"https:\/\/nashvilleschool.edu.hn\/wpnst\/wp-content\/uploads\/2020\/01\/3-2.jpg\"><figure class=\"swiper-slide-inner\"><img decoding=\"async\" class=\"swiper-slide-image\" src=\"https:\/\/nashvilleschool.edu.hn\/wpnst\/wp-content\/uploads\/2020\/01\/3-2.jpg\" alt=\"3\" \/><\/figure><\/a><\/div><div class=\"swiper-slide\" role=\"group\" aria-roledescription=\"slide\" aria-label=\"4 de 10\"><a data-elementor-open-lightbox=\"yes\" data-elementor-lightbox-slideshow=\"06e772d\" data-elementor-lightbox-title=\"4\" data-e-action-hash=\"#elementor-action%3Aaction%3Dlightbox%26settings%3DeyJpZCI6MTI2MiwidXJsIjoiaHR0cHM6XC9cL25hc2h2aWxsZXNjaG9vbC5lZHUuaG5cL3dwbnN0XC93cC1jb250ZW50XC91cGxvYWRzXC8yMDIwXC8wMVwvNC0yLmpwZyIsInNsaWRlc2hvdyI6IjA2ZTc3MmQifQ%3D%3D\" href=\"https:\/\/nashvilleschool.edu.hn\/wpnst\/wp-content\/uploads\/2020\/01\/4-2.jpg\"><figure class=\"swiper-slide-inner\"><img decoding=\"async\" class=\"swiper-slide-image\" src=\"https:\/\/nashvilleschool.edu.hn\/wpnst\/wp-content\/uploads\/2020\/01\/4-2.jpg\" alt=\"4\" \/><\/figure><\/a><\/div><div class=\"swiper-slide\" role=\"group\" aria-roledescription=\"slide\" aria-label=\"5 de 10\"><a data-elementor-open-lightbox=\"yes\" data-elementor-lightbox-slideshow=\"06e772d\" data-elementor-lightbox-title=\"5\" data-e-action-hash=\"#elementor-action%3Aaction%3Dlightbox%26settings%3DeyJpZCI6MTI2MywidXJsIjoiaHR0cHM6XC9cL25hc2h2aWxsZXNjaG9vbC5lZHUuaG5cL3dwbnN0XC93cC1jb250ZW50XC91cGxvYWRzXC8yMDIwXC8wMVwvNS0yLmpwZyIsInNsaWRlc2hvdyI6IjA2ZTc3MmQifQ%3D%3D\" href=\"https:\/\/nashvilleschool.edu.hn\/wpnst\/wp-content\/uploads\/2020\/01\/5-2.jpg\"><figure class=\"swiper-slide-inner\"><img decoding=\"async\" class=\"swiper-slide-image\" src=\"https:\/\/nashvilleschool.edu.hn\/wpnst\/wp-content\/uploads\/2020\/01\/5-2.jpg\" alt=\"5\" \/><\/figure><\/a><\/div><div class=\"swiper-slide\" role=\"group\" aria-roledescription=\"slide\" aria-label=\"6 de 10\"><a data-elementor-open-lightbox=\"yes\" data-elementor-lightbox-slideshow=\"06e772d\" data-elementor-lightbox-title=\"6\" data-e-action-hash=\"#elementor-action%3Aaction%3Dlightbox%26settings%3DeyJpZCI6MTI2NCwidXJsIjoiaHR0cHM6XC9cL25hc2h2aWxsZXNjaG9vbC5lZHUuaG5cL3dwbnN0XC93cC1jb250ZW50XC91cGxvYWRzXC8yMDIwXC8wMVwvNi0xLmpwZyIsInNsaWRlc2hvdyI6IjA2ZTc3MmQifQ%3D%3D\" href=\"https:\/\/nashvilleschool.edu.hn\/wpnst\/wp-content\/uploads\/2020\/01\/6-1.jpg\"><figure class=\"swiper-slide-inner\"><img decoding=\"async\" class=\"swiper-slide-image\" src=\"https:\/\/nashvilleschool.edu.hn\/wpnst\/wp-content\/uploads\/2020\/01\/6-1.jpg\" alt=\"6\" \/><\/figure><\/a><\/div><div class=\"swiper-slide\" role=\"group\" aria-roledescription=\"slide\" aria-label=\"7 de 10\"><a data-elementor-open-lightbox=\"yes\" data-elementor-lightbox-slideshow=\"06e772d\" data-elementor-lightbox-title=\"7\" data-e-action-hash=\"#elementor-action%3Aaction%3Dlightbox%26settings%3DeyJpZCI6MTI2NSwidXJsIjoiaHR0cHM6XC9cL25hc2h2aWxsZXNjaG9vbC5lZHUuaG5cL3dwbnN0XC93cC1jb250ZW50XC91cGxvYWRzXC8yMDIwXC8wMVwvNy0xLmpwZyIsInNsaWRlc2hvdyI6IjA2ZTc3MmQifQ%3D%3D\" href=\"https:\/\/nashvilleschool.edu.hn\/wpnst\/wp-content\/uploads\/2020\/01\/7-1.jpg\"><figure class=\"swiper-slide-inner\"><img decoding=\"async\" class=\"swiper-slide-image\" src=\"https:\/\/nashvilleschool.edu.hn\/wpnst\/wp-content\/uploads\/2020\/01\/7-1.jpg\" alt=\"7\" \/><\/figure><\/a><\/div><div class=\"swiper-slide\" role=\"group\" aria-roledescription=\"slide\" aria-label=\"8 de 10\"><a data-elementor-open-lightbox=\"yes\" data-elementor-lightbox-slideshow=\"06e772d\" data-elementor-lightbox-title=\"8\" data-e-action-hash=\"#elementor-action%3Aaction%3Dlightbox%26settings%3DeyJpZCI6MTI2NiwidXJsIjoiaHR0cHM6XC9cL25hc2h2aWxsZXNjaG9vbC5lZHUuaG5cL3dwbnN0XC93cC1jb250ZW50XC91cGxvYWRzXC8yMDIwXC8wMVwvOC0xLmpwZyIsInNsaWRlc2hvdyI6IjA2ZTc3MmQifQ%3D%3D\" href=\"https:\/\/nashvilleschool.edu.hn\/wpnst\/wp-content\/uploads\/2020\/01\/8-1.jpg\"><figure class=\"swiper-slide-inner\"><img decoding=\"async\" class=\"swiper-slide-image\" src=\"https:\/\/nashvilleschool.edu.hn\/wpnst\/wp-content\/uploads\/2020\/01\/8-1.jpg\" alt=\"8\" \/><\/figure><\/a><\/div><div class=\"swiper-slide\" role=\"group\" aria-roledescription=\"slide\" aria-label=\"9 de 10\"><a data-elementor-open-lightbox=\"yes\" data-elementor-lightbox-slideshow=\"06e772d\" data-elementor-lightbox-title=\"9\" data-e-action-hash=\"#elementor-action%3Aaction%3Dlightbox%26settings%3DeyJpZCI6MTI2NywidXJsIjoiaHR0cHM6XC9cL25hc2h2aWxsZXNjaG9vbC5lZHUuaG5cL3dwbnN0XC93cC1jb250ZW50XC91cGxvYWRzXC8yMDIwXC8wMVwvOS5qcGciLCJzbGlkZXNob3ciOiIwNmU3NzJkIn0%3D\" href=\"https:\/\/nashvilleschool.edu.hn\/wpnst\/wp-content\/uploads\/2020\/01\/9.jpg\"><figure class=\"swiper-slide-inner\"><img decoding=\"async\" class=\"swiper-slide-image\" src=\"https:\/\/nashvilleschool.edu.hn\/wpnst\/wp-content\/uploads\/2020\/01\/9.jpg\" alt=\"9\" \/><\/figure><\/a><\/div><div class=\"swiper-slide\" role=\"group\" aria-roledescription=\"slide\" aria-label=\"10 de 10\"><a data-elementor-open-lightbox=\"yes\" data-elementor-lightbox-slideshow=\"06e772d\" data-elementor-lightbox-title=\"10\" data-e-action-hash=\"#elementor-action%3Aaction%3Dlightbox%26settings%3DeyJpZCI6MTI2OCwidXJsIjoiaHR0cHM6XC9cL25hc2h2aWxsZXNjaG9vbC5lZHUuaG5cL3dwbnN0XC93cC1jb250ZW50XC91cGxvYWRzXC8yMDIwXC8wMVwvMTAuanBnIiwic2xpZGVzaG93IjoiMDZlNzcyZCJ9\" href=\"https:\/\/nashvilleschool.edu.hn\/wpnst\/wp-content\/uploads\/2020\/01\/10.jpg\"><figure class=\"swiper-slide-inner\"><img decoding=\"async\" class=\"swiper-slide-image\" src=\"https:\/\/nashvilleschool.edu.hn\/wpnst\/wp-content\/uploads\/2020\/01\/10.jpg\" alt=\"10\" \/><\/figure><\/a><\/div>\t\t\t<\/div>\n\t\t\t\t\t\t\t\t\t\t\t\t<div class=\"elementor-swiper-button elementor-swiper-button-prev\" role=\"button\" tabindex=\"0\">\n\t\t\t\t\t\t<i aria-hidden=\"true\" class=\"eicon-chevron-left\"><\/i>\t\t\t\t\t<\/div>\n\t\t\t\t\t<div class=\"elementor-swiper-button elementor-swiper-button-next\" role=\"button\" tabindex=\"0\">\n\t\t\t\t\t\t<i aria-hidden=\"true\" class=\"eicon-chevron-right\"><\/i>\t\t\t\t\t<\/div>\n\t\t\t\t\n\t\t\t\t\t\t\t\t\t<div class=\"swiper-pagination\"><\/div>\n\t\t\t\t\t\t\t\t\t<\/div>\n\t\t\t\t\t\t<\/div>\n\t\t\t\t<\/div>\n\t\t\t\t\t<\/div>\n\t\t<\/div>\n\t\t\t\t\t<\/div>\n\t\t<\/section>\n\t\t\t\t<\/div>\n\t\t","protected":false},"excerpt":{"rendered":"<p>Es un grupo vocal conformado por ni\u00f1os y j\u00f3venes desde 3ro hasta 10mo grado dirigido por las Profesoras Karen Nolasco y Lourdes [&hellip;]<\/p>\n","protected":false},"author":1,"featured_media":0,"parent":176,"menu_order":0,"comment_status":"closed","ping_status":"closed","template":"","meta":{"footnotes":""},"class_list":["post-221","page","type-page","status-publish","hentry"],"_links":{"self":[{"href":"https:\/\/nashvilleschool.edu.hn\/wpnst\/wp-json\/wp\/v2\/pages\/221","targetHints":{"allow":["GET"]}}],"collection":[{"href":"https:\/\/nashvilleschool.edu.hn\/wpnst\/wp-json\/wp\/v2\/pages"}],"about":[{"href":"https:\/\/nashvilleschool.edu.hn\/wpnst\/wp-json\/wp\/v2\/types\/page"}],"author":[{"embeddable":true,"href":"https:\/\/nashvilleschool.edu.hn\/wpnst\/wp-json\/wp\/v2\/users\/1"}],"replies":[{"embeddable":true,"href":"https:\/\/nashvilleschool.edu.hn\/wpnst\/wp-json\/wp\/v2\/comments?post=221"}],"version-history":[{"count":3,"href":"https:\/\/nashvilleschool.edu.hn\/wpnst\/wp-json\/wp\/v2\/pages\/221\/revisions"}],"predecessor-version":[{"id":1269,"href":"https:\/\/nashvilleschool.edu.hn\/wpnst\/wp-json\/wp\/v2\/pages\/221\/revisions\/1269"}],"up":[{"embeddable":true,"href":"https:\/\/nashvilleschool.edu.hn\/wpnst\/wp-json\/wp\/v2\/pages\/176"}],"wp:attachment":[{"href":"https:\/\/nashvilleschool.edu.hn\/wpnst\/wp-json\/wp\/v2\/media?parent=221"}],"curies":[{"name":"wp","href":"https:\/\/api.w.org\/{rel}","templated":true}]}}