{"id":219,"date":"2018-08-06T16:41:23","date_gmt":"2018-08-06T16:41:23","guid":{"rendered":"http:\/\/localhost\/wordpress\/?page_id=219"},"modified":"2019-03-12T03:34:38","modified_gmt":"2019-03-12T03:34:38","slug":"predators-bumblebees","status":"publish","type":"page","link":"https:\/\/nashvilleschool.edu.hn\/wpnst\/go-predators\/predators-bumblebees\/","title":{"rendered":"Predators Bumblebees"},"content":{"rendered":"\t\t<div data-elementor-type=\"wp-page\" data-elementor-id=\"219\" class=\"elementor elementor-219 elementor-bc-flex-widget\">\n\t\t\t\t\t\t<section class=\"elementor-section elementor-top-section elementor-element elementor-element-743bfdb elementor-section-boxed elementor-section-height-default elementor-section-height-default\" data-id=\"743bfdb\" data-element_type=\"section\">\n\t\t\t\t\t\t<div class=\"elementor-container elementor-column-gap-default\">\n\t\t\t\t\t<div class=\"elementor-column elementor-col-33 elementor-top-column elementor-element elementor-element-71849ca\" data-id=\"71849ca\" data-element_type=\"column\">\n\t\t\t<div class=\"elementor-widget-wrap\">\n\t\t\t\t\t\t\t<\/div>\n\t\t<\/div>\n\t\t\t\t<div class=\"elementor-column elementor-col-66 elementor-top-column elementor-element elementor-element-db5134b\" data-id=\"db5134b\" data-element_type=\"column\">\n\t\t\t<div class=\"elementor-widget-wrap elementor-element-populated\">\n\t\t\t\t\t\t<div class=\"elementor-element elementor-element-7e5093a elementor-widget elementor-widget-text-editor\" data-id=\"7e5093a\" data-element_type=\"widget\" data-widget_type=\"text-editor.default\">\n\t\t\t\t<div class=\"elementor-widget-container\">\n\t\t\t\t\t\t\t\t\t<p>El equipo de Spelling Bee de Nashville School se form\u00f3 con el objetivo de ser part\u00edcipe de las competencias que se realizan a nivel distrital y a nivel regional de escuelas biling\u00fces de Tegucigalpa.<\/p><p>Con esta actividad los estudiantes desarrollan ambas destrezas incrementar su vocabulario y mejorar su ortograf\u00eda.<\/p><p>El equipo est\u00e1 formado por estudiantes de todos las \u00e1reas quienes se preparan con varias meses de anticipaci\u00f3n para las competencias.<\/p><p>En a\u00f1os anteriores nuestro equipo ya se ha hecho acreedor a primero lugares en el \u00e1rea de secundaria en la competencia m\u00e1s importante de Tegucigalpa.<\/p><p>Nuestro objetivo es conquistar m\u00e1s galardones para nuestra instituci\u00f3n y fomentar el trabajo en equipo de nuestros estudiantes.<\/p>\t\t\t\t\t\t\t\t<\/div>\n\t\t\t\t<\/div>\n\t\t\t\t\t<\/div>\n\t\t<\/div>\n\t\t\t\t\t<\/div>\n\t\t<\/section>\n\t\t\t\t<\/div>\n\t\t","protected":false},"excerpt":{"rendered":"<p>El equipo de Spelling Bee de Nashville School se form\u00f3 con el objetivo de ser part\u00edcipe de las competencias que se realizan [&hellip;]<\/p>\n","protected":false},"author":1,"featured_media":0,"parent":176,"menu_order":0,"comment_status":"closed","ping_status":"closed","template":"","meta":{"footnotes":""},"class_list":["post-219","page","type-page","status-publish","hentry"],"_links":{"self":[{"href":"https:\/\/nashvilleschool.edu.hn\/wpnst\/wp-json\/wp\/v2\/pages\/219","targetHints":{"allow":["GET"]}}],"collection":[{"href":"https:\/\/nashvilleschool.edu.hn\/wpnst\/wp-json\/wp\/v2\/pages"}],"about":[{"href":"https:\/\/nashvilleschool.edu.hn\/wpnst\/wp-json\/wp\/v2\/types\/page"}],"author":[{"embeddable":true,"href":"https:\/\/nashvilleschool.edu.hn\/wpnst\/wp-json\/wp\/v2\/users\/1"}],"replies":[{"embeddable":true,"href":"https:\/\/nashvilleschool.edu.hn\/wpnst\/wp-json\/wp\/v2\/comments?post=219"}],"version-history":[{"count":2,"href":"https:\/\/nashvilleschool.edu.hn\/wpnst\/wp-json\/wp\/v2\/pages\/219\/revisions"}],"predecessor-version":[{"id":797,"href":"https:\/\/nashvilleschool.edu.hn\/wpnst\/wp-json\/wp\/v2\/pages\/219\/revisions\/797"}],"up":[{"embeddable":true,"href":"https:\/\/nashvilleschool.edu.hn\/wpnst\/wp-json\/wp\/v2\/pages\/176"}],"wp:attachment":[{"href":"https:\/\/nashvilleschool.edu.hn\/wpnst\/wp-json\/wp\/v2\/media?parent=219"}],"curies":[{"name":"wp","href":"https:\/\/api.w.org\/{rel}","templated":true}]}}