{"id":209,"date":"2018-08-06T16:37:01","date_gmt":"2018-08-06T16:37:01","guid":{"rendered":"http:\/\/localhost\/wordpress\/?page_id=209"},"modified":"2019-04-24T03:23:30","modified_gmt":"2019-04-24T03:23:30","slug":"departamento-de-espanol","status":"publish","type":"page","link":"https:\/\/nashvilleschool.edu.hn\/wpnst\/academico\/departamento-de-espanol\/","title":{"rendered":"Espa\u00f1ol"},"content":{"rendered":"\t\t<div data-elementor-type=\"wp-post\" data-elementor-id=\"209\" class=\"elementor elementor-209 elementor-bc-flex-widget\">\n\t\t\t\t\t\t<section class=\"elementor-section elementor-top-section elementor-element elementor-element-d9a5c14 elementor-section-boxed elementor-section-height-default elementor-section-height-default\" data-id=\"d9a5c14\" data-element_type=\"section\">\n\t\t\t\t\t\t<div class=\"elementor-container elementor-column-gap-default\">\n\t\t\t\t\t<div class=\"elementor-column elementor-col-33 elementor-top-column elementor-element elementor-element-28e4fc5\" data-id=\"28e4fc5\" data-element_type=\"column\">\n\t\t\t<div class=\"elementor-widget-wrap elementor-element-populated\">\n\t\t\t\t\t\t<div class=\"elementor-element elementor-element-64eda48 elementor-widget elementor-widget-image\" data-id=\"64eda48\" data-element_type=\"widget\" data-widget_type=\"image.default\">\n\t\t\t\t<div class=\"elementor-widget-container\">\n\t\t\t\t\t\t\t\t\t\t\t\t\t\t\t<img fetchpriority=\"high\" decoding=\"async\" width=\"1024\" height=\"1024\" src=\"https:\/\/nashvilleschool.edu.hn\/wpnst\/wp-content\/uploads\/2018\/08\/ICONO-FOLDERS-06-1024x1024.jpg\" class=\"attachment-large size-large wp-image-440\" alt=\"\" srcset=\"https:\/\/nashvilleschool.edu.hn\/wpnst\/wp-content\/uploads\/2018\/08\/ICONO-FOLDERS-06-1024x1024.jpg 1024w, https:\/\/nashvilleschool.edu.hn\/wpnst\/wp-content\/uploads\/2018\/08\/ICONO-FOLDERS-06-150x150.jpg 150w, https:\/\/nashvilleschool.edu.hn\/wpnst\/wp-content\/uploads\/2018\/08\/ICONO-FOLDERS-06-300x300.jpg 300w, https:\/\/nashvilleschool.edu.hn\/wpnst\/wp-content\/uploads\/2018\/08\/ICONO-FOLDERS-06-768x768.jpg 768w, https:\/\/nashvilleschool.edu.hn\/wpnst\/wp-content\/uploads\/2018\/08\/ICONO-FOLDERS-06-830x830.jpg 830w, https:\/\/nashvilleschool.edu.hn\/wpnst\/wp-content\/uploads\/2018\/08\/ICONO-FOLDERS-06-230x230.jpg 230w, https:\/\/nashvilleschool.edu.hn\/wpnst\/wp-content\/uploads\/2018\/08\/ICONO-FOLDERS-06-350x350.jpg 350w, https:\/\/nashvilleschool.edu.hn\/wpnst\/wp-content\/uploads\/2018\/08\/ICONO-FOLDERS-06-480x480.jpg 480w, https:\/\/nashvilleschool.edu.hn\/wpnst\/wp-content\/uploads\/2018\/08\/ICONO-FOLDERS-06.jpg 1200w\" sizes=\"(max-width: 1024px) 100vw, 1024px\" \/>\t\t\t\t\t\t\t\t\t\t\t\t\t\t\t<\/div>\n\t\t\t\t<\/div>\n\t\t\t\t\t<\/div>\n\t\t<\/div>\n\t\t\t\t<div class=\"elementor-column elementor-col-66 elementor-top-column elementor-element elementor-element-191399c\" data-id=\"191399c\" data-element_type=\"column\">\n\t\t\t<div class=\"elementor-widget-wrap elementor-element-populated\">\n\t\t\t\t\t\t<div class=\"elementor-element elementor-element-6804963 elementor-widget elementor-widget-text-editor\" data-id=\"6804963\" data-element_type=\"widget\" data-widget_type=\"text-editor.default\">\n\t\t\t\t<div class=\"elementor-widget-container\">\n\t\t\t\t\t\t\t\t\t<p class=\"p1\" style=\"text-align: justify;\">Un cordial saludo de parte del Staff de docentes en el \u00e1rea de Espa\u00f1ol.<\/p>\n<p class=\"p1\" style=\"text-align: justify;\">Mi nombre es Kelyn Vanessa Mart\u00ednez Mej\u00eda, coordinadora del Departamento de Espa\u00f1ol, graduada de la Universidad Pedag\u00f3gica Francisco Moraz\u00e1n, en el grado de Licenciatura en Profesorado en la ense\u00f1anza del Espa\u00f1ol.<\/p>\n<p class=\"p1\" style=\"text-align: justify;\">Sus hijos son de sumo inter\u00e9s para nuestro departamento, por lo cual estaremos en total disponibilidad para cualquier consulta sobre el avance acad\u00e9mico del mismo, nuestro horario de atenci\u00f3n podr\u00e1 ser entre las 10:00am y 12:00pm.<\/p>\n<p class=\"p1\" style=\"text-align: justify;\">Durante los 4 a\u00f1os de laborar para la instituci\u00f3n, nuestro compromiso m\u00e1s importante es el desarrollo intelectual y cr\u00edtico de nuestros estudiantes, mi compromiso ser\u00e1 seguir desarrollando en los estudiantes las competencias ling\u00fc\u00edsticas y comunicativas que les permita actuar de manera eficiente y competitiva.<\/p>\n<p class=\"p1\" style=\"text-align: justify;\">Tenemos una responsabilidad social, \u00e9tica, moral, y Dios es su perfecci\u00f3n nos doto del maravilloso Don de la ense\u00f1anza, nos sentimos comprometidos en dar lo mejor<span class=\"Apple-converted-space\">\u00a0 <\/span>en esta hermosa y loable profesi\u00f3n.<\/p>\n<p class=\"p1\" style=\"text-align: justify;\">De antemano muchas gracias por la confianza depositada en la instituci\u00f3n.<\/p>\n<p class=\"p1\" style=\"text-align: justify;\"><b>Lic. Kelyn Vanessa Martinez Mejia <\/b><\/p>\n<p class=\"p3\" style=\"text-align: justify;\"><span class=\"s1\"><a href=\"mailto:Kelyn.martinez@nashvilleschool.edu.hn\">Kelyn.martinez@nashvilleschool.edu.hn<\/a><\/span><b> <\/b><b> <\/b><\/p>\n<p class=\"p4\" style=\"text-align: justify;\"><b>Departamento de Espa\u00f1ol<\/b><\/p>\n<p class=\"p5\" style=\"text-align: justify;\">El \u00e1rea de Espa\u00f1ol incluye las disciplinas \u00fatiles para desarrollar diferentes formas de comunicaci\u00f3n: lenguaje verbal y simb\u00f3lico, expresi\u00f3n corporal, matem\u00e1tica, m\u00fasica, pl\u00e1stica y otras formas. Todas ellas deben ocupar un lugar destacado en las actividades diarias de los estudiantes a fin de que puedan expresar sus experiencias mediante los medios que tienen a su alcance.<\/p>\n<p class=\"p5\" style=\"text-align: justify;\">Las formas de expresi\u00f3n<span class=\"Apple-converted-space\">\u00a0 <\/span>y comunicaci\u00f3n son objeto de conocimiento con entidad propia en cualquier nivel. Deben tener un tratamiento espec\u00edfico ya que a medida que el ni\u00f1o(a) las utiliza y domina aumentan las posibilidades de accesos a diferentes \u00e1mbitos de experiencias y<span class=\"Apple-converted-space\">\u00a0 <\/span>a distintas categor\u00edas de significados.<\/p>\n<p class=\"p5\" style=\"text-align: justify;\">Se deben desarrollar competencias ling\u00fc\u00edsticas y comunicativas para<\/p>\n<p class=\"p1\" style=\"text-align: justify;\">desenvolverse adecuadamente en su entorno social y natural, vivenciando experiencias, acciones, situaciones y acontecimientos, expres\u00e1ndolos por medio de diferentes formas de representaci\u00f3n: gestuales, verbales y escritas. Comprender y utilizar adecuadamente su lenguaje en los intercambios orales y escritos de sus actividades cotidianas.<\/p>\n<p class=\"p1\" style=\"text-align: justify;\">El \u00e1rea de Comunicaci\u00f3n organiza, construye y desarrolla las competencias comunicativas. Parte de la lengua materna, aborda los contenidos conceptuales, procedimentales y actitudinales desde una perspectiva integradora y articulada. Habilita a los y las alumnas para desenvolverse adecuadamente en su contexto social, local, nacional e internacional.<\/p>\n<p class=\"p1\" style=\"text-align: justify;\">El \u00e1rea de Comunicaci\u00f3n garantiza que las y los estudiantes puedan utilizar adecuadamente todas las formas de la comunicaci\u00f3n en diferentes situaciones, reflexionar sobre ella y desenvolverse con \u00e9xito en la sociedad moderna. Constituye un instrumento b\u00e1sico para lograr aprendizajes en otros campos educativos, dentro y fuera de la escuela.<\/p>\t\t\t\t\t\t\t\t<\/div>\n\t\t\t\t<\/div>\n\t\t\t\t\t<\/div>\n\t\t<\/div>\n\t\t\t\t\t<\/div>\n\t\t<\/section>\n\t\t\t\t<section class=\"elementor-section elementor-top-section elementor-element elementor-element-dc19f7b elementor-section-boxed elementor-section-height-default elementor-section-height-default\" data-id=\"dc19f7b\" data-element_type=\"section\">\n\t\t\t\t\t\t<div class=\"elementor-container elementor-column-gap-default\">\n\t\t\t\t\t<div class=\"elementor-column elementor-col-100 elementor-top-column elementor-element elementor-element-a4d04d0\" data-id=\"a4d04d0\" data-element_type=\"column\">\n\t\t\t<div class=\"elementor-widget-wrap elementor-element-populated\">\n\t\t\t\t\t\t<div class=\"elementor-element elementor-element-e4f0073 elementor-tabs-view-vertical elementor-widget elementor-widget-tabs\" data-id=\"e4f0073\" data-element_type=\"widget\" data-widget_type=\"tabs.default\">\n\t\t\t\t<div class=\"elementor-widget-container\">\n\t\t\t\t\t\t\t<div class=\"elementor-tabs\">\n\t\t\t<div class=\"elementor-tabs-wrapper\" role=\"tablist\" >\n\t\t\t\t\t\t\t\t\t<div id=\"elementor-tab-title-2401\" class=\"elementor-tab-title elementor-tab-desktop-title\" aria-selected=\"true\" data-tab=\"1\" role=\"tab\" tabindex=\"0\" aria-controls=\"elementor-tab-content-2401\" aria-expanded=\"false\">Fanny Yisel Cruz Mart\u00ednez<\/div>\n\t\t\t\t\t\t\t\t\t<div id=\"elementor-tab-title-2402\" class=\"elementor-tab-title elementor-tab-desktop-title\" aria-selected=\"false\" data-tab=\"2\" role=\"tab\" tabindex=\"-1\" aria-controls=\"elementor-tab-content-2402\" aria-expanded=\"false\">Carmen Erlinda Garc\u00eda Pineda<\/div>\n\t\t\t\t\t\t\t\t\t<div id=\"elementor-tab-title-2403\" class=\"elementor-tab-title elementor-tab-desktop-title\" aria-selected=\"false\" data-tab=\"3\" role=\"tab\" tabindex=\"-1\" aria-controls=\"elementor-tab-content-2403\" aria-expanded=\"false\">\u00a0Karla Lizeth Hern\u00e1ndez Cerrato<\/div>\n\t\t\t\t\t\t\t\t\t<div id=\"elementor-tab-title-2404\" class=\"elementor-tab-title elementor-tab-desktop-title\" aria-selected=\"false\" data-tab=\"4\" role=\"tab\" tabindex=\"-1\" aria-controls=\"elementor-tab-content-2404\" aria-expanded=\"false\">\u00a0Gerlaydis Inecilia Armas Estrada<\/div>\n\t\t\t\t\t\t\t\t\t<div id=\"elementor-tab-title-2405\" class=\"elementor-tab-title elementor-tab-desktop-title\" aria-selected=\"false\" data-tab=\"5\" role=\"tab\" tabindex=\"-1\" aria-controls=\"elementor-tab-content-2405\" aria-expanded=\"false\">Elsy Lisett Godoy Murillo<\/div>\n\t\t\t\t\t\t\t\t\t<div id=\"elementor-tab-title-2406\" class=\"elementor-tab-title elementor-tab-desktop-title\" aria-selected=\"false\" data-tab=\"6\" role=\"tab\" tabindex=\"-1\" aria-controls=\"elementor-tab-content-2406\" aria-expanded=\"false\">\u00a0Kelyn Vanessa Mart\u00ednez Mej\u00eda <\/div>\n\t\t\t\t\t\t\t<\/div>\n\t\t\t<div class=\"elementor-tabs-content-wrapper\" role=\"tablist\" aria-orientation=\"vertical\">\n\t\t\t\t\t\t\t\t\t<div class=\"elementor-tab-title elementor-tab-mobile-title\" aria-selected=\"true\" data-tab=\"1\" role=\"tab\" tabindex=\"0\" aria-controls=\"elementor-tab-content-2401\" aria-expanded=\"false\">Fanny Yisel Cruz Mart\u00ednez<\/div>\n\t\t\t\t\t<div id=\"elementor-tab-content-2401\" class=\"elementor-tab-content elementor-clearfix\" data-tab=\"1\" role=\"tabpanel\" aria-labelledby=\"elementor-tab-title-2401\" tabindex=\"0\" hidden=\"false\"><p><strong>Asignatura:<\/strong> Espa\u00f1ol<\/p><p><strong>Correo electr\u00f3nico:\u00a0<\/strong><\/p><p class=\"p1\">\u00a0fanny.cruz@nashvilleschool.edu.hn<\/p><p><strong>Gu\u00eda:<\/strong> 2do y 3er grado<\/p><\/div>\n\t\t\t\t\t\t\t\t\t<div class=\"elementor-tab-title elementor-tab-mobile-title\" aria-selected=\"false\" data-tab=\"2\" role=\"tab\" tabindex=\"-1\" aria-controls=\"elementor-tab-content-2402\" aria-expanded=\"false\">Carmen Erlinda Garc\u00eda Pineda<\/div>\n\t\t\t\t\t<div id=\"elementor-tab-content-2402\" class=\"elementor-tab-content elementor-clearfix\" data-tab=\"2\" role=\"tabpanel\" aria-labelledby=\"elementor-tab-title-2402\" tabindex=\"0\" hidden=\"hidden\"><p><strong>Asignatura:<\/strong> Espa\u00f1ol<\/p><p><strong>Correo electr\u00f3nico:\u00a0<\/strong><\/p><p class=\"p1\">\u00a0Carmen.garcia@nashvilleschool.edu.hn<\/p><p><strong>Gu\u00eda:<\/strong> 3ro y 4to grado<\/p><\/div>\n\t\t\t\t\t\t\t\t\t<div class=\"elementor-tab-title elementor-tab-mobile-title\" aria-selected=\"false\" data-tab=\"3\" role=\"tab\" tabindex=\"-1\" aria-controls=\"elementor-tab-content-2403\" aria-expanded=\"false\">\u00a0Karla Lizeth Hern\u00e1ndez Cerrato<\/div>\n\t\t\t\t\t<div id=\"elementor-tab-content-2403\" class=\"elementor-tab-content elementor-clearfix\" data-tab=\"3\" role=\"tabpanel\" aria-labelledby=\"elementor-tab-title-2403\" tabindex=\"0\" hidden=\"hidden\"><p><strong>Asignatura:<\/strong> Espa\u00f1ol<\/p><p><strong>Correo electr\u00f3nico:\u00a0<\/strong><\/p><p class=\"p1\">\u00a0karla.hernandez@nashvilleschool.edu.hn<\/p><p><strong>Gu\u00eda:<\/strong> 5to y 6to grado<\/p><\/div>\n\t\t\t\t\t\t\t\t\t<div class=\"elementor-tab-title elementor-tab-mobile-title\" aria-selected=\"false\" data-tab=\"4\" role=\"tab\" tabindex=\"-1\" aria-controls=\"elementor-tab-content-2404\" aria-expanded=\"false\">\u00a0Gerlaydis Inecilia Armas Estrada<\/div>\n\t\t\t\t\t<div id=\"elementor-tab-content-2404\" class=\"elementor-tab-content elementor-clearfix\" data-tab=\"4\" role=\"tabpanel\" aria-labelledby=\"elementor-tab-title-2404\" tabindex=\"0\" hidden=\"hidden\"><p><strong>Asignatura:<\/strong> Espa\u00f1ol<\/p><p><strong>Correo electr\u00f3nico:\u00a0<\/strong><\/p><p class=\"p1\">gerlaydis.armas@nashvilleschool.edu.hn<\/p><p><strong>Gu\u00eda:<\/strong> 7mo y 8vo grado<\/p><\/div>\n\t\t\t\t\t\t\t\t\t<div class=\"elementor-tab-title elementor-tab-mobile-title\" aria-selected=\"false\" data-tab=\"5\" role=\"tab\" tabindex=\"-1\" aria-controls=\"elementor-tab-content-2405\" aria-expanded=\"false\">Elsy Lisett Godoy Murillo<\/div>\n\t\t\t\t\t<div id=\"elementor-tab-content-2405\" class=\"elementor-tab-content elementor-clearfix\" data-tab=\"5\" role=\"tabpanel\" aria-labelledby=\"elementor-tab-title-2405\" tabindex=\"0\" hidden=\"hidden\"><p><strong>Asignatura:<\/strong> Espa\u00f1ol<\/p><p><strong>Correo electr\u00f3nico:\u00a0<\/strong><\/p><p class=\"p1\">\u00a0elsy.godoy@nashvilleschool.edu.hn<\/p><p><strong>Gu\u00eda:<\/strong> 9no y 10mo grado<\/p><\/div>\n\t\t\t\t\t\t\t\t\t<div class=\"elementor-tab-title elementor-tab-mobile-title\" aria-selected=\"false\" data-tab=\"6\" role=\"tab\" tabindex=\"-1\" aria-controls=\"elementor-tab-content-2406\" aria-expanded=\"false\">\u00a0Kelyn Vanessa Mart\u00ednez Mej\u00eda <\/div>\n\t\t\t\t\t<div id=\"elementor-tab-content-2406\" class=\"elementor-tab-content elementor-clearfix\" data-tab=\"6\" role=\"tabpanel\" aria-labelledby=\"elementor-tab-title-2406\" tabindex=\"0\" hidden=\"hidden\"><p><strong>Asignatura:<\/strong><\/p><p class=\"p1\">\u00a0Espa\u00f1ol<\/p><p class=\"p1\">Fundamentos de \u00c9tica Profesional<\/p><p class=\"p1\">Asesora de TES<\/p><p><strong>Correo electr\u00f3nico:\u00a0<\/strong><\/p><p class=\"p1\">Kelyn.martinez@nashvilleschool.edu.hn<\/p><p><strong>Gu\u00eda:<\/strong> 11vo grado<\/p><\/div>\n\t\t\t\t\t\t\t<\/div>\n\t\t<\/div>\n\t\t\t\t\t\t<\/div>\n\t\t\t\t<\/div>\n\t\t\t\t\t<\/div>\n\t\t<\/div>\n\t\t\t\t\t<\/div>\n\t\t<\/section>\n\t\t\t\t<\/div>\n\t\t","protected":false},"excerpt":{"rendered":"<p>Un cordial saludo de parte del Staff de docentes en el \u00e1rea de Espa\u00f1ol. Mi nombre es Kelyn Vanessa Mart\u00ednez Mej\u00eda, coordinadora [&hellip;]<\/p>\n","protected":false},"author":1,"featured_media":0,"parent":2,"menu_order":0,"comment_status":"closed","ping_status":"closed","template":"","meta":{"footnotes":""},"class_list":["post-209","page","type-page","status-publish","hentry"],"_links":{"self":[{"href":"https:\/\/nashvilleschool.edu.hn\/wpnst\/wp-json\/wp\/v2\/pages\/209","targetHints":{"allow":["GET"]}}],"collection":[{"href":"https:\/\/nashvilleschool.edu.hn\/wpnst\/wp-json\/wp\/v2\/pages"}],"about":[{"href":"https:\/\/nashvilleschool.edu.hn\/wpnst\/wp-json\/wp\/v2\/types\/page"}],"author":[{"embeddable":true,"href":"https:\/\/nashvilleschool.edu.hn\/wpnst\/wp-json\/wp\/v2\/users\/1"}],"replies":[{"embeddable":true,"href":"https:\/\/nashvilleschool.edu.hn\/wpnst\/wp-json\/wp\/v2\/comments?post=209"}],"version-history":[{"count":8,"href":"https:\/\/nashvilleschool.edu.hn\/wpnst\/wp-json\/wp\/v2\/pages\/209\/revisions"}],"predecessor-version":[{"id":872,"href":"https:\/\/nashvilleschool.edu.hn\/wpnst\/wp-json\/wp\/v2\/pages\/209\/revisions\/872"}],"up":[{"embeddable":true,"href":"https:\/\/nashvilleschool.edu.hn\/wpnst\/wp-json\/wp\/v2\/pages\/2"}],"wp:attachment":[{"href":"https:\/\/nashvilleschool.edu.hn\/wpnst\/wp-json\/wp\/v2\/media?parent=209"}],"curies":[{"name":"wp","href":"https:\/\/api.w.org\/{rel}","templated":true}]}}