{"id":205,"date":"2018-08-06T16:36:19","date_gmt":"2018-08-06T16:36:19","guid":{"rendered":"http:\/\/localhost\/wordpress\/?page_id=205"},"modified":"2018-10-17T18:24:12","modified_gmt":"2018-10-17T18:24:12","slug":"departamento-de-lenguas-extranjeras","status":"publish","type":"page","link":"https:\/\/nashvilleschool.edu.hn\/wpnst\/academico\/departamento-de-lenguas-extranjeras\/","title":{"rendered":"Lenguas Extranjeras"},"content":{"rendered":"\t\t<div data-elementor-type=\"wp-post\" data-elementor-id=\"205\" class=\"elementor elementor-205 elementor-bc-flex-widget\">\n\t\t\t\t\t\t<section class=\"elementor-section elementor-top-section elementor-element elementor-element-f9ea935 elementor-section-boxed elementor-section-height-default elementor-section-height-default\" data-id=\"f9ea935\" data-element_type=\"section\">\n\t\t\t\t\t\t<div class=\"elementor-container elementor-column-gap-default\">\n\t\t\t\t\t<div class=\"elementor-column elementor-col-33 elementor-top-column elementor-element elementor-element-9e76b3d\" data-id=\"9e76b3d\" data-element_type=\"column\">\n\t\t\t<div class=\"elementor-widget-wrap elementor-element-populated\">\n\t\t\t\t\t\t<div class=\"elementor-element elementor-element-b9248fb elementor-widget elementor-widget-image\" data-id=\"b9248fb\" data-element_type=\"widget\" data-widget_type=\"image.default\">\n\t\t\t\t<div class=\"elementor-widget-container\">\n\t\t\t\t\t\t\t\t\t\t\t\t\t\t\t<img fetchpriority=\"high\" decoding=\"async\" width=\"1024\" height=\"1024\" src=\"https:\/\/nashvilleschool.edu.hn\/wpnst\/wp-content\/uploads\/2018\/08\/ICONO-LENGUAS-EXTRANJERAS-01-1024x1024.png\" class=\"attachment-large size-large wp-image-450\" alt=\"\" srcset=\"https:\/\/nashvilleschool.edu.hn\/wpnst\/wp-content\/uploads\/2018\/08\/ICONO-LENGUAS-EXTRANJERAS-01-1024x1024.png 1024w, https:\/\/nashvilleschool.edu.hn\/wpnst\/wp-content\/uploads\/2018\/08\/ICONO-LENGUAS-EXTRANJERAS-01-150x150.png 150w, https:\/\/nashvilleschool.edu.hn\/wpnst\/wp-content\/uploads\/2018\/08\/ICONO-LENGUAS-EXTRANJERAS-01-300x300.png 300w, https:\/\/nashvilleschool.edu.hn\/wpnst\/wp-content\/uploads\/2018\/08\/ICONO-LENGUAS-EXTRANJERAS-01-768x768.png 768w, https:\/\/nashvilleschool.edu.hn\/wpnst\/wp-content\/uploads\/2018\/08\/ICONO-LENGUAS-EXTRANJERAS-01-830x830.png 830w, https:\/\/nashvilleschool.edu.hn\/wpnst\/wp-content\/uploads\/2018\/08\/ICONO-LENGUAS-EXTRANJERAS-01-230x230.png 230w, https:\/\/nashvilleschool.edu.hn\/wpnst\/wp-content\/uploads\/2018\/08\/ICONO-LENGUAS-EXTRANJERAS-01-350x350.png 350w, https:\/\/nashvilleschool.edu.hn\/wpnst\/wp-content\/uploads\/2018\/08\/ICONO-LENGUAS-EXTRANJERAS-01-480x480.png 480w, https:\/\/nashvilleschool.edu.hn\/wpnst\/wp-content\/uploads\/2018\/08\/ICONO-LENGUAS-EXTRANJERAS-01.png 1800w\" sizes=\"(max-width: 1024px) 100vw, 1024px\" \/>\t\t\t\t\t\t\t\t\t\t\t\t\t\t\t<\/div>\n\t\t\t\t<\/div>\n\t\t\t\t<div class=\"elementor-element elementor-element-cf9306f elementor-widget elementor-widget-image\" data-id=\"cf9306f\" data-element_type=\"widget\" data-widget_type=\"image.default\">\n\t\t\t\t<div class=\"elementor-widget-container\">\n\t\t\t\t\t\t\t\t\t\t\t\t\t\t\t\t<a href=\"https:\/\/nashvilleschool.edu.hn\/wpnst\/wp-content\/uploads\/2018\/10\/marco-fotos-02.jpg\" data-elementor-open-lightbox=\"yes\" data-elementor-lightbox-title=\"marco fotos-02\" data-e-action-hash=\"#elementor-action%3Aaction%3Dlightbox%26settings%3DeyJpZCI6NjQwLCJ1cmwiOiJodHRwczpcL1wvbmFzaHZpbGxlc2Nob29sLmVkdS5oblwvd3Buc3RcL3dwLWNvbnRlbnRcL3VwbG9hZHNcLzIwMThcLzEwXC9tYXJjby1mb3Rvcy0wMi5qcGcifQ%3D%3D\">\n\t\t\t\t\t\t\t<img decoding=\"async\" width=\"1024\" height=\"1004\" src=\"https:\/\/nashvilleschool.edu.hn\/wpnst\/wp-content\/uploads\/2018\/10\/marco-fotos-02-1024x1004.jpg\" class=\"elementor-animation-pulse-grow attachment-large size-large wp-image-640\" alt=\"\" srcset=\"https:\/\/nashvilleschool.edu.hn\/wpnst\/wp-content\/uploads\/2018\/10\/marco-fotos-02-1024x1004.jpg 1024w, https:\/\/nashvilleschool.edu.hn\/wpnst\/wp-content\/uploads\/2018\/10\/marco-fotos-02-300x294.jpg 300w, https:\/\/nashvilleschool.edu.hn\/wpnst\/wp-content\/uploads\/2018\/10\/marco-fotos-02-768x753.jpg 768w, https:\/\/nashvilleschool.edu.hn\/wpnst\/wp-content\/uploads\/2018\/10\/marco-fotos-02-830x814.jpg 830w, https:\/\/nashvilleschool.edu.hn\/wpnst\/wp-content\/uploads\/2018\/10\/marco-fotos-02-230x226.jpg 230w, https:\/\/nashvilleschool.edu.hn\/wpnst\/wp-content\/uploads\/2018\/10\/marco-fotos-02-350x343.jpg 350w, https:\/\/nashvilleschool.edu.hn\/wpnst\/wp-content\/uploads\/2018\/10\/marco-fotos-02-480x471.jpg 480w, https:\/\/nashvilleschool.edu.hn\/wpnst\/wp-content\/uploads\/2018\/10\/marco-fotos-02.jpg 1300w\" sizes=\"(max-width: 1024px) 100vw, 1024px\" \/>\t\t\t\t\t\t\t\t<\/a>\n\t\t\t\t\t\t\t\t\t\t\t\t\t\t\t<\/div>\n\t\t\t\t<\/div>\n\t\t\t\t\t<\/div>\n\t\t<\/div>\n\t\t\t\t<div class=\"elementor-column elementor-col-66 elementor-top-column elementor-element elementor-element-7f936f8\" data-id=\"7f936f8\" data-element_type=\"column\">\n\t\t\t<div class=\"elementor-widget-wrap elementor-element-populated\">\n\t\t\t\t\t\t<div class=\"elementor-element elementor-element-4c69945 elementor-widget elementor-widget-text-editor\" data-id=\"4c69945\" data-element_type=\"widget\" data-widget_type=\"text-editor.default\">\n\t\t\t\t<div class=\"elementor-widget-container\">\n\t\t\t\t\t\t\t\t\t<p><strong>Estimados Padres de Familia:<\/strong><\/p><p>Reciban ustedes un cordial saludo. Mi nombre es JOSE FRANCISCO ROMERO VELASQUEZ, Coordinador del Departamento de Lenguas Extranjeras, graduado con de la Licenciatura en la Ense\u00f1anaza del Idioma Ingles como segunda lengua de la Universidad Nacional Autonoma de Honduras (UNAH) y con maestria en Gestion Educativa de la Universiadad de la America Latina (UNIVAL) de Nicaragua. Imparto las clases de Psicologia, Sociologia y Filosofia para Decimo Grado.<\/p><p>Como responsable de unas de las \u00e1reas mas importantes de nuestra instituci\u00f3n, estoy compremetido a brindarle a sus hijos la mejor educacion triling\u00fce, trabajando mano a mano con nuestros docentes, planificando las actividades que ciertamente aportaran a la educacion triling\u00fce de sus hijos e hijas. Estamos enfocados en mejorar cada dia para desarrollar las competencias que marcaran la diferencia en el futuro de sus hijo en cualquier escenario que le exiga a nuestros estudiantes el domnio de una lengua extranjera, Ingles o Frances.<\/p><p>Durante estos 15 a\u00f1os hemos formado estudiantes capaces de desnvolverse en ambientes donde el ingles es el idioma utilizado y ellos han demostrado que en Nashville School los preparamos de la mejor manera para asumir responsabilidades y ser lideres competentes dentro y fuera de nuestras fronteras.<\/p><p>Tengan ustedes la certeza y tranquilidad que en Nashville School sus hijos seran preparados para la vida y seran dotados con las herramientas necesarias para ser triunfadores.<\/p><p><strong>M.Ed. Jos\u00e9 Francisco Romero Vel\u00e1squez<\/strong><\/p><p>jose.romero@nashvilleschool.edu.hn<\/p><p><em>Coodinador del Departamento de Lenguas Extranjeras<\/em><\/p>\t\t\t\t\t\t\t\t<\/div>\n\t\t\t\t<\/div>\n\t\t\t\t\t<\/div>\n\t\t<\/div>\n\t\t\t\t\t<\/div>\n\t\t<\/section>\n\t\t\t\t<section class=\"elementor-section elementor-top-section elementor-element elementor-element-ecef726 elementor-section-boxed elementor-section-height-default elementor-section-height-default\" data-id=\"ecef726\" data-element_type=\"section\">\n\t\t\t\t\t\t<div class=\"elementor-container elementor-column-gap-default\">\n\t\t\t\t\t<div class=\"elementor-column elementor-col-100 elementor-top-column elementor-element elementor-element-b586737\" data-id=\"b586737\" data-element_type=\"column\">\n\t\t\t<div class=\"elementor-widget-wrap elementor-element-populated\">\n\t\t\t\t\t\t<div class=\"elementor-element elementor-element-83961eb elementor-widget elementor-widget-text-editor\" data-id=\"83961eb\" data-element_type=\"widget\" data-widget_type=\"text-editor.default\">\n\t\t\t\t<div class=\"elementor-widget-container\">\n\t\t\t\t\t\t\t\t\t<p class=\"MsoNormal\" style=\"text-align: justify; border: none; mso-border-alt: solid windowtext .5pt; padding: 0cm; mso-padding-alt: 1.0pt 4.0pt 1.0pt 4.0pt;\"><span lang=\"ES-HN\" style=\"font-size: 12.0pt; line-height: 115%; font-family: Arial;\">El curr\u00edculo de Lenguas Extranjeras comprende las disciplinas de: Literatura, Gram\u00e1tica, Fon\u00e9tica, Fonolog\u00eda, as\u00ed tambi\u00e9n las clases que son impartidas en el idioma ingles tales como Psicolog\u00eda, Filosof\u00eda y Sociolog\u00eda. Adem\u00e1s de estas clases tambi\u00e9n se ha incluido a nuestro curr\u00edculo la clase de franc\u00e9s para Primaria y Secundaria.<span style=\"mso-spacerun: yes;\">\u00a0\u00a0 <\/span><\/span><\/p><p class=\"MsoNormal\" style=\"text-align: justify; border: none; mso-border-alt: solid windowtext .5pt; padding: 0cm; mso-padding-alt: 1.0pt 4.0pt 1.0pt 4.0pt;\"><span lang=\"ES-HN\" style=\"font-size: 12.0pt; line-height: 115%; font-family: Arial;\">En el departamento trabajamos arduamente para desarrollar y afianzar<span style=\"mso-spacerun: yes;\">\u00a0 <\/span>en nuestros estudiantes las habilidades b\u00e1sicas para una comunicaci\u00f3n efectiva en el idioma tales como: comprensi\u00f3n oral \u2013 comprensi\u00f3n escrita y producci\u00f3n oral \u2013 producci\u00f3n escrita las cuales ser\u00e1n la base para que nuestros estudiantes puedan desenvolverse en un ambiente triling\u00fce sin ning\u00fan problema.<\/span><\/p><p class=\"MsoNormal\" style=\"text-align: justify; border: none; mso-border-alt: solid windowtext .5pt; padding: 0cm; mso-padding-alt: 1.0pt 4.0pt 1.0pt 4.0pt;\"><span lang=\"ES-HN\" style=\"font-size: 12.0pt; line-height: 115%; font-family: Arial;\">El objetivo primordial de nuestro departamento es brindar a nuestros estudiantes la mejor educaci\u00f3n a trav\u00e9s de actividades que fomenten su pensamiento cr\u00edtico, desarrollen sus capacidades intelectuales y los preparen para seguir su formaci\u00f3n acad\u00e9mica universitaria.<\/span><\/p><p class=\"MsoNormal\" style=\"text-align: justify; border: none; mso-border-alt: solid windowtext .5pt; padding: 0cm; mso-padding-alt: 1.0pt 4.0pt 1.0pt 4.0pt;\"><span lang=\"ES-HN\" style=\"font-size: 12.0pt; line-height: 115%; font-family: Arial;\">Nuestra responsabilidad es darles a nuestros estudiantes la mejor educaci\u00f3n y prepararlos para un futuro brillante. <\/span><\/p>\t\t\t\t\t\t\t\t<\/div>\n\t\t\t\t<\/div>\n\t\t\t\t\t<\/div>\n\t\t<\/div>\n\t\t\t\t\t<\/div>\n\t\t<\/section>\n\t\t\t\t<section class=\"elementor-section elementor-top-section elementor-element elementor-element-67574d8 elementor-section-boxed elementor-section-height-default elementor-section-height-default\" data-id=\"67574d8\" data-element_type=\"section\">\n\t\t\t\t\t\t<div class=\"elementor-container elementor-column-gap-default\">\n\t\t\t\t\t<div class=\"elementor-column elementor-col-100 elementor-top-column elementor-element elementor-element-22f741c\" data-id=\"22f741c\" data-element_type=\"column\">\n\t\t\t<div class=\"elementor-widget-wrap elementor-element-populated\">\n\t\t\t\t\t\t<div class=\"elementor-element elementor-element-7dd5eb3 elementor-widget elementor-widget-toggle\" data-id=\"7dd5eb3\" data-element_type=\"widget\" data-widget_type=\"toggle.default\">\n\t\t\t\t<div class=\"elementor-widget-container\">\n\t\t\t\t\t\t\t<div class=\"elementor-toggle\">\n\t\t\t\t\t\t\t<div class=\"elementor-toggle-item\">\n\t\t\t\t\t<div id=\"elementor-tab-title-1311\" class=\"elementor-tab-title\" data-tab=\"1\" role=\"button\" aria-controls=\"elementor-tab-content-1311\" aria-expanded=\"false\">\n\t\t\t\t\t\t\t\t\t\t\t\t<span class=\"elementor-toggle-icon elementor-toggle-icon-left\" aria-hidden=\"true\">\n\t\t\t\t\t\t\t\t\t\t\t\t\t\t\t<i class=\"elementor-toggle-icon-closed fa fa-caret-right\"><\/i>\n\t\t\t\t\t\t\t\t<i class=\"elementor-toggle-icon-opened fa fa-caret-up\"><\/i>\n\t\t\t\t\t\t\t\t\t\t\t\t\t<\/span>\n\t\t\t\t\t\t\t\t\t\t\t\t<a class=\"elementor-toggle-title\" tabindex=\"0\">DOCENTE: Jos\u00e9 Francisco Romero Vel\u00e1squez<\/a>\n\t\t\t\t\t<\/div>\n\n\t\t\t\t\t<div id=\"elementor-tab-content-1311\" class=\"elementor-tab-content elementor-clearfix\" data-tab=\"1\" role=\"region\" aria-labelledby=\"elementor-tab-title-1311\"><p><strong>ASIGNATURAS:<\/strong><\/p><ul><li>Psicolog\u00eda<\/li><li>Sociolog\u00eda<\/li><li>Filosof\u00eda<\/li><\/ul><hr \/><p><b>CORREO:<\/b><\/p><p>jose.romero@nashvilleschool.edu.hn<\/p><hr \/><p><b>GU\u00cdA:<\/b><\/p><p>10B<\/p><\/div>\n\t\t\t\t<\/div>\n\t\t\t\t\t\t\t<div class=\"elementor-toggle-item\">\n\t\t\t\t\t<div id=\"elementor-tab-title-1312\" class=\"elementor-tab-title\" data-tab=\"2\" role=\"button\" aria-controls=\"elementor-tab-content-1312\" aria-expanded=\"false\">\n\t\t\t\t\t\t\t\t\t\t\t\t<span class=\"elementor-toggle-icon elementor-toggle-icon-left\" aria-hidden=\"true\">\n\t\t\t\t\t\t\t\t\t\t\t\t\t\t\t<i class=\"elementor-toggle-icon-closed fa fa-caret-right\"><\/i>\n\t\t\t\t\t\t\t\t<i class=\"elementor-toggle-icon-opened fa fa-caret-up\"><\/i>\n\t\t\t\t\t\t\t\t\t\t\t\t\t<\/span>\n\t\t\t\t\t\t\t\t\t\t\t\t<a class=\"elementor-toggle-title\" tabindex=\"0\">DOCENTE: Karen Ivette Mart\u00ednez Betanco<\/a>\n\t\t\t\t\t<\/div>\n\n\t\t\t\t\t<div id=\"elementor-tab-content-1312\" class=\"elementor-tab-content elementor-clearfix\" data-tab=\"2\" role=\"region\" aria-labelledby=\"elementor-tab-title-1312\"><p><strong>ASIGNATURA:<\/strong><\/p><ul><li>Geograf\u00eda<\/li><\/ul><hr \/><p><strong>CORREO ELECTR\u00d3NICO:<\/strong><\/p><p>karen.martinez@nashvilleschool.edu.hn<\/p><hr \/><p><strong>GU\u00cdA:<\/strong><\/p><p>8A<\/p><\/div>\n\t\t\t\t<\/div>\n\t\t\t\t\t\t\t<div class=\"elementor-toggle-item\">\n\t\t\t\t\t<div id=\"elementor-tab-title-1313\" class=\"elementor-tab-title\" data-tab=\"3\" role=\"button\" aria-controls=\"elementor-tab-content-1313\" aria-expanded=\"false\">\n\t\t\t\t\t\t\t\t\t\t\t\t<span class=\"elementor-toggle-icon elementor-toggle-icon-left\" aria-hidden=\"true\">\n\t\t\t\t\t\t\t\t\t\t\t\t\t\t\t<i class=\"elementor-toggle-icon-closed fa fa-caret-right\"><\/i>\n\t\t\t\t\t\t\t\t<i class=\"elementor-toggle-icon-opened fa fa-caret-up\"><\/i>\n\t\t\t\t\t\t\t\t\t\t\t\t\t<\/span>\n\t\t\t\t\t\t\t\t\t\t\t\t<a class=\"elementor-toggle-title\" tabindex=\"0\">DOCENTE: Keyla Aracely Marcia Salinas<\/a>\n\t\t\t\t\t<\/div>\n\n\t\t\t\t\t<div id=\"elementor-tab-content-1313\" class=\"elementor-tab-content elementor-clearfix\" data-tab=\"3\" role=\"region\" aria-labelledby=\"elementor-tab-title-1313\"><p><strong>ASIGNATURA:<\/strong><\/p><ul><li>Fr\u00e1nces Primaria<\/li><\/ul><hr \/><p><strong>CORREO ELECTR\u00d3NICO:<\/strong><\/p><p>keyla.marcia@nashvilleschool.edu.hn<\/p><\/div>\n\t\t\t\t<\/div>\n\t\t\t\t\t\t\t<div class=\"elementor-toggle-item\">\n\t\t\t\t\t<div id=\"elementor-tab-title-1314\" class=\"elementor-tab-title\" data-tab=\"4\" role=\"button\" aria-controls=\"elementor-tab-content-1314\" aria-expanded=\"false\">\n\t\t\t\t\t\t\t\t\t\t\t\t<span class=\"elementor-toggle-icon elementor-toggle-icon-left\" aria-hidden=\"true\">\n\t\t\t\t\t\t\t\t\t\t\t\t\t\t\t<i class=\"elementor-toggle-icon-closed fa fa-caret-right\"><\/i>\n\t\t\t\t\t\t\t\t<i class=\"elementor-toggle-icon-opened fa fa-caret-up\"><\/i>\n\t\t\t\t\t\t\t\t\t\t\t\t\t<\/span>\n\t\t\t\t\t\t\t\t\t\t\t\t<a class=\"elementor-toggle-title\" tabindex=\"0\">DOCENTE: Luis Eduardo Aguilar Aguilar<\/a>\n\t\t\t\t\t<\/div>\n\n\t\t\t\t\t<div id=\"elementor-tab-content-1314\" class=\"elementor-tab-content elementor-clearfix\" data-tab=\"4\" role=\"region\" aria-labelledby=\"elementor-tab-title-1314\"><div style=\"display: block;\" role=\"tabpanel\" data-tab=\"3\" data-elementor-setting-key=\"tabs.2.tab_content\" data-elementor-inline-editing-toolbar=\"advanced\"><hr \/><p><strong>ASIGNATURA:<\/strong><\/p><ul><li>Literatura<\/li><\/ul><hr \/><p><strong>CORREO ELECTR\u00d3NICO:<\/strong><\/p><p>luis.aguilar@nashvilleschool.edu.hn<\/p><hr \/><hr \/><p><strong>GU\u00cdA:<\/strong><\/p><p>8A<\/p><\/div><\/div>\n\t\t\t\t<\/div>\n\t\t\t\t\t\t\t<div class=\"elementor-toggle-item\">\n\t\t\t\t\t<div id=\"elementor-tab-title-1315\" class=\"elementor-tab-title\" data-tab=\"5\" role=\"button\" aria-controls=\"elementor-tab-content-1315\" aria-expanded=\"false\">\n\t\t\t\t\t\t\t\t\t\t\t\t<span class=\"elementor-toggle-icon elementor-toggle-icon-left\" aria-hidden=\"true\">\n\t\t\t\t\t\t\t\t\t\t\t\t\t\t\t<i class=\"elementor-toggle-icon-closed fa fa-caret-right\"><\/i>\n\t\t\t\t\t\t\t\t<i class=\"elementor-toggle-icon-opened fa fa-caret-up\"><\/i>\n\t\t\t\t\t\t\t\t\t\t\t\t\t<\/span>\n\t\t\t\t\t\t\t\t\t\t\t\t<a class=\"elementor-toggle-title\" tabindex=\"0\">DOCENTE: Martin Alonso Aguilar Nu\u00f1ez<\/a>\n\t\t\t\t\t<\/div>\n\n\t\t\t\t\t<div id=\"elementor-tab-content-1315\" class=\"elementor-tab-content elementor-clearfix\" data-tab=\"5\" role=\"region\" aria-labelledby=\"elementor-tab-title-1315\"><p><strong>ASIGNATURA:<\/strong><\/p><ul><li>Gram\u00e1tica<\/li><li>Literatura<\/li><\/ul><hr \/><p><strong>CORREO ELECTR\u00d3NICO:<\/strong><\/p><p>luis.aguilar@nashvilleschool.edu.hn<\/p><hr \/><hr \/><p><strong>GU\u00cdA:<\/strong><\/p><p>8A<\/p><\/div>\n\t\t\t\t<\/div>\n\t\t\t\t\t\t\t<div class=\"elementor-toggle-item\">\n\t\t\t\t\t<div id=\"elementor-tab-title-1316\" class=\"elementor-tab-title\" data-tab=\"6\" role=\"button\" aria-controls=\"elementor-tab-content-1316\" aria-expanded=\"false\">\n\t\t\t\t\t\t\t\t\t\t\t\t<span class=\"elementor-toggle-icon elementor-toggle-icon-left\" aria-hidden=\"true\">\n\t\t\t\t\t\t\t\t\t\t\t\t\t\t\t<i class=\"elementor-toggle-icon-closed fa fa-caret-right\"><\/i>\n\t\t\t\t\t\t\t\t<i class=\"elementor-toggle-icon-opened fa fa-caret-up\"><\/i>\n\t\t\t\t\t\t\t\t\t\t\t\t\t<\/span>\n\t\t\t\t\t\t\t\t\t\t\t\t<a class=\"elementor-toggle-title\" tabindex=\"0\">DOCENTE: Nadia Alonso Aguilar Nu\u00f1ez<\/a>\n\t\t\t\t\t<\/div>\n\n\t\t\t\t\t<div id=\"elementor-tab-content-1316\" class=\"elementor-tab-content elementor-clearfix\" data-tab=\"6\" role=\"region\" aria-labelledby=\"elementor-tab-title-1316\"><p><strong>ASIGNATURA:<\/strong><\/p><ul><li>Gram\u00e1tica<\/li><\/ul><hr \/><p><strong>CORREO ELECTR\u00d3NICO:<\/strong><\/p><p>nadia.acosta@nashvilleschool.edu.hn<\/p><hr \/><hr \/><p><strong>GU\u00cdA:<\/strong><\/p><p>8C<\/p><\/div>\n\t\t\t\t<\/div>\n\t\t\t\t\t\t\t<div class=\"elementor-toggle-item\">\n\t\t\t\t\t<div id=\"elementor-tab-title-1317\" class=\"elementor-tab-title\" data-tab=\"7\" role=\"button\" aria-controls=\"elementor-tab-content-1317\" aria-expanded=\"false\">\n\t\t\t\t\t\t\t\t\t\t\t\t<span class=\"elementor-toggle-icon elementor-toggle-icon-left\" aria-hidden=\"true\">\n\t\t\t\t\t\t\t\t\t\t\t\t\t\t\t<i class=\"elementor-toggle-icon-closed fa fa-caret-right\"><\/i>\n\t\t\t\t\t\t\t\t<i class=\"elementor-toggle-icon-opened fa fa-caret-up\"><\/i>\n\t\t\t\t\t\t\t\t\t\t\t\t\t<\/span>\n\t\t\t\t\t\t\t\t\t\t\t\t<a class=\"elementor-toggle-title\" tabindex=\"0\">DOCENTE: Wilmer Gaery Cisneros Membre\u00f1o<\/a>\n\t\t\t\t\t<\/div>\n\n\t\t\t\t\t<div id=\"elementor-tab-content-1317\" class=\"elementor-tab-content elementor-clearfix\" data-tab=\"7\" role=\"region\" aria-labelledby=\"elementor-tab-title-1317\"><p><strong>ASIGNATURA:<\/strong><\/p><ul><li>Franc\u00e9s ( Secundaria )<\/li><\/ul><hr \/><p><strong>CORREO ELECTR\u00d3NICO:<\/strong><\/p><p>wilmer.cisneros@nashvilleschool.edu.hn<\/p><hr \/><hr \/><p><strong>GU\u00cdA:<\/strong><\/p><p>8B<\/p><\/div>\n\t\t\t\t<\/div>\n\t\t\t\t\t\t\t\t<\/div>\n\t\t\t\t\t\t<\/div>\n\t\t\t\t<\/div>\n\t\t\t\t<div class=\"elementor-element elementor-element-5f11103 elementor-widget elementor-widget-heading\" data-id=\"5f11103\" data-element_type=\"widget\" data-widget_type=\"heading.default\">\n\t\t\t\t<div class=\"elementor-widget-container\">\n\t\t\t\t\t<h2 class=\"elementor-heading-title elementor-size-default\">Actividades \/ Eventos<\/h2>\t\t\t\t<\/div>\n\t\t\t\t<\/div>\n\t\t\t\t\t<\/div>\n\t\t<\/div>\n\t\t\t\t\t<\/div>\n\t\t<\/section>\n\t\t\t\t<section class=\"elementor-section elementor-top-section elementor-element elementor-element-4364654 elementor-section-boxed elementor-section-height-default elementor-section-height-default\" data-id=\"4364654\" data-element_type=\"section\">\n\t\t\t\t\t\t<div class=\"elementor-container elementor-column-gap-default\">\n\t\t\t\t\t<div class=\"elementor-column elementor-col-100 elementor-top-column elementor-element elementor-element-a51e326\" data-id=\"a51e326\" data-element_type=\"column\">\n\t\t\t<div class=\"elementor-widget-wrap elementor-element-populated\">\n\t\t\t\t\t\t<div class=\"elementor-element elementor-element-812c548 elementor-tabs-view-horizontal elementor-widget elementor-widget-tabs\" data-id=\"812c548\" data-element_type=\"widget\" data-widget_type=\"tabs.default\">\n\t\t\t\t<div class=\"elementor-widget-container\">\n\t\t\t\t\t\t\t<div class=\"elementor-tabs\">\n\t\t\t<div class=\"elementor-tabs-wrapper\" role=\"tablist\" >\n\t\t\t\t\t\t\t\t\t<div id=\"elementor-tab-title-1351\" class=\"elementor-tab-title elementor-tab-desktop-title\" aria-selected=\"true\" data-tab=\"1\" role=\"tab\" tabindex=\"0\" aria-controls=\"elementor-tab-content-1351\" aria-expanded=\"false\">17 de Marzo<\/div>\n\t\t\t\t\t\t\t\t\t<div id=\"elementor-tab-title-1352\" class=\"elementor-tab-title elementor-tab-desktop-title\" aria-selected=\"false\" data-tab=\"2\" role=\"tab\" tabindex=\"-1\" aria-controls=\"elementor-tab-content-1352\" aria-expanded=\"false\">19 de Marzo<\/div>\n\t\t\t\t\t\t\t\t\t<div id=\"elementor-tab-title-1353\" class=\"elementor-tab-title elementor-tab-desktop-title\" aria-selected=\"false\" data-tab=\"3\" role=\"tab\" tabindex=\"-1\" aria-controls=\"elementor-tab-content-1353\" aria-expanded=\"false\">20 de Marzo<\/div>\n\t\t\t\t\t\t\t\t\t<div id=\"elementor-tab-title-1354\" class=\"elementor-tab-title elementor-tab-desktop-title\" aria-selected=\"false\" data-tab=\"4\" role=\"tab\" tabindex=\"-1\" aria-controls=\"elementor-tab-content-1354\" aria-expanded=\"false\">23 de Abril<\/div>\n\t\t\t\t\t\t\t<\/div>\n\t\t\t<div class=\"elementor-tabs-content-wrapper\" role=\"tablist\" aria-orientation=\"vertical\">\n\t\t\t\t\t\t\t\t\t<div class=\"elementor-tab-title elementor-tab-mobile-title\" aria-selected=\"true\" data-tab=\"1\" role=\"tab\" tabindex=\"0\" aria-controls=\"elementor-tab-content-1351\" aria-expanded=\"false\">17 de Marzo<\/div>\n\t\t\t\t\t<div id=\"elementor-tab-content-1351\" class=\"elementor-tab-content elementor-clearfix\" data-tab=\"1\" role=\"tabpanel\" aria-labelledby=\"elementor-tab-title-1351\" tabindex=\"0\" hidden=\"false\"><p>Competencia de Spelling Bee<\/p><\/div>\n\t\t\t\t\t\t\t\t\t<div class=\"elementor-tab-title elementor-tab-mobile-title\" aria-selected=\"false\" data-tab=\"2\" role=\"tab\" tabindex=\"-1\" aria-controls=\"elementor-tab-content-1352\" aria-expanded=\"false\">19 de Marzo<\/div>\n\t\t\t\t\t<div id=\"elementor-tab-content-1352\" class=\"elementor-tab-content elementor-clearfix\" data-tab=\"2\" role=\"tabpanel\" aria-labelledby=\"elementor-tab-title-1352\" tabindex=\"0\" hidden=\"hidden\"><p>Competencia de Deletreo en idioma franc\u00e9s<\/p><\/div>\n\t\t\t\t\t\t\t\t\t<div class=\"elementor-tab-title elementor-tab-mobile-title\" aria-selected=\"false\" data-tab=\"3\" role=\"tab\" tabindex=\"-1\" aria-controls=\"elementor-tab-content-1353\" aria-expanded=\"false\">20 de Marzo<\/div>\n\t\t\t\t\t<div id=\"elementor-tab-content-1353\" class=\"elementor-tab-content elementor-clearfix\" data-tab=\"3\" role=\"tabpanel\" aria-labelledby=\"elementor-tab-title-1353\" tabindex=\"0\" hidden=\"hidden\"><p>D\u00eda Internacional de la Francofon\u00eda<\/p><\/div>\n\t\t\t\t\t\t\t\t\t<div class=\"elementor-tab-title elementor-tab-mobile-title\" aria-selected=\"false\" data-tab=\"4\" role=\"tab\" tabindex=\"-1\" aria-controls=\"elementor-tab-content-1354\" aria-expanded=\"false\">23 de Abril<\/div>\n\t\t\t\t\t<div id=\"elementor-tab-content-1354\" class=\"elementor-tab-content elementor-clearfix\" data-tab=\"4\" role=\"tabpanel\" aria-labelledby=\"elementor-tab-title-1354\" tabindex=\"0\" hidden=\"hidden\"><p>D\u00eda Internacional de la Lengua Ingl\u00e9sa<\/p><\/div>\n\t\t\t\t\t\t\t<\/div>\n\t\t<\/div>\n\t\t\t\t\t\t<\/div>\n\t\t\t\t<\/div>\n\t\t\t\t\t<\/div>\n\t\t<\/div>\n\t\t\t\t\t<\/div>\n\t\t<\/section>\n\t\t\t\t<\/div>\n\t\t","protected":false},"excerpt":{"rendered":"<p>Estimados Padres de Familia: Reciban ustedes un cordial saludo. Mi nombre es JOSE FRANCISCO ROMERO VELASQUEZ, Coordinador del Departamento de Lenguas Extranjeras, [&hellip;]<\/p>\n","protected":false},"author":1,"featured_media":0,"parent":2,"menu_order":0,"comment_status":"closed","ping_status":"closed","template":"","meta":{"footnotes":""},"class_list":["post-205","page","type-page","status-publish","hentry"],"_links":{"self":[{"href":"https:\/\/nashvilleschool.edu.hn\/wpnst\/wp-json\/wp\/v2\/pages\/205","targetHints":{"allow":["GET"]}}],"collection":[{"href":"https:\/\/nashvilleschool.edu.hn\/wpnst\/wp-json\/wp\/v2\/pages"}],"about":[{"href":"https:\/\/nashvilleschool.edu.hn\/wpnst\/wp-json\/wp\/v2\/types\/page"}],"author":[{"embeddable":true,"href":"https:\/\/nashvilleschool.edu.hn\/wpnst\/wp-json\/wp\/v2\/users\/1"}],"replies":[{"embeddable":true,"href":"https:\/\/nashvilleschool.edu.hn\/wpnst\/wp-json\/wp\/v2\/comments?post=205"}],"version-history":[{"count":23,"href":"https:\/\/nashvilleschool.edu.hn\/wpnst\/wp-json\/wp\/v2\/pages\/205\/revisions"}],"predecessor-version":[{"id":686,"href":"https:\/\/nashvilleschool.edu.hn\/wpnst\/wp-json\/wp\/v2\/pages\/205\/revisions\/686"}],"up":[{"embeddable":true,"href":"https:\/\/nashvilleschool.edu.hn\/wpnst\/wp-json\/wp\/v2\/pages\/2"}],"wp:attachment":[{"href":"https:\/\/nashvilleschool.edu.hn\/wpnst\/wp-json\/wp\/v2\/media?parent=205"}],"curies":[{"name":"wp","href":"https:\/\/api.w.org\/{rel}","templated":true}]}}