{"id":203,"date":"2018-08-06T16:35:56","date_gmt":"2018-08-06T16:35:56","guid":{"rendered":"http:\/\/localhost\/wordpress\/?page_id=203"},"modified":"2019-03-12T03:28:55","modified_gmt":"2019-03-12T03:28:55","slug":"departamento-de-tecnologia","status":"publish","type":"page","link":"https:\/\/nashvilleschool.edu.hn\/wpnst\/academico\/departamento-de-tecnologia\/","title":{"rendered":"Tecnolog\u00eda"},"content":{"rendered":"\t\t<div data-elementor-type=\"wp-post\" data-elementor-id=\"203\" class=\"elementor elementor-203 elementor-bc-flex-widget\">\n\t\t\t\t\t\t<section class=\"elementor-section elementor-top-section elementor-element elementor-element-791a34d elementor-section-boxed elementor-section-height-default elementor-section-height-default\" data-id=\"791a34d\" data-element_type=\"section\">\n\t\t\t\t\t\t<div class=\"elementor-container elementor-column-gap-default\">\n\t\t\t\t\t<div class=\"elementor-column elementor-col-33 elementor-top-column elementor-element elementor-element-0b6a2c1\" data-id=\"0b6a2c1\" data-element_type=\"column\">\n\t\t\t<div class=\"elementor-widget-wrap elementor-element-populated\">\n\t\t\t\t\t\t<div class=\"elementor-element elementor-element-24cf7da elementor-widget elementor-widget-image\" data-id=\"24cf7da\" data-element_type=\"widget\" data-widget_type=\"image.default\">\n\t\t\t\t<div class=\"elementor-widget-container\">\n\t\t\t\t\t\t\t\t\t\t\t\t\t\t\t<img fetchpriority=\"high\" decoding=\"async\" width=\"1024\" height=\"1024\" src=\"https:\/\/nashvilleschool.edu.hn\/wpnst\/wp-content\/uploads\/2018\/08\/ICONO2-02-1024x1024.png\" class=\"attachment-large size-large wp-image-444\" alt=\"\" srcset=\"https:\/\/nashvilleschool.edu.hn\/wpnst\/wp-content\/uploads\/2018\/08\/ICONO2-02-1024x1024.png 1024w, https:\/\/nashvilleschool.edu.hn\/wpnst\/wp-content\/uploads\/2018\/08\/ICONO2-02-150x150.png 150w, https:\/\/nashvilleschool.edu.hn\/wpnst\/wp-content\/uploads\/2018\/08\/ICONO2-02-300x300.png 300w, https:\/\/nashvilleschool.edu.hn\/wpnst\/wp-content\/uploads\/2018\/08\/ICONO2-02-768x768.png 768w, https:\/\/nashvilleschool.edu.hn\/wpnst\/wp-content\/uploads\/2018\/08\/ICONO2-02-830x830.png 830w, https:\/\/nashvilleschool.edu.hn\/wpnst\/wp-content\/uploads\/2018\/08\/ICONO2-02-230x230.png 230w, https:\/\/nashvilleschool.edu.hn\/wpnst\/wp-content\/uploads\/2018\/08\/ICONO2-02-350x350.png 350w, https:\/\/nashvilleschool.edu.hn\/wpnst\/wp-content\/uploads\/2018\/08\/ICONO2-02-480x480.png 480w, https:\/\/nashvilleschool.edu.hn\/wpnst\/wp-content\/uploads\/2018\/08\/ICONO2-02.png 1800w\" sizes=\"(max-width: 1024px) 100vw, 1024px\" \/>\t\t\t\t\t\t\t\t\t\t\t\t\t\t\t<\/div>\n\t\t\t\t<\/div>\n\t\t\t\t\t<\/div>\n\t\t<\/div>\n\t\t\t\t<div class=\"elementor-column elementor-col-66 elementor-top-column elementor-element elementor-element-72cadc7\" data-id=\"72cadc7\" data-element_type=\"column\">\n\t\t\t<div class=\"elementor-widget-wrap elementor-element-populated\">\n\t\t\t\t\t\t<div class=\"elementor-element elementor-element-a9ad999 elementor-widget elementor-widget-text-editor\" data-id=\"a9ad999\" data-element_type=\"widget\" data-widget_type=\"text-editor.default\">\n\t\t\t\t<div class=\"elementor-widget-container\">\n\t\t\t\t\t\t\t\t\t<p><strong>Estimados Padres de Familia<\/strong><\/p><p>Ante todo reciban un cordial saludo, de parte del personal que conformamos el departamento de IT, agradecemos su voto de confianza y aprovechamos esta oportunidad para ponernos a su entera disposici\u00f3n, queremos trabajar conjuntamente para velar por el bienestar de sus hijos y todos convertirnos en un puente de comunicaci\u00f3n y de soluci\u00f3n. Para atender todas sus necesidades.<\/p><p>Les saluda <strong>Mrs. ELGA SULAY SIERRA OSORIO<\/strong>, (<a href=\"mailto:elga.sierra@nashvilleschool.edu.hn\">elga.sierra@nashvilleschool.edu.hn<\/a>) coordinadora del departamento de IT, con estudios de Licenciatura en Inform\u00e1tica en la U.N.A.H. estudios a distancia en Lic. Ciencias Naturales en la Universidad Pedag\u00f3gica Francisco Moraz\u00e1n.<\/p><p>El Departamento de Inform\u00e1tica es responsable de atender las necesidades de c\u00f3mputo, tales como la asesor\u00eda en el manejo de software, configuraci\u00f3n de equipo para impresi\u00f3n o conexi\u00f3n a Internet, mantenimiento del equipo de c\u00f3mputo instalado y de telecomunicaciones, apoyo en la digitalizaci\u00f3n de materiales para la elaboraci\u00f3n de presentaciones con fines docentes, soporte t\u00e9cnico para la organizaci\u00f3n y realizaci\u00f3n de diferentes eventos.<\/p><p>Nashville School, cuenta adem\u00e1s con dos laboratorios de c\u00f3mputo, uno para el \u00e1rea de primaria y el otro para el \u00e1rea de secundaria.<\/p><p>Los laboratorios est\u00e1n equipados con proyectores de video, lo que hace posible aprovechar los avances tecnol\u00f3gicos e incorporar nuevas herramientas did\u00e1cticas para las actividades docentes, el uso de computadora por alumno, espacios pedag\u00f3gicamente adecuados y con aire acondicionado.<\/p><p><strong><u>Docentes que conforman el departamento de IT:<\/u><\/strong><\/p><ul><li><strong> PAOLA ELIZABETH ANDINO PONCE<\/strong> (<a href=\"mailto:paola.andino@nashvilleschool.edu.hn\">paola.andino@nashvilleschool.edu.hn<\/a>)<\/li><\/ul><p>Pasante de la carrera de Ingles, en la U.P.N.F.M. con 50% de clases aprobadas, imparte clases de computaci\u00f3n a todas las secciones de primaria de 1 a 6to grado.<\/p><ul><li><strong>ESDRAS JOSUE ESCOTO MOLINA <\/strong>(<a href=\"mailto:esdras.escoto@nashvilleschool.edu.hn\">esdras.escoto@nashvilleschool.edu.hn<\/a>)<\/li><\/ul><p>Pasante de la carrera Ingenier\u00eda en Sistemas en UNAH con 80% de clases aprobadas, imparte clases de computaci\u00f3n a todas las secciones de secundaria de 7th a 11th grado<\/p><p>El departamento de sistemas cuenta con un equipo din\u00e1mico y disciplinado, capaz de dar respuesta a los planteamientos m\u00e1s diversos. Nuestro trato es personalizado con los alumnos. Si usted desea conversar con alguno de los docentes de esta \u00e1rea deber\u00e1 ser previa cita, para lo cual debe llamar a los tel\u00e9fonos fijos de la instituci\u00f3n.<\/p>\t\t\t\t\t\t\t\t<\/div>\n\t\t\t\t<\/div>\n\t\t\t\t\t<\/div>\n\t\t<\/div>\n\t\t\t\t\t<\/div>\n\t\t<\/section>\n\t\t\t\t<\/div>\n\t\t","protected":false},"excerpt":{"rendered":"<p>Estimados Padres de Familia Ante todo reciban un cordial saludo, de parte del personal que conformamos el departamento de IT, agradecemos su [&hellip;]<\/p>\n","protected":false},"author":1,"featured_media":0,"parent":2,"menu_order":0,"comment_status":"closed","ping_status":"closed","template":"","meta":{"footnotes":""},"class_list":["post-203","page","type-page","status-publish","hentry"],"_links":{"self":[{"href":"https:\/\/nashvilleschool.edu.hn\/wpnst\/wp-json\/wp\/v2\/pages\/203","targetHints":{"allow":["GET"]}}],"collection":[{"href":"https:\/\/nashvilleschool.edu.hn\/wpnst\/wp-json\/wp\/v2\/pages"}],"about":[{"href":"https:\/\/nashvilleschool.edu.hn\/wpnst\/wp-json\/wp\/v2\/types\/page"}],"author":[{"embeddable":true,"href":"https:\/\/nashvilleschool.edu.hn\/wpnst\/wp-json\/wp\/v2\/users\/1"}],"replies":[{"embeddable":true,"href":"https:\/\/nashvilleschool.edu.hn\/wpnst\/wp-json\/wp\/v2\/comments?post=203"}],"version-history":[{"count":5,"href":"https:\/\/nashvilleschool.edu.hn\/wpnst\/wp-json\/wp\/v2\/pages\/203\/revisions"}],"predecessor-version":[{"id":794,"href":"https:\/\/nashvilleschool.edu.hn\/wpnst\/wp-json\/wp\/v2\/pages\/203\/revisions\/794"}],"up":[{"embeddable":true,"href":"https:\/\/nashvilleschool.edu.hn\/wpnst\/wp-json\/wp\/v2\/pages\/2"}],"wp:attachment":[{"href":"https:\/\/nashvilleschool.edu.hn\/wpnst\/wp-json\/wp\/v2\/media?parent=203"}],"curies":[{"name":"wp","href":"https:\/\/api.w.org\/{rel}","templated":true}]}}