{"id":201,"date":"2018-08-06T16:35:38","date_gmt":"2018-08-06T16:35:38","guid":{"rendered":"http:\/\/localhost\/wordpress\/?page_id=201"},"modified":"2018-10-17T18:22:09","modified_gmt":"2018-10-17T18:22:09","slug":"departamento-de-musica-y-arte","status":"publish","type":"page","link":"https:\/\/nashvilleschool.edu.hn\/wpnst\/academico\/departamento-de-musica-y-arte\/","title":{"rendered":"M\u00fasica y Arte"},"content":{"rendered":"\t\t<div data-elementor-type=\"wp-post\" data-elementor-id=\"201\" class=\"elementor elementor-201 elementor-bc-flex-widget\">\n\t\t\t\t\t\t<section class=\"elementor-section elementor-top-section elementor-element elementor-element-c636bcd elementor-section-boxed elementor-section-height-default elementor-section-height-default\" data-id=\"c636bcd\" data-element_type=\"section\">\n\t\t\t\t\t\t<div class=\"elementor-container elementor-column-gap-default\">\n\t\t\t\t\t<div class=\"elementor-column elementor-col-33 elementor-top-column elementor-element elementor-element-4503517\" data-id=\"4503517\" data-element_type=\"column\">\n\t\t\t<div class=\"elementor-widget-wrap elementor-element-populated\">\n\t\t\t\t\t\t<div class=\"elementor-element elementor-element-8e7365c elementor-widget elementor-widget-image\" data-id=\"8e7365c\" data-element_type=\"widget\" data-widget_type=\"image.default\">\n\t\t\t\t<div class=\"elementor-widget-container\">\n\t\t\t\t\t\t\t\t\t\t\t\t\t\t\t<img fetchpriority=\"high\" decoding=\"async\" width=\"1024\" height=\"1024\" src=\"https:\/\/nashvilleschool.edu.hn\/wpnst\/wp-content\/uploads\/2018\/08\/ICONO-FOLDERS-07-1024x1024.jpg\" class=\"attachment-large size-large wp-image-442\" alt=\"\" srcset=\"https:\/\/nashvilleschool.edu.hn\/wpnst\/wp-content\/uploads\/2018\/08\/ICONO-FOLDERS-07-1024x1024.jpg 1024w, https:\/\/nashvilleschool.edu.hn\/wpnst\/wp-content\/uploads\/2018\/08\/ICONO-FOLDERS-07-150x150.jpg 150w, https:\/\/nashvilleschool.edu.hn\/wpnst\/wp-content\/uploads\/2018\/08\/ICONO-FOLDERS-07-300x300.jpg 300w, https:\/\/nashvilleschool.edu.hn\/wpnst\/wp-content\/uploads\/2018\/08\/ICONO-FOLDERS-07-768x768.jpg 768w, https:\/\/nashvilleschool.edu.hn\/wpnst\/wp-content\/uploads\/2018\/08\/ICONO-FOLDERS-07-830x830.jpg 830w, https:\/\/nashvilleschool.edu.hn\/wpnst\/wp-content\/uploads\/2018\/08\/ICONO-FOLDERS-07-230x230.jpg 230w, https:\/\/nashvilleschool.edu.hn\/wpnst\/wp-content\/uploads\/2018\/08\/ICONO-FOLDERS-07-350x350.jpg 350w, https:\/\/nashvilleschool.edu.hn\/wpnst\/wp-content\/uploads\/2018\/08\/ICONO-FOLDERS-07-480x480.jpg 480w, https:\/\/nashvilleschool.edu.hn\/wpnst\/wp-content\/uploads\/2018\/08\/ICONO-FOLDERS-07.jpg 1200w\" sizes=\"(max-width: 1024px) 100vw, 1024px\" \/>\t\t\t\t\t\t\t\t\t\t\t\t\t\t\t<\/div>\n\t\t\t\t<\/div>\n\t\t\t\t\t<\/div>\n\t\t<\/div>\n\t\t\t\t<div class=\"elementor-column elementor-col-66 elementor-top-column elementor-element elementor-element-580d369\" data-id=\"580d369\" data-element_type=\"column\">\n\t\t\t<div class=\"elementor-widget-wrap elementor-element-populated\">\n\t\t\t\t\t\t<div class=\"elementor-element elementor-element-e96a4de elementor-widget elementor-widget-text-editor\" data-id=\"e96a4de\" data-element_type=\"widget\" data-widget_type=\"text-editor.default\">\n\t\t\t\t<div class=\"elementor-widget-container\">\n\t\t\t\t\t\t\t\t\t<p style=\"text-align: justify;\">El curr\u00edculo de Lenguas Extranjeras comprende las disciplinas de: Literatura, Gram\u00e1tica, Fon\u00e9tica, Fonolog\u00eda, as\u00ed tambi\u00e9n las clases que son impartidas en el idioma ingles tales como Psicolog\u00eda, Filosof\u00eda y Sociolog\u00eda. Adem\u00e1s de estas clases tambi\u00e9n se ha incluido a nuestro curr\u00edculo la clase de franc\u00e9s para Primaria y Secundaria.<\/p><p style=\"text-align: justify;\">En el departamento trabajamos arduamente para desarrollar y afianzar en nuestros estudiantes las habilidades b\u00e1sicas para una comunicaci\u00f3n efectiva en el idioma tales como: comprensi\u00f3n oral \u2013 comprensi\u00f3n escrita y producci\u00f3n oral \u2013 producci\u00f3n escrita las cuales ser\u00e1n la base para que nuestros estudiantes puedan desenvolverse en un ambiente triling\u00fce sin ning\u00fan problema.<\/p><p style=\"text-align: justify;\">El objetivo primordial de nuestro departamento es brindar a nuestros estudiantes la mejor educaci\u00f3n a trav\u00e9s de actividades que fomenten su pensamiento cr\u00edtico, desarrollen sus capacidades intelectuales y los preparen para seguir su formaci\u00f3n acad\u00e9mica universitaria.<\/p><p style=\"text-align: justify;\">Nuestra responsabilidad es darles a nuestros estudiantes la mejor educaci\u00f3n y prepararlos para un futuro brillante.<\/p><p><b>Christian Eugenio D\u00edaz Canales <\/b>christian.diaz@nashvilleschool.edu.hn<\/p><p style=\"text-align: justify;\">\u00a0<\/p>\t\t\t\t\t\t\t\t<\/div>\n\t\t\t\t<\/div>\n\t\t\t\t\t<\/div>\n\t\t<\/div>\n\t\t\t\t\t<\/div>\n\t\t<\/section>\n\t\t\t\t<section class=\"elementor-section elementor-top-section elementor-element elementor-element-90a121b elementor-section-boxed elementor-section-height-default elementor-section-height-default\" data-id=\"90a121b\" data-element_type=\"section\">\n\t\t\t\t\t\t<div class=\"elementor-container elementor-column-gap-default\">\n\t\t\t\t\t<div class=\"elementor-column elementor-col-100 elementor-top-column elementor-element elementor-element-1773c7b\" data-id=\"1773c7b\" data-element_type=\"column\">\n\t\t\t<div class=\"elementor-widget-wrap elementor-element-populated\">\n\t\t\t\t\t\t<div class=\"elementor-element elementor-element-abbb4de elementor-arrows-position-inside elementor-pagination-position-outside elementor-widget elementor-widget-image-carousel\" data-id=\"abbb4de\" data-element_type=\"widget\" data-settings=\"{&quot;slides_to_show&quot;:&quot;1&quot;,&quot;navigation&quot;:&quot;both&quot;,&quot;autoplay&quot;:&quot;yes&quot;,&quot;pause_on_hover&quot;:&quot;yes&quot;,&quot;pause_on_interaction&quot;:&quot;yes&quot;,&quot;autoplay_speed&quot;:5000,&quot;infinite&quot;:&quot;yes&quot;,&quot;effect&quot;:&quot;slide&quot;,&quot;speed&quot;:500}\" data-widget_type=\"image-carousel.default\">\n\t\t\t\t<div class=\"elementor-widget-container\">\n\t\t\t\t\t\t\t<div class=\"elementor-image-carousel-wrapper swiper\" role=\"region\" aria-roledescription=\"carousel\" aria-label=\"Carrusel de im\u00e1genes\" dir=\"ltr\">\n\t\t\t<div class=\"elementor-image-carousel swiper-wrapper swiper-image-stretch\" aria-live=\"off\">\n\t\t\t\t\t\t\t\t<div class=\"swiper-slide\" role=\"group\" aria-roledescription=\"slide\" aria-label=\"1 de 3\"><figure class=\"swiper-slide-inner\"><img decoding=\"async\" class=\"swiper-slide-image\" src=\"https:\/\/nashvilleschool.edu.hn\/wpnst\/wp-content\/uploads\/2018\/10\/DSC_3289-1-768x1365.jpg\" alt=\"DSC_3289\" \/><\/figure><\/div><div class=\"swiper-slide\" role=\"group\" aria-roledescription=\"slide\" aria-label=\"2 de 3\"><figure class=\"swiper-slide-inner\"><img decoding=\"async\" class=\"swiper-slide-image\" src=\"https:\/\/nashvilleschool.edu.hn\/wpnst\/wp-content\/uploads\/2018\/10\/DSC_3305-1-768x1365.jpg\" alt=\"DSC_3305\" \/><\/figure><\/div><div class=\"swiper-slide\" role=\"group\" aria-roledescription=\"slide\" aria-label=\"3 de 3\"><figure class=\"swiper-slide-inner\"><img decoding=\"async\" class=\"swiper-slide-image\" src=\"https:\/\/nashvilleschool.edu.hn\/wpnst\/wp-content\/uploads\/2018\/10\/DSC_3309-1-768x1365.jpg\" alt=\"DSC_3309\" \/><\/figure><\/div>\t\t\t<\/div>\n\t\t\t\t\t\t\t\t\t\t\t\t<div class=\"elementor-swiper-button elementor-swiper-button-prev\" role=\"button\" tabindex=\"0\">\n\t\t\t\t\t\t<i aria-hidden=\"true\" class=\"eicon-chevron-left\"><\/i>\t\t\t\t\t<\/div>\n\t\t\t\t\t<div class=\"elementor-swiper-button elementor-swiper-button-next\" role=\"button\" tabindex=\"0\">\n\t\t\t\t\t\t<i aria-hidden=\"true\" class=\"eicon-chevron-right\"><\/i>\t\t\t\t\t<\/div>\n\t\t\t\t\n\t\t\t\t\t\t\t\t\t<div class=\"swiper-pagination\"><\/div>\n\t\t\t\t\t\t\t\t\t<\/div>\n\t\t\t\t\t\t<\/div>\n\t\t\t\t<\/div>\n\t\t\t\t\t<\/div>\n\t\t<\/div>\n\t\t\t\t\t<\/div>\n\t\t<\/section>\n\t\t\t\t<section class=\"elementor-section elementor-top-section elementor-element elementor-element-acbfb25 elementor-section-boxed elementor-section-height-default elementor-section-height-default\" data-id=\"acbfb25\" data-element_type=\"section\">\n\t\t\t\t\t\t<div class=\"elementor-container elementor-column-gap-default\">\n\t\t\t\t\t<div class=\"elementor-column elementor-col-100 elementor-top-column elementor-element elementor-element-fa46aff\" data-id=\"fa46aff\" data-element_type=\"column\">\n\t\t\t<div class=\"elementor-widget-wrap elementor-element-populated\">\n\t\t\t\t\t\t<div class=\"elementor-element elementor-element-37d3597 elementor-widget elementor-widget-text-editor\" data-id=\"37d3597\" data-element_type=\"widget\" data-widget_type=\"text-editor.default\">\n\t\t\t\t<div class=\"elementor-widget-container\">\n\t\t\t\t\t\t\t\t\t<p>Identificar y desarrollar el talento art\u00edstico en cada uno de los estudiantes.<\/p><p>Conocer la historia de arte de Honduras y el mundo, enlazando a las artes con la educaci\u00f3n cultural para as\u00ed adquirir conocimientos sobre herencia y la diversidad cultural que nos rodea.<\/p><p>Desarrollar la apreciaci\u00f3n cr\u00edtica; comprensi\u00f3n de la herencia y diversidad cultural: expresi\u00f3n individual; y creatividad ( imaginaci\u00f3n, resoluci\u00f3n de problemas y asunci\u00f3n de riesgos).<\/p><p>Desarrollar habilidades sociales, de comunicaci\u00f3n, disfrute, relaci\u00f3n con una variedad de formas y medios art\u00edsticos, actuar\/presentar, y conciencia medioambiental.<\/p><p>Desarrollar\u00e1n en el estudiante autoconfianza\/autoestima; proporcionando el aprendizaje art\u00edstico y cultural para lo largo de sus vidas.<\/p><p><b>Maya Curricular del Departamento de Artes<\/b><\/p>\t\t\t\t\t\t\t\t<\/div>\n\t\t\t\t<\/div>\n\t\t\t\t\t<\/div>\n\t\t<\/div>\n\t\t\t\t\t<\/div>\n\t\t<\/section>\n\t\t\t\t<section class=\"elementor-section elementor-top-section elementor-element elementor-element-7446052 elementor-section-boxed elementor-section-height-default elementor-section-height-default\" data-id=\"7446052\" data-element_type=\"section\">\n\t\t\t\t\t\t<div class=\"elementor-container elementor-column-gap-default\">\n\t\t\t\t\t<div class=\"elementor-column elementor-col-100 elementor-top-column elementor-element elementor-element-5b04311\" data-id=\"5b04311\" data-element_type=\"column\">\n\t\t\t<div class=\"elementor-widget-wrap elementor-element-populated\">\n\t\t\t\t\t\t<div class=\"elementor-element elementor-element-907ace4 elementor-widget elementor-widget-accordion\" data-id=\"907ace4\" data-element_type=\"widget\" data-widget_type=\"accordion.default\">\n\t\t\t\t<div class=\"elementor-widget-container\">\n\t\t\t\t\t\t\t<div class=\"elementor-accordion\">\n\t\t\t\t\t\t\t<div class=\"elementor-accordion-item\">\n\t\t\t\t\t<div id=\"elementor-tab-title-1511\" class=\"elementor-tab-title\" data-tab=\"1\" role=\"button\" aria-controls=\"elementor-tab-content-1511\" aria-expanded=\"false\">\n\t\t\t\t\t\t\t\t\t\t\t\t\t<span class=\"elementor-accordion-icon elementor-accordion-icon-left\" aria-hidden=\"true\">\n\t\t\t\t\t\t\t\t\t\t\t\t\t\t\t<i class=\"elementor-accordion-icon-closed fa fa-plus\"><\/i>\n\t\t\t\t\t\t\t\t<i class=\"elementor-accordion-icon-opened fa fa-minus\"><\/i>\n\t\t\t\t\t\t\t\t\t\t\t\t\t\t<\/span>\n\t\t\t\t\t\t\t\t\t\t\t\t<a class=\"elementor-accordion-title\" tabindex=\"0\">DOCENTE:  Christian Eugenio D\u00edaz Canales<\/a>\n\t\t\t\t\t<\/div>\n\t\t\t\t\t<div id=\"elementor-tab-content-1511\" class=\"elementor-tab-content elementor-clearfix\" data-tab=\"1\" role=\"region\" aria-labelledby=\"elementor-tab-title-1511\"><p><strong>ASIGNATURA:<\/strong><\/p><ul><li>Educaci\u00f3n Art\u00edstica<\/li><li>Apreciaci\u00f3n Art\u00edstica<\/li><li>Introducci\u00f3n a la Art\u00edstica<\/li><li>Dibujo T\u00e9cnico<\/li><\/ul><hr \/><p><strong>CORREO ELECTR\u00d3NICO:<\/strong><\/p><p>christian.diaz@nashvilleschool.edu.hn<\/p><hr \/><p><strong>GU\u00cdA:<\/strong><\/p><p>S\u00e9ptimo Grado A,B,C,<\/p><p>Octavo Grado A,B,C,<\/p><p>D\u00e9cimo Grado A,B,C,<\/p><p>Und\u00e9cimo Grado A,B,C,<\/p><\/div>\n\t\t\t\t<\/div>\n\t\t\t\t\t\t\t\t<\/div>\n\t\t\t\t\t\t<\/div>\n\t\t\t\t<\/div>\n\t\t\t\t\t<\/div>\n\t\t<\/div>\n\t\t\t\t\t<\/div>\n\t\t<\/section>\n\t\t\t\t<\/div>\n\t\t","protected":false},"excerpt":{"rendered":"<p>El curr\u00edculo de Lenguas Extranjeras comprende las disciplinas de: Literatura, Gram\u00e1tica, Fon\u00e9tica, Fonolog\u00eda, as\u00ed tambi\u00e9n las clases que son impartidas en el [&hellip;]<\/p>\n","protected":false},"author":1,"featured_media":0,"parent":2,"menu_order":0,"comment_status":"closed","ping_status":"closed","template":"","meta":{"footnotes":""},"class_list":["post-201","page","type-page","status-publish","hentry"],"_links":{"self":[{"href":"https:\/\/nashvilleschool.edu.hn\/wpnst\/wp-json\/wp\/v2\/pages\/201","targetHints":{"allow":["GET"]}}],"collection":[{"href":"https:\/\/nashvilleschool.edu.hn\/wpnst\/wp-json\/wp\/v2\/pages"}],"about":[{"href":"https:\/\/nashvilleschool.edu.hn\/wpnst\/wp-json\/wp\/v2\/types\/page"}],"author":[{"embeddable":true,"href":"https:\/\/nashvilleschool.edu.hn\/wpnst\/wp-json\/wp\/v2\/users\/1"}],"replies":[{"embeddable":true,"href":"https:\/\/nashvilleschool.edu.hn\/wpnst\/wp-json\/wp\/v2\/comments?post=201"}],"version-history":[{"count":17,"href":"https:\/\/nashvilleschool.edu.hn\/wpnst\/wp-json\/wp\/v2\/pages\/201\/revisions"}],"predecessor-version":[{"id":684,"href":"https:\/\/nashvilleschool.edu.hn\/wpnst\/wp-json\/wp\/v2\/pages\/201\/revisions\/684"}],"up":[{"embeddable":true,"href":"https:\/\/nashvilleschool.edu.hn\/wpnst\/wp-json\/wp\/v2\/pages\/2"}],"wp:attachment":[{"href":"https:\/\/nashvilleschool.edu.hn\/wpnst\/wp-json\/wp\/v2\/media?parent=201"}],"curies":[{"name":"wp","href":"https:\/\/api.w.org\/{rel}","templated":true}]}}