{"id":146,"date":"2018-07-12T19:15:31","date_gmt":"2018-07-12T19:15:31","guid":{"rendered":"http:\/\/localhost\/wordpress\/?page_id=146"},"modified":"2025-06-18T01:40:55","modified_gmt":"2025-06-18T01:40:55","slug":"lista-de-materiales","status":"publish","type":"page","link":"https:\/\/nashvilleschool.edu.hn\/wpnst\/admisiones\/lista-de-materiales\/","title":{"rendered":"Lista de Materiales"},"content":{"rendered":"<p><img fetchpriority=\"high\" decoding=\"async\" src=\"https:\/\/nashvilleschool.edu.hn\/wpnst\/wp-content\/uploads\/2022\/06\/10-\u00fatiles-escolares-que-no-pueden-faltar-en-la-mochila-3-1-1024x474.jpg\" sizes=\"(max-width: 1024px) 100vw, 1024px\" srcset=\"https:\/\/nashvilleschool.edu.hn\/wpnst\/wp-content\/uploads\/2022\/06\/10-\u00fatiles-escolares-que-no-pueden-faltar-en-la-mochila-3-1-1024x474.jpg 1024w, https:\/\/nashvilleschool.edu.hn\/wpnst\/wp-content\/uploads\/2022\/06\/10-\u00fatiles-escolares-que-no-pueden-faltar-en-la-mochila-3-1-300x139.jpg 300w, https:\/\/nashvilleschool.edu.hn\/wpnst\/wp-content\/uploads\/2022\/06\/10-\u00fatiles-escolares-que-no-pueden-faltar-en-la-mochila-3-1-768x356.jpg 768w, https:\/\/nashvilleschool.edu.hn\/wpnst\/wp-content\/uploads\/2022\/06\/10-\u00fatiles-escolares-que-no-pueden-faltar-en-la-mochila-3-1-830x384.jpg 830w, https:\/\/nashvilleschool.edu.hn\/wpnst\/wp-content\/uploads\/2022\/06\/10-\u00fatiles-escolares-que-no-pueden-faltar-en-la-mochila-3-1-230x106.jpg 230w, https:\/\/nashvilleschool.edu.hn\/wpnst\/wp-content\/uploads\/2022\/06\/10-\u00fatiles-escolares-que-no-pueden-faltar-en-la-mochila-3-1-350x162.jpg 350w, https:\/\/nashvilleschool.edu.hn\/wpnst\/wp-content\/uploads\/2022\/06\/10-\u00fatiles-escolares-que-no-pueden-faltar-en-la-mochila-3-1-480x222.jpg 480w, https:\/\/nashvilleschool.edu.hn\/wpnst\/wp-content\/uploads\/2022\/06\/10-\u00fatiles-escolares-que-no-pueden-faltar-en-la-mochila-3-1.jpg 1080w\" alt=\"\" width=\"1024\" height=\"474\"><\/p>\n<h4 style=\"text-align: center;\">Periodo 2025-2026 ( Disponibles )<\/h4>\n<h2>PRE-B\u00c1SICA<\/h2>\n\n\n<div class=\"wp-block-file\"><a href=\"https:\/\/nashvilleschool.edu.hn\/wpnst\/wp-content\/uploads\/2025\/06\/PREBASICA_01.pdf\"><strong>PREBASICA_NURSERY<\/strong><\/a><a href=\"https:\/\/nashvilleschool.edu.hn\/wpnst\/wp-content\/uploads\/2025\/06\/PREBASICA_01.pdf\" class=\"wp-block-file__button\" download>Descarga<\/a><\/div>\n\n\n\n<div class=\"wp-block-file\"><a href=\"https:\/\/nashvilleschool.edu.hn\/wpnst\/wp-content\/uploads\/2025\/06\/PREBASICA_02.pdf\"><strong>PREBASICA_PRE-KINDER<\/strong><\/a><a href=\"https:\/\/nashvilleschool.edu.hn\/wpnst\/wp-content\/uploads\/2025\/06\/PREBASICA_02.pdf\" class=\"wp-block-file__button\" download>Descarga<\/a><\/div>\n\n\n\n<div class=\"wp-block-file\"><a href=\"https:\/\/nashvilleschool.edu.hn\/wpnst\/wp-content\/uploads\/2025\/06\/PREBASICA_03.pdf\"><strong>PREBASICA_KINDER<\/strong><\/a><a href=\"https:\/\/nashvilleschool.edu.hn\/wpnst\/wp-content\/uploads\/2025\/06\/PREBASICA_03.pdf\" class=\"wp-block-file__button\" download>Descarga<\/a><\/div>\n\n\n\n<hr class=\"wp-block-separator\"\/>\n\n\n\n<h2 class=\"wp-block-heading\">B\u00c1SICA I<\/h2>\n\n\n\n<div class=\"wp-block-file\"><a href=\"https:\/\/nashvilleschool.edu.hn\/wpnst\/wp-content\/uploads\/2025\/06\/BASICA1_01.pdf\"><strong>BASICA1_PRIMER GRADO<\/strong><\/a><a href=\"https:\/\/nashvilleschool.edu.hn\/wpnst\/wp-content\/uploads\/2025\/06\/BASICA1_01.pdf\" class=\"wp-block-file__button\" download>Descarga<\/a><\/div>\n\n\n\n<div class=\"wp-block-file\"><a href=\"https:\/\/nashvilleschool.edu.hn\/wpnst\/wp-content\/uploads\/2025\/06\/BASICA1_02.pdf\"><strong>BASICA1_SEGUNDO GRADO<\/strong><\/a><a href=\"https:\/\/nashvilleschool.edu.hn\/wpnst\/wp-content\/uploads\/2025\/06\/BASICA1_02.pdf\" class=\"wp-block-file__button\" download>Descarga<\/a><\/div>\n\n\n\n<div class=\"wp-block-file\"><a href=\"https:\/\/nashvilleschool.edu.hn\/wpnst\/wp-content\/uploads\/2025\/06\/BASICA1_03.pdf\"><strong>BASICA1_TERCER GRADO<\/strong><\/a><a href=\"https:\/\/nashvilleschool.edu.hn\/wpnst\/wp-content\/uploads\/2025\/06\/BASICA1_03.pdf\" class=\"wp-block-file__button\" download>Descarga<\/a><\/div>\n\n\n\n<h2 class=\"wp-block-heading\">B\u00c1SICA II<\/h2>\n\n\n\n<div class=\"wp-block-file\"><a href=\"https:\/\/nashvilleschool.edu.hn\/wpnst\/wp-content\/uploads\/2025\/06\/BASICA2_CUARTO.pdf\"><strong>BASICA2_CUARTO<\/strong><\/a><a href=\"https:\/\/nashvilleschool.edu.hn\/wpnst\/wp-content\/uploads\/2025\/06\/BASICA2_CUARTO.pdf\" class=\"wp-block-file__button\" download>Descarga<\/a><\/div>\n\n\n\n<div class=\"wp-block-file\"><a href=\"https:\/\/nashvilleschool.edu.hn\/wpnst\/wp-content\/uploads\/2025\/06\/BASICA2_QUINTO.pdf\"><strong>BASICA2_QUINTO<\/strong><\/a><a href=\"https:\/\/nashvilleschool.edu.hn\/wpnst\/wp-content\/uploads\/2025\/06\/BASICA2_QUINTO.pdf\" class=\"wp-block-file__button\" download>Descarga<\/a><\/div>\n\n\n\n<div class=\"wp-block-file\"><a href=\"https:\/\/nashvilleschool.edu.hn\/wpnst\/wp-content\/uploads\/2025\/06\/BASICA2_SEXTO.pdf\"><strong>BASICA2_SEXTO<\/strong><\/a><a href=\"https:\/\/nashvilleschool.edu.hn\/wpnst\/wp-content\/uploads\/2025\/06\/BASICA2_SEXTO.pdf\" class=\"wp-block-file__button\" download>Descarga<\/a><\/div>\n\n\n\n<h2 class=\"wp-block-heading\">B\u00c1SICA III<\/h2>\n\n\n\n<div class=\"wp-block-file\"><a href=\"https:\/\/nashvilleschool.edu.hn\/wpnst\/wp-content\/uploads\/2025\/06\/BASICA3_SEPTIMO.pdf\"><strong>BASICA3_SEPTIMO<\/strong><\/a><a href=\"https:\/\/nashvilleschool.edu.hn\/wpnst\/wp-content\/uploads\/2025\/06\/BASICA3_SEPTIMO.pdf\" class=\"wp-block-file__button\" download>Descarga<\/a><\/div>\n\n\n\n<div class=\"wp-block-file\"><a href=\"https:\/\/nashvilleschool.edu.hn\/wpnst\/wp-content\/uploads\/2025\/06\/BASICA3_OCTAVO.pdf\"><strong>BASICA3_OCTAVO<\/strong><\/a><a href=\"https:\/\/nashvilleschool.edu.hn\/wpnst\/wp-content\/uploads\/2025\/06\/BASICA3_OCTAVO.pdf\" class=\"wp-block-file__button\" download>Descarga<\/a><\/div>\n\n\n\n<div class=\"wp-block-file\"><a href=\"https:\/\/nashvilleschool.edu.hn\/wpnst\/wp-content\/uploads\/2025\/06\/BASICA3_NOVENO.pdf\"><strong>BASICA3_NOVENO<\/strong><\/a><a href=\"https:\/\/nashvilleschool.edu.hn\/wpnst\/wp-content\/uploads\/2025\/06\/BASICA3_NOVENO.pdf\" class=\"wp-block-file__button\" download>Descarga<\/a><\/div>\n\n\n\n<h2 class=\"wp-block-heading\">MEDIA<\/h2>\n\n\n\n<div class=\"wp-block-file\"><a href=\"https:\/\/nashvilleschool.edu.hn\/wpnst\/wp-content\/uploads\/2025\/06\/MEDIA_DECIMO.pdf\"><strong>MEDIA_DECIMO<\/strong><\/a><a href=\"https:\/\/nashvilleschool.edu.hn\/wpnst\/wp-content\/uploads\/2025\/06\/MEDIA_DECIMO.pdf\" class=\"wp-block-file__button\" download>Descarga<\/a><\/div>\n\n\n\n<div class=\"wp-block-file\"><a href=\"https:\/\/nashvilleschool.edu.hn\/wpnst\/wp-content\/uploads\/2025\/06\/MEDIA_UNDECIMO.pdf\"><strong>MEDIA_UNDECIMO<\/strong><\/a><a href=\"https:\/\/nashvilleschool.edu.hn\/wpnst\/wp-content\/uploads\/2025\/06\/MEDIA_UNDECIMO.pdf\" class=\"wp-block-file__button\" download>Descarga<\/a><\/div>\n","protected":false},"excerpt":{"rendered":"<p>Periodo 2025-2026 ( Disponibles ) PRE-B\u00c1SICA B\u00c1SICA I B\u00c1SICA II B\u00c1SICA III MEDIA<\/p>\n","protected":false},"author":1,"featured_media":0,"parent":11,"menu_order":0,"comment_status":"closed","ping_status":"closed","template":"","meta":{"footnotes":""},"class_list":["post-146","page","type-page","status-publish","hentry"],"_links":{"self":[{"href":"https:\/\/nashvilleschool.edu.hn\/wpnst\/wp-json\/wp\/v2\/pages\/146","targetHints":{"allow":["GET"]}}],"collection":[{"href":"https:\/\/nashvilleschool.edu.hn\/wpnst\/wp-json\/wp\/v2\/pages"}],"about":[{"href":"https:\/\/nashvilleschool.edu.hn\/wpnst\/wp-json\/wp\/v2\/types\/page"}],"author":[{"embeddable":true,"href":"https:\/\/nashvilleschool.edu.hn\/wpnst\/wp-json\/wp\/v2\/users\/1"}],"replies":[{"embeddable":true,"href":"https:\/\/nashvilleschool.edu.hn\/wpnst\/wp-json\/wp\/v2\/comments?post=146"}],"version-history":[{"count":73,"href":"https:\/\/nashvilleschool.edu.hn\/wpnst\/wp-json\/wp\/v2\/pages\/146\/revisions"}],"predecessor-version":[{"id":3443,"href":"https:\/\/nashvilleschool.edu.hn\/wpnst\/wp-json\/wp\/v2\/pages\/146\/revisions\/3443"}],"up":[{"embeddable":true,"href":"https:\/\/nashvilleschool.edu.hn\/wpnst\/wp-json\/wp\/v2\/pages\/11"}],"wp:attachment":[{"href":"https:\/\/nashvilleschool.edu.hn\/wpnst\/wp-json\/wp\/v2\/media?parent=146"}],"curies":[{"name":"wp","href":"https:\/\/api.w.org\/{rel}","templated":true}]}}