{"id":1365,"date":"2020-04-14T15:54:57","date_gmt":"2020-04-14T15:54:57","guid":{"rendered":"http:\/\/nashvilleschool.edu.hn\/wpnst\/?page_id=1365"},"modified":"2023-12-20T17:18:30","modified_gmt":"2023-12-20T17:18:30","slug":"depto-psicologia","status":"publish","type":"page","link":"https:\/\/nashvilleschool.edu.hn\/wpnst\/depto-psicologia\/","title":{"rendered":"Depto Psicolog\u00eda"},"content":{"rendered":"\t\t<div data-elementor-type=\"wp-page\" data-elementor-id=\"1365\" class=\"elementor elementor-1365\">\n\t\t\t\t\t\t<section class=\"elementor-section elementor-top-section elementor-element elementor-element-e92968a elementor-section-boxed elementor-section-height-default elementor-section-height-default\" data-id=\"e92968a\" data-element_type=\"section\">\n\t\t\t\t\t\t<div class=\"elementor-container elementor-column-gap-default\">\n\t\t\t\t\t<div class=\"elementor-column elementor-col-33 elementor-top-column elementor-element elementor-element-d7eb212\" data-id=\"d7eb212\" data-element_type=\"column\">\n\t\t\t<div class=\"elementor-widget-wrap elementor-element-populated\">\n\t\t\t\t\t\t<div class=\"elementor-element elementor-element-58840f2 elementor-widget elementor-widget-image\" data-id=\"58840f2\" data-element_type=\"widget\" data-widget_type=\"image.default\">\n\t\t\t\t<div class=\"elementor-widget-container\">\n\t\t\t\t\t\t\t\t\t\t\t\t\t\t\t<img fetchpriority=\"high\" decoding=\"async\" width=\"1024\" height=\"1024\" src=\"https:\/\/nashvilleschool.edu.hn\/wpnst\/wp-content\/uploads\/2023\/12\/MARCOS-FOTOS_Mesa-de-trabajo-1-1024x1024.jpg\" class=\"attachment-large size-large wp-image-2945\" alt=\"\" srcset=\"https:\/\/nashvilleschool.edu.hn\/wpnst\/wp-content\/uploads\/2023\/12\/MARCOS-FOTOS_Mesa-de-trabajo-1-1024x1024.jpg 1024w, https:\/\/nashvilleschool.edu.hn\/wpnst\/wp-content\/uploads\/2023\/12\/MARCOS-FOTOS_Mesa-de-trabajo-1-150x150.jpg 150w, https:\/\/nashvilleschool.edu.hn\/wpnst\/wp-content\/uploads\/2023\/12\/MARCOS-FOTOS_Mesa-de-trabajo-1-300x300.jpg 300w, https:\/\/nashvilleschool.edu.hn\/wpnst\/wp-content\/uploads\/2023\/12\/MARCOS-FOTOS_Mesa-de-trabajo-1-768x768.jpg 768w, https:\/\/nashvilleschool.edu.hn\/wpnst\/wp-content\/uploads\/2023\/12\/MARCOS-FOTOS_Mesa-de-trabajo-1-830x830.jpg 830w, https:\/\/nashvilleschool.edu.hn\/wpnst\/wp-content\/uploads\/2023\/12\/MARCOS-FOTOS_Mesa-de-trabajo-1-230x230.jpg 230w, https:\/\/nashvilleschool.edu.hn\/wpnst\/wp-content\/uploads\/2023\/12\/MARCOS-FOTOS_Mesa-de-trabajo-1-350x350.jpg 350w, https:\/\/nashvilleschool.edu.hn\/wpnst\/wp-content\/uploads\/2023\/12\/MARCOS-FOTOS_Mesa-de-trabajo-1-480x480.jpg 480w, https:\/\/nashvilleschool.edu.hn\/wpnst\/wp-content\/uploads\/2023\/12\/MARCOS-FOTOS_Mesa-de-trabajo-1.jpg 1080w\" sizes=\"(max-width: 1024px) 100vw, 1024px\" \/>\t\t\t\t\t\t\t\t\t\t\t\t\t\t\t<\/div>\n\t\t\t\t<\/div>\n\t\t\t\t\t<\/div>\n\t\t<\/div>\n\t\t\t\t<div class=\"elementor-column elementor-col-66 elementor-top-column elementor-element elementor-element-6fdda28\" data-id=\"6fdda28\" data-element_type=\"column\">\n\t\t\t<div class=\"elementor-widget-wrap elementor-element-populated\">\n\t\t\t\t\t\t<div class=\"elementor-element elementor-element-22434f4 elementor-widget elementor-widget-text-editor\" data-id=\"22434f4\" data-element_type=\"widget\" data-widget_type=\"text-editor.default\">\n\t\t\t\t<div class=\"elementor-widget-container\">\n\t\t\t\t\t\t\t\t\t<p>El Departamento de Psicolog\u00eda es un \u00e1rea donde se brinda asistencia psicol\u00f3gica para el fortalecimiento de la salud mental y el bienestar emocional de los y las estudiantes de Nashville School, de los niveles de preescolar, primaria y secundaria, como tambi\u00e9n a todo el personal docente y administrativo que as\u00ed lo requiera; as\u00ed mismo ofrecer apoyo emocional, con empat\u00eda, el cuidado, el amor y la confianza por lo que es nuestra responsabilidad dar a conocer nuestro inter\u00e9s de manera efectiva, y resp\u00f3ndale para promover y fomentar una salud mental e integral en toda la poblaci\u00f3n estudiantil de Nashville School.<\/p><p><strong>Responsable:<\/strong> Lda. Claudia Lizeth Garc\u00eda Cerrato<\/p><p><strong>Contacto:<\/strong> <a href=\"mailto:Claudia.garcia@nashville.edu.hn\">claudia.garcia@nashvilleschool.edu.hn<\/a><\/p><p><strong>Objetivo General:<\/strong><br \/>promover una apropiada salud mental en la poblaci\u00f3n estudiantil de Nashville School, as\u00ed mismo mejorar resultados educativos, y conductuales, como tambi\u00e9n ampliar los conocimientos b\u00e1sicos sobre salud mental de los alumnos y promover un aprendizaje socioemocional.<\/p><p><strong>Objetivos espec\u00edficos:<\/strong><\/p><p>&#8211; Las funciones de un psic\u00f3logo escolar son muy variadas; en cuanto al requerimiento educativo de los alumnos, como: detectar con antelaci\u00f3n las necesidades de cada estudiante, para dise\u00f1ar un plan de acci\u00f3n que mejore experiencia formativa, as\u00ed como otras habilidades psicol\u00f3gicas.<\/p><p>&#8211; Abordar la problem\u00e1tica de cada uno de los y las estudiantes de la poblaci\u00f3n estudiantil que lo requieran.<\/p><p>&#8211; Fortalecer la salud mental y bienestar emocional a los y las estudiantes con problem\u00e1tica emocional, acad\u00e9mica y social.<\/p><p>&#8211; Implementar las t\u00e9cnicas necesarias para las diferentes problem\u00e1ticas que aquejan a cada uno de los y las estudiantes de los diferentes niveles de escolaridad.<\/p><p>&#8211; Trabajar en conjunto con Padre, madre o encargado, Alumno (a), Docente, Consejera (o), Orientadora (a) y Psic\u00f3loga (o) para el buen desempe\u00f1o tanto conductual como acad\u00e9mico de cada uno de los y las estudiantes de Nashville School que as\u00ed lo requiera.<\/p><p><strong>Funciones.<\/strong><br \/>&#8211; Brindar asistencia psicol\u00f3gica a los y las estudiantes, personal docente y administrativo de Nashville School, aplicando las t\u00e9cnicas y los test necesarios para el para fortalecer la salud mental.<\/p><p>&#8211; Proporcionar apoyo emocional y acompa\u00f1amiento de las diferentes situaciones oproblem\u00e1tica en la que se ven envueltos los y las estudiantes y personal docente yadministrativo de Nashville School.<\/p><p>&#8211; Aplicaci\u00f3n de estudios vocacionales para los y las estudiantes de \u00faltimo a\u00f1o de Nashville<br \/>School que est\u00e1n pr\u00f3ximos a entrar a la universidad.<\/p><p>&#8211; Taller de proyecto de Vida para los estudiantes de \u00faltimo a\u00f1o en relaci\u00f3n a su orientaci\u00f3n<br \/>vocacional<\/p><p>&#8211; Charlas educativas con temas alusivos a las necesidades de los estudiantes para promover una adecuada salud mental y emocional<\/p><p>&#8211; Atenci\u00f3n a padres en apoyo para una intervenci\u00f3n a sus hijos en problem\u00e1ticas que requieran apoyo en el \u00e1rea de psicolog\u00eda<\/p><p><strong>Servicios que ofrece el Departamento de Psicolog\u00eda.<\/strong><\/p><p style=\"padding-left: 30px;\"><strong>El Departamento de Psicolog\u00eda ofrece lo siguientes servicios:<\/strong><br \/>&#8211; Consulta Psicol\u00f3gica.<br \/>&#8211; Diagn\u00f3stico cl\u00ednico<br \/>&#8211; Aplicaci\u00f3n de pruebas proyectivas y de inteligencia (edad maduracional para el<br \/>aprendizaje.)<br \/>&#8211; Tratamiento de problemas psicol\u00f3gicos<br \/>&#8211; Terapia individual, grupal.<br \/>&#8211; Intervenciones en crisis.<br \/>&#8211; Aplicaci\u00f3n de Test de Personalidad.<br \/>&#8211; Aplicaci\u00f3n de Test Vocacionales.<br \/>&#8211; Sesiones de Consejer\u00eda, apoyo emocional<br \/>&#8211; Sesiones de orientaci\u00f3n, etc.<\/p>\t\t\t\t\t\t\t\t<\/div>\n\t\t\t\t<\/div>\n\t\t\t\t\t<\/div>\n\t\t<\/div>\n\t\t\t\t\t<\/div>\n\t\t<\/section>\n\t\t\t\t<section class=\"elementor-section elementor-top-section elementor-element elementor-element-47f0fd5 elementor-section-boxed elementor-section-height-default elementor-section-height-default\" data-id=\"47f0fd5\" data-element_type=\"section\">\n\t\t\t\t\t\t<div class=\"elementor-container elementor-column-gap-default\">\n\t\t\t\t\t<div class=\"elementor-column elementor-col-100 elementor-top-column elementor-element elementor-element-e372e7e\" data-id=\"e372e7e\" data-element_type=\"column\">\n\t\t\t<div class=\"elementor-widget-wrap elementor-element-populated\">\n\t\t\t\t\t\t<div class=\"elementor-element elementor-element-28a9db1 elementor-button-success elementor-align-center elementor-widget elementor-widget-button\" data-id=\"28a9db1\" data-element_type=\"widget\" data-widget_type=\"button.default\">\n\t\t\t\t<div class=\"elementor-widget-container\">\n\t\t\t\t\t\t\t\t\t<div class=\"elementor-button-wrapper\">\n\t\t\t\t\t<a class=\"elementor-button elementor-button-link elementor-size-xl\" href=\"https:\/\/nashvilleschool.edu.hn\/wpnst\/covid-19\/\">\n\t\t\t\t\t\t<span class=\"elementor-button-content-wrapper\">\n\t\t\t\t\t\t\t\t\t<span class=\"elementor-button-text\"><h3 style=\"text-align: start;white-space: normal\">Plan de Retorno al Proceso Escolar 2022<\/h3><\/span>\n\t\t\t\t\t<\/span>\n\t\t\t\t\t<\/a>\n\t\t\t\t<\/div>\n\t\t\t\t\t\t\t\t<\/div>\n\t\t\t\t<\/div>\n\t\t\t\t\t<\/div>\n\t\t<\/div>\n\t\t\t\t\t<\/div>\n\t\t<\/section>\n\t\t\t\t<\/div>\n\t\t","protected":false},"excerpt":{"rendered":"<p>El Departamento de Psicolog\u00eda es un \u00e1rea donde se brinda asistencia psicol\u00f3gica para el fortalecimiento de la salud mental y el bienestar [&hellip;]<\/p>\n","protected":false},"author":1,"featured_media":0,"parent":0,"menu_order":0,"comment_status":"closed","ping_status":"closed","template":"","meta":{"footnotes":""},"class_list":["post-1365","page","type-page","status-publish","hentry"],"_links":{"self":[{"href":"https:\/\/nashvilleschool.edu.hn\/wpnst\/wp-json\/wp\/v2\/pages\/1365","targetHints":{"allow":["GET"]}}],"collection":[{"href":"https:\/\/nashvilleschool.edu.hn\/wpnst\/wp-json\/wp\/v2\/pages"}],"about":[{"href":"https:\/\/nashvilleschool.edu.hn\/wpnst\/wp-json\/wp\/v2\/types\/page"}],"author":[{"embeddable":true,"href":"https:\/\/nashvilleschool.edu.hn\/wpnst\/wp-json\/wp\/v2\/users\/1"}],"replies":[{"embeddable":true,"href":"https:\/\/nashvilleschool.edu.hn\/wpnst\/wp-json\/wp\/v2\/comments?post=1365"}],"version-history":[{"count":13,"href":"https:\/\/nashvilleschool.edu.hn\/wpnst\/wp-json\/wp\/v2\/pages\/1365\/revisions"}],"predecessor-version":[{"id":2947,"href":"https:\/\/nashvilleschool.edu.hn\/wpnst\/wp-json\/wp\/v2\/pages\/1365\/revisions\/2947"}],"wp:attachment":[{"href":"https:\/\/nashvilleschool.edu.hn\/wpnst\/wp-json\/wp\/v2\/media?parent=1365"}],"curies":[{"name":"wp","href":"https:\/\/api.w.org\/{rel}","templated":true}]}}