{"id":241,"date":"2022-07-05T00:09:21","date_gmt":"2022-07-05T00:09:21","guid":{"rendered":"https:\/\/nashvilleschool.edu.hn\/nsv\/web\/?page_id=241"},"modified":"2023-04-15T03:15:41","modified_gmt":"2023-04-15T03:15:41","slug":"carta-de-bienvenida","status":"publish","type":"page","link":"https:\/\/nashvilleschool.edu.hn\/nsv\/web\/carta-de-bienvenida\/","title":{"rendered":"Carta de Bienvenida"},"content":{"rendered":"\n\n\n\n\n\n<p style=\"text-align: justify;\"><p style=\"text-align: justify;\"><span style=\"line-height: 2; font-size: medium;\"><span style=\"font-size:medium;\"><p><\/p><\/span><span style=\"font-size: medium; line-height: 2.5;\"><span style=\"\"><p style=\"text-align: justify;\">Maravillosa comunidad de Nashville:<\/p><p style=\"text-align: justify;\"><br><\/p><p style=\"text-align: justify;\">Estamos muy felices de darle la bienvenida a nuestra comunidad de aprendizaje.<\/p><p style=\"text-align: justify;\">Dios ha concedido nuestro deseo de regresar plenamente a clases y permitir que su felicidad llene nuestras aulas.&nbsp;<\/p><\/span><\/span><\/span><\/p><\/p><p style=\"text-align: justify;\"><\/p>\n\n\n\n\n<span style=\"font-size: medium; line-height: 2.5;\"><p style=\"text-align: justify;\">Atesoramos su confianza y apoyo a lo largo de los a\u00f1os, y aceptamos a los nuevos miembros en nuestra escuela. Estamos comprometidos a brindar una educaci\u00f3n con excelencia e integridad a todos los estudiantes. Los estudiantes se divertir\u00e1n en Nashville School Valle de \u00c1ngeles y los ayudaremos a desarrollar al m\u00e1ximo sus habilidades mientras aprenden a trav\u00e9s de una variedad de estrategias y metodolog\u00edas. <font size=\"3\">Una Educaci\u00f3n basada en valores como el respeto, la honestidad,&nbsp;<\/font>la responsabilidad, la amabilidad, la creatividad y el crecimiento&nbsp;personal es lo que brindamos en nuestras aulas. Tambi\u00e9n&nbsp;entendemos el valor de la familia. Porque es la primera instituci\u00f3n&nbsp;donde los ni\u00f1os aprenden modales y habilidades para la vida.<\/p><p style=\"text-align: justify;\"><font size=\"3\">Trabajamos junto a las familias para guiar a nuestros depredadores&nbsp;<\/font><span style=\"\">para que se conviertan en los futuros profesionales que liderar\u00e1n y&nbsp;<\/span><span style=\"\">desarrollar\u00e1n nuestro pa\u00eds.<\/span><\/p><p style=\"text-align: justify;\"><font size=\"3\">\u00a1Un equipo de profesionales multidisciplinario y personal altamente&nbsp;<\/font><span style=\"\">comprometidos se asegurar\u00e1 de brindar la mejor y m\u00e1s agradable&nbsp;<\/span><span style=\"\">experiencia de aprendizaje!<\/span><\/p><p style=\"text-align: justify;\"><font size=\"3\">Dios bendiga a nuestro fant\u00e1stico centro y a todos los que forman&nbsp;<\/font>parte de esta hermosa FAMILIA.<\/p><\/span><p style=\"text-align: justify;\"><font size=\"3\"> <\/font><\/p>\n\n\n","protected":false},"excerpt":{"rendered":"","protected":false},"author":1,"featured_media":0,"parent":0,"menu_order":0,"comment_status":"closed","ping_status":"closed","template":"","meta":{"pagelayer_contact_templates":[],"_pagelayer_content":"","footnotes":""},"class_list":["post-241","page","type-page","status-publish","hentry"],"_links":{"self":[{"href":"https:\/\/nashvilleschool.edu.hn\/nsv\/web\/wp-json\/wp\/v2\/pages\/241","targetHints":{"allow":["GET"]}}],"collection":[{"href":"https:\/\/nashvilleschool.edu.hn\/nsv\/web\/wp-json\/wp\/v2\/pages"}],"about":[{"href":"https:\/\/nashvilleschool.edu.hn\/nsv\/web\/wp-json\/wp\/v2\/types\/page"}],"author":[{"embeddable":true,"href":"https:\/\/nashvilleschool.edu.hn\/nsv\/web\/wp-json\/wp\/v2\/users\/1"}],"replies":[{"embeddable":true,"href":"https:\/\/nashvilleschool.edu.hn\/nsv\/web\/wp-json\/wp\/v2\/comments?post=241"}],"version-history":[{"count":38,"href":"https:\/\/nashvilleschool.edu.hn\/nsv\/web\/wp-json\/wp\/v2\/pages\/241\/revisions"}],"predecessor-version":[{"id":1746,"href":"https:\/\/nashvilleschool.edu.hn\/nsv\/web\/wp-json\/wp\/v2\/pages\/241\/revisions\/1746"}],"wp:attachment":[{"href":"https:\/\/nashvilleschool.edu.hn\/nsv\/web\/wp-json\/wp\/v2\/media?parent=241"}],"curies":[{"name":"wp","href":"https:\/\/api.w.org\/{rel}","templated":true}]}}