{"id":240,"date":"2022-07-05T00:09:21","date_gmt":"2022-07-05T00:09:21","guid":{"rendered":"https:\/\/nashvilleschool.edu.hn\/nsv\/web\/?page_id=240"},"modified":"2023-03-21T03:24:05","modified_gmt":"2023-03-21T03:24:05","slug":"mision-y-vision","status":"publish","type":"page","link":"https:\/\/nashvilleschool.edu.hn\/nsv\/web\/mision-y-vision\/","title":{"rendered":"Misi\u00f3n y Visi\u00f3n"},"content":{"rendered":"\n\n\n<h2 style=\"color: rgb(255, 153, 0);\">MISI\u00d3N<\/h2>\n\n\n\n\n<p><span style=\"color: rgb(33, 33, 33); font-family: Poppins; font-size: 15px; text-align: justify;\">Nuestra misi\u00f3n es formar a nuestros estudiantes con una educaci\u00f3n triling<\/span><span style=\"color: rgb(31, 39, 50); font-family: Poppins; font-size: 15px; white-space: pre-wrap;\">\u00fc<\/span><span style=\"color: rgb(33, 33, 33); font-family: Poppins; font-size: 15px; text-align: justify;\">e integral, basados en la formaci\u00f3n de su car\u00e1cter, su formaci\u00f3n cient\u00edfica, cognoscitiva, cultural, deportiva y tecnol\u00f3gica con los m\u00e1s altos est\u00e1ndares de calidad; para as\u00ed brindar a la sociedad hondure\u00f1a; J\u00f3venes pilares del desarrollo, democracia e identidad nacional.<\/span><br><\/p>\n\n\n\n\n<h2 style=\"color: rgb(255, 153, 0);\">VISI\u00d3N<\/h2>\n\n\n\n\n<p><span style=\"color: rgb(33, 33, 33); font-family: Poppins; font-size: 15px; text-align: justify;\">Para 2025 ser una Instituci\u00f3n de calidad y l\u00edder del sector educacional en el municipio de Valle de \u00c1ngeles; con procesos continuos de aprendizaje y nuevas formas educativas que contribuyan a desarrollar y fomentar en nuestros alumnos sus propias habilidades, destrezas, conocimientos y valores cumpliendo as\u00ed con el compromiso adquirido con cada uno de los padres<\/span><br><\/p>\n\n\n\n\n\n\n\n\n\n\n\n\n\n\n<h2 style=\"color: rgb(255, 153, 0);\">OBJETIVOS<\/h2>\n\n\n\n\n\n<h2 id=\"h.p_rJUmKRSfgz8D\" class=\"CDt4Ke zfr3Q\" style=\"box-sizing: border-box; font-size: 11pt; line-height: 1.6667; color: rgb(33, 33, 33); font-family: Merriweather, serif; padding: 0px; overflow-wrap: break-word; font-variant-ligatures: none; text-decoration-line: inherit; outline: none; position: relative; white-space: pre-wrap; font-variant-numeric: normal !important; font-variant-east-asian: normal !important; font-variant-alternates: normal !important;\"><span style=\"color: rgb(31, 39, 50); font-family: Poppins; font-size: 15px; font-variant-ligatures: normal; font-weight: 400; letter-spacing: 0px; text-decoration-line: inherit;\">Contribuir en el crecimiento de nuestros estudiantes utilizando metodolog\u00edas que fomenten el desarrollo de sus habilidades, destrezas y valores.<\/span><\/h2>\n\n\n<h1 id=\"h.p_FTLSZzbPg0Wr\" class=\"CDt4Ke zfr3Q\" style=\"box-sizing: border-box; font-size: 11pt; margin-top: 12px; line-height: 1.6667; color: rgb(33, 33, 33); font-family: Merriweather, serif; padding: 0px; overflow-wrap: break-word; font-variant-ligatures: none; text-decoration-line: inherit; outline: none; position: relative; white-space: pre-wrap; font-variant-numeric: normal !important; font-variant-east-asian: normal !important; font-variant-alternates: normal !important;\"><font style=\"padding: 0px; margin: 0px; overflow-wrap: break-word; color: rgb(31, 39, 50); vertical-align: inherit; font-family: Poppins !important; font-size: 15px !important; font-weight: 400 !important; font-variant-ligatures: normal !important; font-variant-numeric: normal !important; font-variant-east-asian: normal !important; font-variant-alternates: normal !important; text-decoration-style: solid !important; line-height: 1.65em !important; letter-spacing: 0px !important;\">Proveer un ambiente educativo biling\u00fce con altos est\u00e1ndares de calidad, que promuevan en nuestros estudiantes sed de aprender y la aspiraci\u00f3n por la excelencia.<\/font><\/h1>\n\n\n\n<h1 id=\"h.p_7mA0BUAYg0Wt\" class=\"CDt4Ke zfr3Q\" style=\"box-sizing: border-box; font-size: 11pt; margin-top: 12px; padding: 0px; overflow-wrap: break-word; color: rgb(33, 33, 33); font-family: Merriweather, serif; font-variant-ligatures: none; text-decoration-line: inherit; line-height: 1.6667; outline: none; position: relative; white-space: pre-wrap; font-variant-numeric: normal !important; font-variant-east-asian: normal !important; font-variant-alternates: normal !important;\"><font style=\"padding: 0px; margin: 0px; overflow-wrap: break-word; color: rgb(31, 39, 50); vertical-align: inherit; font-family: Poppins !important; font-size: 15px !important; font-weight: 400 !important; font-variant-ligatures: normal !important; font-variant-numeric: normal !important; font-variant-east-asian: normal !important; font-variant-alternates: normal !important; text-decoration-style: solid !important; line-height: 1.65em !important; letter-spacing: 0px !important;\">Dar a conocer a nuestros estudiantes la importancia de la educaci\u00f3n profesional en el desarrollo de la vida.<\/font><\/h1>\n\n\n\n\n<h1 id=\"h.p_7mA0BUAYg0Wt\" class=\"CDt4Ke zfr3Q\" style=\"box-sizing: border-box; font-size: 11pt; margin-top: 12px; padding: 0px; overflow-wrap: break-word; color: rgb(33, 33, 33); font-family: Merriweather, serif; font-variant-ligatures: none; text-decoration-line: inherit; line-height: 1.6667; outline: none; position: relative; white-space: pre-wrap; font-variant-numeric: normal !important; font-variant-east-asian: normal !important; font-variant-alternates: normal !important;\"><font style=\"color: rgb(31, 39, 50); font-family: Poppins; font-size: 15px; font-variant-ligatures: normal; font-weight: 400; padding: 0px; margin: 0px; overflow-wrap: break-word; vertical-align: inherit; letter-spacing: 0px !important; text-decoration-style: solid !important; font-variant-numeric: normal !important; font-variant-east-asian: normal !important; font-variant-alternates: normal !important; line-height: 1.65em !important;\"> Contribuir al desarrollo de sus habilidades, destrezas y valores en casa uno de nuestros estudiantes.<\/font><br><\/h1>\n\n\n<h1 id=\"h.p_7mA0BUAYg0Wt\" class=\"CDt4Ke zfr3Q\" style=\"box-sizing: border-box; font-size: 11pt; margin-top: 12px; padding: 0px; overflow-wrap: break-word; color: rgb(33, 33, 33); font-family: Merriweather, serif; font-variant-ligatures: none; text-decoration-line: inherit; line-height: 1.6667; outline: none; position: relative; white-space: pre-wrap; font-variant-numeric: normal !important; font-variant-east-asian: normal !important; font-variant-alternates: normal !important;\"><span style=\"color: rgb(31, 39, 50); font-family: Poppins; font-size: 15px; font-variant-ligatures: normal; font-weight: 400;\"> Proveer una ense\u00f1anza basada en aprender y el trabajo cooperativo.<\/span><br><\/h1>\n\n\n<h1 id=\"h.p_7mA0BUAYg0Wt\" class=\"CDt4Ke zfr3Q\" style=\"box-sizing: border-box; font-size: 11pt; margin-top: 12px; padding: 0px; overflow-wrap: break-word; color: rgb(33, 33, 33); font-family: Merriweather, serif; font-variant-ligatures: none; text-decoration-line: inherit; line-height: 1.6667; outline: none; position: relative; white-space: pre-wrap; font-variant-numeric: normal !important; font-variant-east-asian: normal !important; font-variant-alternates: normal !important;\"><span style=\"color: rgb(31, 39, 50); font-family: Poppins; font-size: 15px; font-variant-ligatures: normal; font-weight: 400;\">Desarrollar excelencia acad\u00e9mica basada en un ambiente de educaci\u00f3n biling\u00fce.<\/span><br><\/h1>\n\n\n<h1 id=\"h.p_7mA0BUAYg0Wt\" class=\"CDt4Ke zfr3Q\" style=\"box-sizing: border-box; font-size: 11pt; margin-top: 12px; padding: 0px; overflow-wrap: break-word; color: rgb(33, 33, 33); font-family: Merriweather, serif; font-variant-ligatures: none; text-decoration-line: inherit; line-height: 1.6667; outline: none; position: relative; white-space: pre-wrap; font-variant-numeric: normal !important; font-variant-east-asian: normal !important; font-variant-alternates: normal !important;\"><span style=\"color: rgb(31, 39, 50); font-family: Poppins; font-size: 15px; font-variant-ligatures: normal; font-weight: 400;\">Contribuir a desarrollar en los educandos el deseo de una educaci\u00f3n para la vida<\/span><br><\/h1>\n\n\n\n\n\n\n\n\n\n\n\n<h2 style=\"color: rgb(255, 153, 0);\">VALORES<\/h2>\n\n\n\n\n<h1 id=\"h.p_rJUmKRSfgz8D\" class=\"CDt4Ke zfr3Q\" style=\"box-sizing: border-box; font-variant-ligatures: none; outline: none; position: relative; text-decoration-line: inherit; text-decoration-style: initial; color: rgb(33, 33, 33); font-size: 11pt; font-family: Merriweather, serif; line-height: 1.6667; letter-spacing: normal; white-space: pre-wrap;\"><ul class=\"n8H08c UVNKR\" style=\"list-style-type: square; padding-left: 20px; margin-bottom: 0px; color: rgb(0, 0, 0); font-family: sans-serif; font-size: 16px; letter-spacing: normal; text-decoration-style: initial;\"><li id=\"h.p_Lx36fPJrhGsG\" class=\"TYR86d zfr3Q\" style=\"box-sizing: border-box; font-variant-ligatures: none; margin-bottom: 0px; outline: none; position: relative; text-decoration: inherit; color: rgb(33, 33, 33); font-size: 11pt; font-style: inherit; font-family: Merriweather, serif; line-height: 1.6667;\"><font style=\"vertical-align: inherit;\"><font style=\"vertical-align: inherit;\">Responsabilidad<\/font><\/font><\/li><li id=\"h.p_pxq01lydhHUS\" class=\"TYR86d zfr3Q\" style=\"box-sizing: border-box; font-variant-ligatures: none; margin-top: 6px; margin-bottom: 0px; outline: none; position: relative; text-decoration: inherit; color: rgb(33, 33, 33); font-size: 11pt; font-style: inherit; font-family: Merriweather, serif; line-height: 1.6667;\"><font style=\"vertical-align: inherit;\"><font style=\"vertical-align: inherit;\">Lealtad<\/font><\/font><\/li><li id=\"h.p_tnoscvS5hHUe\" class=\"TYR86d zfr3Q\" style=\"box-sizing: border-box; font-variant-ligatures: none; margin-top: 6px; margin-bottom: 0px; outline: none; position: relative; text-decoration: inherit; color: rgb(33, 33, 33); font-size: 11pt; font-style: inherit; font-family: Merriweather, serif; line-height: 1.6667;\"><font style=\"vertical-align: inherit;\"><font style=\"vertical-align: inherit;\">Consideraci\u00f3n<\/font><\/font><\/li><li id=\"h.p_2TrdNcAbhHUe\" class=\"TYR86d zfr3Q\" style=\"box-sizing: border-box; font-variant-ligatures: none; margin-top: 6px; margin-bottom: 0px; outline: none; position: relative; text-decoration: inherit; color: rgb(33, 33, 33); font-size: 11pt; font-style: inherit; font-family: Merriweather, serif; line-height: 1.6667;\"><font style=\"vertical-align: inherit;\"><font style=\"vertical-align: inherit;\">Colaboraci\u00f3n<\/font><\/font><\/li><li id=\"h.p_xHU5k0KrhHUg\" class=\"TYR86d zfr3Q\" style=\"box-sizing: border-box; font-variant-ligatures: none; margin-top: 6px; margin-bottom: 0px; outline: none; position: relative; text-decoration: inherit; color: rgb(33, 33, 33); font-size: 11pt; font-style: inherit; font-family: Merriweather, serif; line-height: 1.6667;\"><font style=\"vertical-align: inherit;\"><font style=\"vertical-align: inherit;\">Confianza<\/font><\/font><\/li><li id=\"h.p_JNJrkAvchHUh\" class=\"TYR86d zfr3Q\" style=\"box-sizing: border-box; font-variant-ligatures: none; margin-top: 6px; margin-bottom: 0px; outline: none; position: relative; text-decoration: inherit; color: rgb(33, 33, 33); font-size: 11pt; font-style: inherit; font-family: Merriweather, serif; line-height: 1.6667;\"><font style=\"vertical-align: inherit;\"><font style=\"vertical-align: inherit;\">Justicia<\/font><\/font><\/li><li id=\"h.p_2f1cWwSwhHUi\" class=\"TYR86d zfr3Q\" style=\"box-sizing: border-box; font-variant-ligatures: none; margin-top: 6px; margin-bottom: 0px; outline: none; position: relative; text-decoration: inherit; color: rgb(33, 33, 33); font-size: 11pt; font-style: inherit; font-family: Merriweather, serif; line-height: 1.6667;\"><font style=\"vertical-align: inherit;\"><font style=\"vertical-align: inherit;\">Generosidad<\/font><\/font><\/li><li id=\"h.p_e7Wc7z4UhHUi\" class=\"TYR86d zfr3Q\" style=\"box-sizing: border-box; font-variant-ligatures: none; margin-top: 6px; margin-bottom: 0px; outline: none; position: relative; text-decoration: inherit; color: rgb(33, 33, 33); font-size: 11pt; font-style: inherit; font-family: Merriweather, serif; line-height: 1.6667;\"><font style=\"vertical-align: inherit;\"><font style=\"vertical-align: inherit;\">Honestidad<\/font><\/font><\/li><li id=\"h.p_HF1bnbmZhHUk\" class=\"TYR86d zfr3Q\" style=\"box-sizing: border-box; font-variant-ligatures: none; margin-top: 6px; margin-bottom: 0px; outline: none; position: relative; text-decoration: inherit; color: rgb(33, 33, 33); font-size: 11pt; font-style: inherit; font-family: Merriweather, serif; line-height: 1.6667;\"><font style=\"vertical-align: inherit;\"><font style=\"vertical-align: inherit;\">Amor<\/font><\/font><\/li><li id=\"h.p_FMoL4nQthHUl\" class=\"TYR86d zfr3Q\" style=\"box-sizing: border-box; font-variant-ligatures: none; margin-top: 6px; margin-bottom: 0px; outline: none; position: relative; text-decoration: inherit; color: rgb(33, 33, 33); font-size: 11pt; font-style: inherit; font-family: Merriweather, serif; line-height: 1.6667;\"><font style=\"vertical-align: inherit;\"><font style=\"vertical-align: inherit;\">Paciencia<\/font><\/font><\/li><li id=\"h.p_L-bKfDhnhHUl\" class=\"TYR86d zfr3Q\" style=\"box-sizing: border-box; font-variant-ligatures: none; margin-top: 6px; margin-bottom: 0px; outline: none; position: relative; text-decoration: inherit; color: rgb(33, 33, 33); font-size: 11pt; font-style: inherit; font-family: Merriweather, serif; line-height: 1.6667;\"><font style=\"vertical-align: inherit;\"><font style=\"vertical-align: inherit;\">Tolerancia<\/font><\/font><\/li><\/ul><\/h1>\n\n\n<ul class=\"n8H08c UVNKR\" style=\"list-style-type: square; padding-left: 20px; margin-bottom: 0px; color: rgb(0, 0, 0); font-family: sans-serif; font-size: 16px; letter-spacing: normal; white-space: pre-wrap; text-decoration-style: initial;\"><li id=\"h.p_bWhcw2Z2hHUq\" class=\"TYR86d zfr3Q\" style=\"box-sizing: border-box; font-variant-ligatures: none; margin-top: 6px; margin-bottom: 0px; outline: none; position: relative; text-decoration: inherit; color: rgb(33, 33, 33); font-size: 11pt; font-style: inherit; font-family: Merriweather, serif; line-height: 1.6667;\"><font style=\"vertical-align: inherit;\"><font style=\"vertical-align: inherit;\"><font style=\"vertical-align: inherit;\"><font style=\"vertical-align: inherit;\"><font style=\"vertical-align: inherit;\"><font style=\"vertical-align: inherit;\">Laboriosidad<\/font><\/font><\/font><\/font><\/font><\/font><\/li><li id=\"h.p_Swb6HJqdhNZ_\" class=\"TYR86d zfr3Q\" style=\"box-sizing: border-box; font-variant-ligatures: none; margin-top: 6px; margin-bottom: 0px; outline: none; position: relative; text-decoration: inherit; color: rgb(33, 33, 33); font-size: 11pt; font-style: inherit; font-family: Merriweather, serif; line-height: 1.6667;\"><font style=\"vertical-align: inherit;\"><font style=\"vertical-align: inherit;\"><font style=\"vertical-align: inherit;\"><font style=\"vertical-align: inherit;\"><font style=\"vertical-align: inherit;\"><font style=\"vertical-align: inherit;\">Altruismo<\/font><\/font><\/font><\/font><\/font><\/font><\/li><li id=\"h.p_BT4tD1P4hNj3\" class=\"TYR86d zfr3Q\" style=\"box-sizing: border-box; font-variant-ligatures: none; margin-top: 6px; margin-bottom: 0px; outline: none; position: relative; text-decoration: inherit; color: rgb(33, 33, 33); font-size: 11pt; font-style: inherit; font-family: Merriweather, serif; line-height: 1.6667;\"><font style=\"vertical-align: inherit;\"><font style=\"vertical-align: inherit;\"><font style=\"vertical-align: inherit;\"><font style=\"vertical-align: inherit;\"><font style=\"vertical-align: inherit;\"><font style=\"vertical-align: inherit;\">Autonom\u00eda<\/font><\/font><\/font><\/font><\/font><\/font><\/li><li id=\"h.p_LMXVhS_yhNj5\" class=\"TYR86d zfr3Q\" style=\"box-sizing: border-box; font-variant-ligatures: none; margin-top: 6px; margin-bottom: 0px; outline: none; position: relative; text-decoration: inherit; color: rgb(33, 33, 33); font-size: 11pt; font-style: inherit; font-family: Merriweather, serif; line-height: 1.6667;\"><font style=\"vertical-align: inherit;\"><font style=\"vertical-align: inherit;\"><font style=\"vertical-align: inherit;\"><font style=\"vertical-align: inherit;\"><font style=\"vertical-align: inherit;\"><font style=\"vertical-align: inherit;\">Cooperaci\u00f3n<\/font><\/font><\/font><\/font><\/font><\/font><\/li><li id=\"h.p__W_C2uOqhNj8\" class=\"TYR86d zfr3Q\" style=\"box-sizing: border-box; font-variant-ligatures: none; margin-top: 6px; margin-bottom: 0px; outline: none; position: relative; text-decoration: inherit; color: rgb(33, 33, 33); font-size: 11pt; font-style: inherit; font-family: Merriweather, serif; line-height: 1.6667;\"><font style=\"vertical-align: inherit;\"><font style=\"vertical-align: inherit;\"><font style=\"vertical-align: inherit;\"><font style=\"vertical-align: inherit;\"><font style=\"vertical-align: inherit;\"><font style=\"vertical-align: inherit;\">Compromiso<\/font><\/font><\/font><\/font><\/font><\/font><\/li><li id=\"h.p_p4k4TPlPhNj9\" class=\"TYR86d zfr3Q\" style=\"box-sizing: border-box; font-variant-ligatures: none; margin-top: 6px; margin-bottom: 0px; outline: none; position: relative; text-decoration: inherit; color: rgb(33, 33, 33); font-size: 11pt; font-style: inherit; font-family: Merriweather, serif; line-height: 1.6667;\"><font style=\"vertical-align: inherit;\"><font style=\"vertical-align: inherit;\"><font style=\"vertical-align: inherit;\"><font style=\"vertical-align: inherit;\"><font style=\"vertical-align: inherit;\"><font style=\"vertical-align: inherit;\">Empat\u00eda<\/font><\/font><\/font><\/font><\/font><\/font><\/li><li id=\"h.p_DQ_KkzdLhNkA\" class=\"TYR86d zfr3Q\" style=\"box-sizing: border-box; font-variant-ligatures: none; margin-top: 6px; margin-bottom: 0px; outline: none; position: relative; text-decoration: inherit; color: rgb(33, 33, 33); font-size: 11pt; font-style: inherit; font-family: Merriweather, serif; line-height: 1.6667;\"><font style=\"vertical-align: inherit;\"><font style=\"vertical-align: inherit;\"><font style=\"vertical-align: inherit;\"><font style=\"vertical-align: inherit;\"><font style=\"vertical-align: inherit;\"><font style=\"vertical-align: inherit;\">Fortaleza<\/font><\/font><\/font><\/font><\/font><\/font><\/li><li id=\"h.p_pDglP1I8hNkB\" class=\"TYR86d zfr3Q\" style=\"box-sizing: border-box; font-variant-ligatures: none; margin-top: 6px; margin-bottom: 0px; outline: none; position: relative; text-decoration: inherit; color: rgb(33, 33, 33); font-size: 11pt; font-style: inherit; font-family: Merriweather, serif; line-height: 1.6667;\"><font style=\"vertical-align: inherit;\"><font style=\"vertical-align: inherit;\"><font style=\"vertical-align: inherit;\"><font style=\"vertical-align: inherit;\"><font style=\"vertical-align: inherit;\"><font style=\"vertical-align: inherit;\">Bondad<\/font><\/font><\/font><\/font><\/font><\/font><\/li><li id=\"h.p_82_HekeLhNkW\" class=\"TYR86d zfr3Q\" style=\"box-sizing: border-box; font-variant-ligatures: none; margin-top: 6px; margin-bottom: 0px; outline: none; position: relative; text-decoration: inherit; color: rgb(33, 33, 33); font-size: 11pt; font-style: inherit; font-family: Merriweather, serif; line-height: 1.6667;\"><font style=\"vertical-align: inherit;\"><font style=\"vertical-align: inherit;\"><font style=\"vertical-align: inherit;\"><font style=\"vertical-align: inherit;\"><font style=\"vertical-align: inherit;\"><font style=\"vertical-align: inherit;\">Integridad<\/font><\/font><\/font><\/font><\/font><\/font><\/li><li id=\"h.p_1lkn_xgJhNkX\" class=\"TYR86d zfr3Q\" style=\"box-sizing: border-box; font-variant-ligatures: none; margin-top: 6px; margin-bottom: 0px; outline: none; position: relative; text-decoration: inherit; color: rgb(33, 33, 33); font-size: 11pt; font-style: inherit; font-family: Merriweather, serif; line-height: 1.6667;\"><font style=\"vertical-align: inherit;\"><font style=\"vertical-align: inherit;\"><font style=\"vertical-align: inherit;\"><font style=\"vertical-align: inherit;\"><font style=\"vertical-align: inherit;\"><font style=\"vertical-align: inherit;\">Optimismo<\/font><\/font><\/font><\/font><\/font><\/font><\/li><li id=\"h.p_M9anbXC5hNka\" class=\"TYR86d zfr3Q\" style=\"box-sizing: border-box; font-variant-ligatures: none; margin-top: 6px; margin-bottom: 0px; outline: none; position: relative; text-decoration: inherit; color: rgb(33, 33, 33); font-size: 11pt; font-style: inherit; font-family: Merriweather, serif; line-height: 1.6667;\"><font style=\"vertical-align: inherit;\"><font style=\"vertical-align: inherit;\"><font style=\"vertical-align: inherit;\"><font style=\"vertical-align: inherit;\"><font style=\"vertical-align: inherit;\"><font style=\"vertical-align: inherit;\">Perseverancia<\/font><\/font><\/font><\/font><\/font><\/font><\/li><li id=\"h.p_M9anbXC5hNka\" class=\"TYR86d zfr3Q\" style=\"box-sizing: border-box; font-variant-ligatures: none; margin-top: 6px; margin-bottom: 0px; outline: none; position: relative; text-decoration: inherit; color: rgb(33, 33, 33); font-size: 11pt; font-style: inherit; font-family: Merriweather, serif; line-height: 1.6667;\"><font style=\"vertical-align: inherit;\"><font style=\"vertical-align: inherit;\">Orden<\/font><\/font><\/li><\/ul>\n\n\n","protected":false},"excerpt":{"rendered":"","protected":false},"author":1,"featured_media":0,"parent":0,"menu_order":0,"comment_status":"closed","ping_status":"closed","template":"","meta":{"pagelayer_contact_templates":[],"_pagelayer_content":"","footnotes":""},"class_list":["post-240","page","type-page","status-publish","hentry"],"_links":{"self":[{"href":"https:\/\/nashvilleschool.edu.hn\/nsv\/web\/wp-json\/wp\/v2\/pages\/240","targetHints":{"allow":["GET"]}}],"collection":[{"href":"https:\/\/nashvilleschool.edu.hn\/nsv\/web\/wp-json\/wp\/v2\/pages"}],"about":[{"href":"https:\/\/nashvilleschool.edu.hn\/nsv\/web\/wp-json\/wp\/v2\/types\/page"}],"author":[{"embeddable":true,"href":"https:\/\/nashvilleschool.edu.hn\/nsv\/web\/wp-json\/wp\/v2\/users\/1"}],"replies":[{"embeddable":true,"href":"https:\/\/nashvilleschool.edu.hn\/nsv\/web\/wp-json\/wp\/v2\/comments?post=240"}],"version-history":[{"count":34,"href":"https:\/\/nashvilleschool.edu.hn\/nsv\/web\/wp-json\/wp\/v2\/pages\/240\/revisions"}],"predecessor-version":[{"id":1468,"href":"https:\/\/nashvilleschool.edu.hn\/nsv\/web\/wp-json\/wp\/v2\/pages\/240\/revisions\/1468"}],"wp:attachment":[{"href":"https:\/\/nashvilleschool.edu.hn\/nsv\/web\/wp-json\/wp\/v2\/media?parent=240"}],"curies":[{"name":"wp","href":"https:\/\/api.w.org\/{rel}","templated":true}]}}