{"id":1483,"date":"2023-03-23T04:02:06","date_gmt":"2023-03-23T04:02:06","guid":{"rendered":"https:\/\/nashvilleschool.edu.hn\/nsv\/web\/?page_id=1483"},"modified":"2023-04-27T15:19:03","modified_gmt":"2023-04-27T15:19:03","slug":"clases-de-artes-marciales-yudo","status":"publish","type":"page","link":"https:\/\/nashvilleschool.edu.hn\/nsv\/web\/clases-de-artes-marciales-yudo\/","title":{"rendered":"Clases de Artes Marciales Yudo"},"content":{"rendered":"\n\n\n\n\n\n\n\n\n\n\n<span style=\"font-size: medium;\"><span style=\"font-size:small;\">Nashville Valle de \u00c1ngeles tiene incorporado Judo como clase con el fin de incentivar a los estudiantes el amor hacia este arte marcial donde se adquieren diferentes t\u00e9cnicas y habilidades no solo f\u00edsicas sino que mentales,&nbsp; algunas de ellas: Fuerza, equilibrio, interacci\u00f3n social, entre otras. Por otra parte se busca incentivar a unirse al club de JUDO que realiza sus pr\u00e1cticas los s\u00e1bados<\/span>.<\/span>\n\n\n\n\n\n\n\n<h2>Club de Judo<\/h2>\n\n\n\n\n\n\n\n\n\n\n\n\n\n\n\n\n\n\n\n\n\n\n\n\n\n\n\n\n\n\n\n\n\n\n\n\n\n\n\n\n\n\n\n\n\n\n\n\n\n\n\n\n\n\n\n\n","protected":false},"excerpt":{"rendered":"","protected":false},"author":1,"featured_media":0,"parent":0,"menu_order":0,"comment_status":"closed","ping_status":"closed","template":"","meta":{"pagelayer_contact_templates":[],"_pagelayer_content":"","footnotes":""},"class_list":["post-1483","page","type-page","status-publish","hentry"],"_links":{"self":[{"href":"https:\/\/nashvilleschool.edu.hn\/nsv\/web\/wp-json\/wp\/v2\/pages\/1483","targetHints":{"allow":["GET"]}}],"collection":[{"href":"https:\/\/nashvilleschool.edu.hn\/nsv\/web\/wp-json\/wp\/v2\/pages"}],"about":[{"href":"https:\/\/nashvilleschool.edu.hn\/nsv\/web\/wp-json\/wp\/v2\/types\/page"}],"author":[{"embeddable":true,"href":"https:\/\/nashvilleschool.edu.hn\/nsv\/web\/wp-json\/wp\/v2\/users\/1"}],"replies":[{"embeddable":true,"href":"https:\/\/nashvilleschool.edu.hn\/nsv\/web\/wp-json\/wp\/v2\/comments?post=1483"}],"version-history":[{"count":35,"href":"https:\/\/nashvilleschool.edu.hn\/nsv\/web\/wp-json\/wp\/v2\/pages\/1483\/revisions"}],"predecessor-version":[{"id":1727,"href":"https:\/\/nashvilleschool.edu.hn\/nsv\/web\/wp-json\/wp\/v2\/pages\/1483\/revisions\/1727"}],"wp:attachment":[{"href":"https:\/\/nashvilleschool.edu.hn\/nsv\/web\/wp-json\/wp\/v2\/media?parent=1483"}],"curies":[{"name":"wp","href":"https:\/\/api.w.org\/{rel}","templated":true}]}}