{"id":1300,"date":"2023-03-16T00:53:26","date_gmt":"2023-03-16T00:53:26","guid":{"rendered":"https:\/\/nashvilleschool.edu.hn\/nsv\/web\/?page_id=1300"},"modified":"2023-04-27T15:24:45","modified_gmt":"2023-04-27T15:24:45","slug":"guia-2","status":"publish","type":"page","link":"https:\/\/nashvilleschool.edu.hn\/nsv\/web\/guia-2\/","title":{"rendered":"NUTRINFORMATE"},"content":{"rendered":"\n\n\n\n\n<p class=\"has-text-color\" style=\"color: rgb(18, 67, 18); font-size: medium;\">Bienvenido a nutrinformate donde podr\u00e1s enterarte de datos relevantes y \u00fatiles que debes tener en cuenta en cuanto a educaci\u00f3n biling\u00fce que facilitar\u00e1n la aclaraci\u00f3n de dudas.<\/p>\n\n\n\n\n\n\n\n<p>\u00a1LEAMOS JUNTOS!<\/p>\n\n\n\n\n<p style=\"text-align: left;\"><span style=\"text-align: center;\"><font color=\"#ffffff\">La educaci\u00f3n biling\u00fce cambia la mentalidad de cada estudiante y expande las posibilidades de mayor \u00e9xito en su futuro profesional.&nbsp;<\/font><\/span><\/p><span style=\"color: rgb(255, 255, 255);\"><br><\/span><p style=\"text-align: center;\"><br><\/p>\n\n\n\n\n<p style=\"text-align: left;\"><span style=\"text-align: center;\"><font color=\"#ffffff\">La elecci\u00f3n de una escuela biling\u00fce es importante porque puede tener un impacto significativo en el desarrollo acad\u00e9mico, social y cultural de tu hijo. Haz Aqu\u00ed hay algunas razones por las que es importante elegir bien una escuela biling\u00fce.<\/font><\/span><\/p>\n\n\n\n\n<p style=\"color: rgb(0, 97, 0);\">\u00a1LEAMOS JUNTOS!<\/p>\n\n\n","protected":false},"excerpt":{"rendered":"","protected":false},"author":1,"featured_media":0,"parent":0,"menu_order":0,"comment_status":"closed","ping_status":"closed","template":"","meta":{"pagelayer_contact_templates":[],"_pagelayer_content":"","footnotes":""},"class_list":["post-1300","page","type-page","status-publish","hentry"],"_links":{"self":[{"href":"https:\/\/nashvilleschool.edu.hn\/nsv\/web\/wp-json\/wp\/v2\/pages\/1300","targetHints":{"allow":["GET"]}}],"collection":[{"href":"https:\/\/nashvilleschool.edu.hn\/nsv\/web\/wp-json\/wp\/v2\/pages"}],"about":[{"href":"https:\/\/nashvilleschool.edu.hn\/nsv\/web\/wp-json\/wp\/v2\/types\/page"}],"author":[{"embeddable":true,"href":"https:\/\/nashvilleschool.edu.hn\/nsv\/web\/wp-json\/wp\/v2\/users\/1"}],"replies":[{"embeddable":true,"href":"https:\/\/nashvilleschool.edu.hn\/nsv\/web\/wp-json\/wp\/v2\/comments?post=1300"}],"version-history":[{"count":19,"href":"https:\/\/nashvilleschool.edu.hn\/nsv\/web\/wp-json\/wp\/v2\/pages\/1300\/revisions"}],"predecessor-version":[{"id":1394,"href":"https:\/\/nashvilleschool.edu.hn\/nsv\/web\/wp-json\/wp\/v2\/pages\/1300\/revisions\/1394"}],"wp:attachment":[{"href":"https:\/\/nashvilleschool.edu.hn\/nsv\/web\/wp-json\/wp\/v2\/media?parent=1300"}],"curies":[{"name":"wp","href":"https:\/\/api.w.org\/{rel}","templated":true}]}}